{"id":1483,"date":"2018-01-15T09:19:00","date_gmt":"2018-01-15T07:19:00","guid":{"rendered":"https:\/\/www.arcdia.com\/?page_id=1483"},"modified":"2025-11-24T12:30:12","modified_gmt":"2025-11-24T10:30:12","slug":"maripoc","status":"publish","type":"page","link":"https:\/\/www.arcdia.com\/fi\/maripoc\/","title":{"rendered":"mariPOC\u00ae"},"content":{"rendered":"\n\n\t\t\t\t<img decoding=\"async\" src=\"https:\/\/www.arcdia.com\/wp-content\/uploads\/2019\/02\/maripoc-banner-picture-with-kids-smiling.webp\" alt=\"\" itemprop=\"image\" onerror=\"this.style.display='none'\" loading=\"lazy\" \/>\n\t<div class=\"menu-paavalikko-container\"><ul id=\"arcdia-sivulinkit\" class=\"sivupalkinlinkit\"><li id=\"menu-item-1600\" class=\"menu-item menu-item-type-post_type menu-item-object-page menu-item-has-children menu-item-1600\"><a href=\"https:\/\/www.arcdia.com\/fi\/maripoc\/testit\/\">Testit\u00a0<\/a>\n<ul class=\"sub-menu\">\n\t<li id=\"menu-item-6255\" class=\"menu-item menu-item-type-post_type menu-item-object-page menu-item-6255\"><a href=\"https:\/\/www.arcdia.com\/fi\/maripoc\/testit\/covid-19-testit\/\">COVID-19-testit<\/a><\/li>\n\t<li id=\"menu-item-1599\" class=\"menu-item menu-item-type-post_type menu-item-object-page menu-item-1599\"><a href=\"https:\/\/www.arcdia.com\/fi\/maripoc\/testit\/respi-testit\/\">Respi-testi<\/a><\/li>\n\t<li id=\"menu-item-1784\" class=\"menu-item menu-item-type-post_type menu-item-object-page menu-item-1784\"><a href=\"https:\/\/www.arcdia.com\/fi\/maripoc\/testit\/pharyn-testi\/\">Pharyn-testi<\/a><\/li>\n\t<li id=\"menu-item-1785\" class=\"menu-item menu-item-type-post_type menu-item-object-page menu-item-1785\"><a href=\"https:\/\/www.arcdia.com\/fi\/maripoc\/testit\/quick-strepa-testi\/\">Quick StrepA -testi<\/a><\/li>\n\t<li id=\"menu-item-1601\" class=\"menu-item menu-item-type-post_type menu-item-object-page menu-item-1601\"><a href=\"https:\/\/www.arcdia.com\/fi\/maripoc\/testit\/quick-flu-testit\/\">Quick Flu -testit<\/a><\/li>\n\t<li id=\"menu-item-1782\" class=\"menu-item menu-item-type-post_type menu-item-object-page menu-item-1782\"><a href=\"https:\/\/www.arcdia.com\/fi\/maripoc\/testit\/cdi-testi\/\">CDI-testi<\/a><\/li>\n\t<li id=\"menu-item-1783\" class=\"menu-item menu-item-type-post_type menu-item-object-page menu-item-1783\"><a href=\"https:\/\/www.arcdia.com\/fi\/maripoc\/testit\/gastro-testi\/\">Gastro-testi<\/a><\/li>\n<\/ul>\n<\/li>\n<li id=\"menu-item-1986\" class=\"menu-item menu-item-type-post_type menu-item-object-page menu-item-1986\"><a href=\"https:\/\/www.arcdia.com\/fi\/maripoc\/tuotteet\/\">Tuotteet<\/a><\/li>\n<li id=\"menu-item-1724\" class=\"menu-item menu-item-type-post_type menu-item-object-page menu-item-1724\"><a href=\"https:\/\/www.arcdia.com\/fi\/maripoc\/suorituskyky\/\">Suorituskyky<\/a><\/li>\n<li id=\"menu-item-1725\" class=\"menu-item menu-item-type-post_type menu-item-object-page menu-item-1725\"><a href=\"https:\/\/www.arcdia.com\/fi\/maripoc\/naytteenotto\/\">N\u00e4ytteenotto<\/a><\/li>\n<li id=\"menu-item-1751\" class=\"menu-item menu-item-type-post_type menu-item-object-page menu-item-1751\"><a href=\"https:\/\/www.arcdia.com\/fi\/tilaukset\/\">Tilaukset<\/a><\/li>\n<li id=\"menu-item-5535\" class=\"menu-item menu-item-type-post_type menu-item-object-page menu-item-5535\"><a href=\"https:\/\/www.arcdia.com\/fi\/maripoc\/potilaiden-ja-kayttajien-kokemuksia\/\">Potilaiden ja k\u00e4ytt\u00e4jien kokemuksia<\/a><\/li>\n<li id=\"menu-item-1752\" class=\"menu-item menu-item-type-post_type menu-item-object-page menu-item-has-children menu-item-1752\"><a href=\"https:\/\/www.arcdia.com\/fi\/maripoc\/kirjallisuus\/\">Kirjallisuus<\/a>\n<ul class=\"sub-menu\">\n\t<li id=\"menu-item-1750\" class=\"menu-item menu-item-type-post_type menu-item-object-page menu-item-1750\"><a href=\"https:\/\/www.arcdia.com\/fi\/maripoc\/kirjallisuus\/tuote-esitteet\/\">Tuote-esitteet<\/a><\/li>\n\t<li id=\"menu-item-4375\" class=\"menu-item menu-item-type-post_type menu-item-object-page menu-item-4375\"><a href=\"https:\/\/www.arcdia.com\/fi\/maripoc\/kirjallisuus\/hengitystieinfektiot\/\">Hengitystieinfektiot<\/a><\/li>\n\t<li id=\"menu-item-4379\" class=\"menu-item menu-item-type-post_type menu-item-object-page menu-item-4379\"><a href=\"https:\/\/www.arcdia.com\/fi\/maripoc\/kirjallisuus\/suolistoinfektiot\/\">Suolistoinfektiot<\/a><\/li>\n<\/ul>\n<\/li>\n<\/ul><\/div>\n<h1>\n\t\t\tmariPOC\u00ae-testij\u00e4rjestelm\u00e4 korvaa perinteiset pika- ja laboratoriotestit\t<\/h1>\n\t<p>Kotimainen mariPOC\u00ae-testij\u00e4rjestelm\u00e4 mahdollistaa <strong>nopean ja tarkan diagnoosin<\/strong> akuuteissa infektiotaudeissa. Laajat testipaneelit mahdollistavat usean taudinaiheuttajan tunnistuksen samalla kertaa. mariPOC-testit eiv\u00e4t vaadi verin\u00e4ytteen ottamista.<\/p>\n<p>Automatisoitu testij\u00e4rjestelm\u00e4 tarjoaa keskuslaboratoriotasoisen tarkkuuden vieritestaukseen. mariPOC on <strong>herkempi ja spesifisempi kuin perinteinen tikkupikatestaus<\/strong> ja se tarjoaa korkean <a href=\"https:\/\/www.arcdia.com\/fi\/maripoc\/suorituskyky\/\">suorituskyvyn<\/a> pikatestauksessa. Tulosten luotettavuus varmistetaan testij\u00e4rjestelm\u00e4n automaattisen laaduntarkkailun avulla. Testireagensseja on saatavilla erilaisilla kombinaatioilla, mik\u00e4 mahdollistaa sopivat ratkaisut erilaisiin tarpeisiin. <strong>Kaikki testit ovat IVD CE -merkittyj\u00e4<\/strong>. Lue lis\u00e4\u00e4 eri mariPOC-testeist\u00e4 <a href=\"https:\/\/www.arcdia.com\/fi\/maripoc\/testit\/\">t\u00e4\u00e4lt\u00e4<\/a>.<\/p>\n\t\t<iframe title=\"mariPOC\u00ae by ArcDia\" width=\"640\" height=\"360\" src=\"https:\/\/www.youtube.com\/embed\/HghRfXY7mBg?feature=oembed\" frameborder=\"0\" allow=\"accelerometer; autoplay; clipboard-write; encrypted-media; gyroscope; picture-in-picture; web-share\" referrerpolicy=\"strict-origin-when-cross-origin\" allowfullscreen><\/iframe>\t\n\t\t\t\t<img decoding=\"async\" src=\"https:\/\/www.arcdia.com\/wp-content\/uploads\/2020\/05\/FI-Diagram-mariPOC-assets-1.png\" alt=\"FI-Diagram-mariPOC-assets\" itemprop=\"image\" height=\"1386\" width=\"2000\" title=\"FI-Diagram-mariPOC-assets\" onerror=\"this.style.display='none'\" loading=\"lazy\" \/>\n<h2>\n\t\t\tNopea diagnoosi helposti\t<\/h2>\n\t<p>mariPOCilla saat tulokset nopeasti. Quick-sarjan testeill\u00e4 tulokset raportoidaan jo 15-20 minuutissa. A-ryhm\u00e4n streptokokille viljely\u00e4 vastaava tulos raportoidaan 15 minuutissa ja viljely\u00e4 herkempi testitulos alle tunnissa. Muilla testeill\u00e4 alustavat tulokset saadaan 15-20 minuutissa ja lopulliset tulokset 1-2 tunnissa. Jopa 90 % viruspositiivisista n\u00e4ytteist\u00e4 raportoidaan jo alustavassa vaiheessa.<\/p>\n<p>Testij\u00e4rjestelm\u00e4 on helppok\u00e4ytt\u00f6inen, eik\u00e4 erillist\u00e4 laboratoriokoulutusta vaadita. Intuitiivinen k\u00e4ytt\u00f6liittym\u00e4 n\u00e4ytt\u00e4\u00e4 automaattisen mittauksen tulokset yksiselitteisesti, joten k\u00e4ytt\u00e4j\u00e4n ei tarvitse tulkita tuloksia. J\u00e4rjestelm\u00e4 mahdollistaa my\u00f6s yhteyden laboratoriotietoj\u00e4rjestelmiin (LIS), mik\u00e4 nopeuttaa k\u00e4ytt\u00f6\u00e4 sek\u00e4 v\u00e4hent\u00e4\u00e4 inhimillisi\u00e4 virheit\u00e4.<\/p>\n\t\t\t\t<img decoding=\"async\" src=\"https:\/\/www.arcdia.com\/wp-content\/uploads\/2022\/03\/workflow-blue-and-white.png\" alt=\"mariPOC workflow\" itemprop=\"image\" height=\"1296\" width=\"3488\" title=\"mariPOC workflow\" onerror=\"this.style.display='none'\" loading=\"lazy\" \/>\n<h2>\n\t\t\tmariPOC\u00ae havaitsee yleisimm\u00e4t akuutteja infektioita aiheuttavat virukset ja bakteerit\t<\/h2>\n\t<p>Akuuteille infektiotaudeille, kuten influenssalle ja COVID-19:lle, on tyypillist\u00e4, ett\u00e4 taudinaiheuttajaa ei voida diagnosoida luotettavasti pelkkien oireiden perusteella. Edes eroa bakteeri- ja virustautien v\u00e4lill\u00e4, eli tarkkaa p\u00e4\u00e4t\u00f6st\u00e4 antibioottihoidosta, ei pysty tekem\u00e4\u00e4n ilman laboratoriotestausta. Samanlaisia oireita aiheuttavia mikrobeja on kymmeni\u00e4. T\u00e4st\u00e4 syyst\u00e4 tarkan diagnoosin tekemiseksi ja sopivan hoidon aloittamiseksi tai turhan hoidon v\u00e4ltt\u00e4miseksi potilaasta tulee testata useita taudinaiheuttajia yhdell\u00e4 kertaa.<\/p>\n\t\t\t\t<img decoding=\"async\" src=\"https:\/\/www.arcdia.com\/wp-content\/uploads\/2022\/04\/laboratoriotestauksen-hyodyt-kuvaaja-2.png\" alt=\"Laboratoriotestauksen hy\u00f6dyt kuvaaja\" itemprop=\"image\" height=\"1080\" width=\"1920\" title=\"laboratoriotestauksen-hyodyt-kuvaaja-2\" onerror=\"this.style.display='none'\" loading=\"lazy\" \/>\n<h2>\n\t\t\tMeid\u00e4n asiakkaamme\t<\/h2>\n\t<p>mariPOC\u00ae-testij\u00e4rjestelm\u00e4 on k\u00e4yt\u00f6ss\u00e4 julkisen terveydenhuollon lis\u00e4ksi muun muassa seuraavilla yksityisill\u00e4 terveysasemilla:<\/p>\n\t\n<table id=\"tablepress-6\" class=\"tablepress tablepress-id-6\">\n<thead>\n<tr class=\"row-1\">\n\t<th colspan=\"5\" class=\"column-1\">Meid\u00e4n asiakkaamme<\/th>\n<\/tr>\n<\/thead>\n<tbody class=\"row-striping row-hover\">\n<tr class=\"row-2\">\n\t<td class=\"column-1\"><a href=\"https:\/\/www.mehilainen.fi\/laboratorio\/flunssatestit\" target=\"_blank\" rel=\"noopener\"><img decoding=\"async\" src=\"https:\/\/www.arcdia.com\/wp-content\/uploads\/2022\/01\/Mehilainen-logo.jpg\" alt=\"Mehil\u00e4inen logo\" width=\"186\" height=\"31\" class=\"alignnone size-full wp-image-8068\" srcset=\"https:\/\/www.arcdia.com\/wp-content\/uploads\/2022\/01\/Mehilainen-logo.jpg 186w, https:\/\/www.arcdia.com\/wp-content\/uploads\/2022\/01\/Mehilainen-logo-150x25.jpg 150w\" sizes=\"(max-width: 186px) 100vw, 186px\" \/><br \/>\n<\/a><\/td><td class=\"column-2\"><a href=\"https:\/\/www.aava.fi\" target=\"_blank\" rel=\"noopener\"><img decoding=\"async\" src=\"https:\/\/www.arcdia.com\/wp-content\/uploads\/2022\/01\/Aava-logo.jpg\" alt=\"L\u00e4\u00e4k\u00e4rikeskus Aava logo\" width=\"200\" height=\"45\" class=\"alignnone size-full wp-image-8072\" \/><\/a><\/td><td class=\"column-3\"><a href=\"https:\/\/pikkujatti.fi\/\" target=\"_blank\" rel=\"noopener\"><img decoding=\"async\" src=\"https:\/\/www.arcdia.com\/wp-content\/uploads\/2022\/01\/pikkujatti-logo-300x88.png\" alt=\"pikkujatti logo\" width=\"200\" height=\"46\" class=\"alignnone size-medium wp-image-8074\" \/><\/a><\/td><td class=\"column-4\"><a href=\"https:\/\/www.pihlajalinna.fi\/\" target=\"_blank\" rel=\"noopener\"><img decoding=\"async\" src=\"https:\/\/www.arcdia.com\/wp-content\/uploads\/2025\/10\/pihlajalinna_logo_vaaka_rbg.jpg\" alt=\"pikkujatti logo\" width=\"200\" height=\"46\" class=\"alignnone size-medium wp-image-8074\" \/><\/a><\/td><td class=\"column-5\"><a href=\"https:\/\/www.arcdia.com\/wp-content\/uploads\/2023\/04\/kauniaisten-apteeki.png\" alt=\"kauniaisten apteeki logo\" width=\"200\" height=\"46\" class=\"alignnone size-medium wp-image-8074\"><\/a><\/td>\n<\/tr>\n<tr class=\"row-3\">\n\t<td class=\"column-1\">Espoo Lepp\u00e4vaara<\/td><td class=\"column-2\">Espoo Tapiola<\/td><td class=\"column-3\">Espoo Tapiola<\/td><td class=\"column-4\">Helsinki Dextra Munkkivuori<\/td><td class=\"column-5\"><a href=\"https:\/\/www.arcdia.com\/wp-content\/uploads\/2023\/04\/logo-color.png\" alt=\"kauniaisten apteeki logo\" width=\"200\" height=\"46\" class=\"alignnone size-medium wp-image-8074\"><\/a><\/td>\n<\/tr>\n<tr class=\"row-4\">\n\t<td class=\"column-1\">Espoo Tapiola<\/td><td class=\"column-2\">Helsinki It\u00e4keskus<\/td><td class=\"column-3\">Helsinki It\u00e4keskus<\/td><td class=\"column-4\">Tampere Koskiklinikka<\/td><td class=\"column-5\"><\/td>\n<\/tr>\n<tr class=\"row-5\">\n\t<td class=\"column-1\">Helsinki It\u00e4keskus<\/td><td class=\"column-2\">Helsinki Kamppi<\/td><td class=\"column-3\">Helsinki Kamppi<\/td><td class=\"column-4\">Turku keskusta<\/td><td class=\"column-5\"><\/td>\n<\/tr>\n<tr class=\"row-6\">\n\t<td class=\"column-1\">Helsinki T\u00f6\u00f6l\u00f6<\/td><td class=\"column-2\">Helsinki Pasila<\/td><td class=\"column-3\">Hyvink\u00e4\u00e4<\/td><td class=\"column-4\">Turku Kupittaa<\/td><td class=\"column-5\"><\/td>\n<\/tr>\n<tr class=\"row-7\">\n\t<td class=\"column-1\">Helsinki Ympyr\u00e4talo<\/td><td class=\"column-2\">Hyvink\u00e4\u00e4<\/td><td class=\"column-3\">J\u00e4rvenp\u00e4\u00e4<\/td><td class=\"column-4\"><\/td><td class=\"column-5\"><\/td>\n<\/tr>\n<tr class=\"row-8\">\n\t<td class=\"column-1\">H\u00e4meenlinna<\/td><td class=\"column-2\">J\u00e4rvenp\u00e4\u00e4<\/td><td class=\"column-3\">Kerava<\/td><td class=\"column-4\"><\/td><td class=\"column-5\"><\/td>\n<\/tr>\n<tr class=\"row-9\">\n\t<td class=\"column-1\">Jyv\u00e4skyl\u00e4<\/td><td class=\"column-2\">Kerava<\/td><td class=\"column-3\">Kuopio<\/td><td class=\"column-4\"><\/td><td class=\"column-5\"><\/td>\n<\/tr>\n<tr class=\"row-10\">\n\t<td class=\"column-1\">Kuopio<\/td><td class=\"column-2\">Kuopio<\/td><td class=\"column-3\">Oulu<\/td><td class=\"column-4\"><\/td><td class=\"column-5\"><\/td>\n<\/tr>\n<tr class=\"row-11\">\n\t<td class=\"column-1\">Lahti<\/td><td class=\"column-2\">Oulu<\/td><td class=\"column-3\">Tampere Ratina<\/td><td class=\"column-4\"><\/td><td class=\"column-5\"><\/td>\n<\/tr>\n<tr class=\"row-12\">\n\t<td class=\"column-1\">Oulu<\/td><td class=\"column-2\">Tampere Ratina<\/td><td class=\"column-3\">Vantaa Myyrm\u00e4ki<\/td><td class=\"column-4\"><\/td><td class=\"column-5\"><\/td>\n<\/tr>\n<tr class=\"row-13\">\n\t<td class=\"column-1\">Pori<\/td><td class=\"column-2\">Turku Hansa<\/td><td class=\"column-3\"><\/td><td class=\"column-4\"><\/td><td class=\"column-5\"><\/td>\n<\/tr>\n<tr class=\"row-14\">\n\t<td class=\"column-1\">Porvoon L\u00e4\u00e4k\u00e4rikeskus<\/td><td class=\"column-2\">Vantaa Aviapolis<\/td><td class=\"column-3\"><\/td><td class=\"column-4\"><\/td><td class=\"column-5\"><\/td>\n<\/tr>\n<tr class=\"row-15\">\n\t<td class=\"column-1\">Salo<\/td><td class=\"column-2\">Vantaa Myyrm\u00e4ki<\/td><td class=\"column-3\"><\/td><td class=\"column-4\"><\/td><td class=\"column-5\"><\/td>\n<\/tr>\n<tr class=\"row-16\">\n\t<td class=\"column-1\">Tampere Finlayson<\/td><td class=\"column-2\"><\/td><td class=\"column-3\"><\/td><td class=\"column-4\"><\/td><td class=\"column-5\"><\/td>\n<\/tr>\n<tr class=\"row-17\">\n\t<td class=\"column-1\">Turku Kauppiaskatu<\/td><td class=\"column-2\"><\/td><td class=\"column-3\"><\/td><td class=\"column-4\"><\/td><td class=\"column-5\"><\/td>\n<\/tr>\n<tr class=\"row-18\">\n\t<td class=\"column-1\">Vaasa<\/td><td class=\"column-2\"><\/td><td class=\"column-3\"><\/td><td class=\"column-4\"><\/td><td class=\"column-5\"><\/td>\n<\/tr>\n<tr class=\"row-19\">\n\t<td class=\"column-1\">Vantaa Tikkurila<\/td><td class=\"column-2\"><\/td><td class=\"column-3\"><\/td><td class=\"column-4\"><\/td><td class=\"column-5\"><\/td>\n<\/tr>\n<\/tbody>\n<\/table>\n<!-- #tablepress-6 from cache -->\n\t\t\t\t<a href=\"https:\/\/www.flunssapiste.fi\/\" target=\"_self\" itemprop=\"url\" rel=\"noopener\">\n\t\t\t\t<img decoding=\"async\" src=\"https:\/\/www.arcdia.com\/wp-content\/uploads\/2023\/04\/logo-color.png\" alt=\"Logo color\" itemprop=\"image\" height=\"1004\" width=\"2476\" title=\"Logo color\" onerror=\"this.style.display='none'\" loading=\"lazy\" \/>\n\t\t\t\t<\/a>\n\t\t\t\t<img decoding=\"async\" src=\"https:\/\/www.arcdia.com\/wp-content\/uploads\/2025\/11\/apteekin-terveyspiste-logo.png\" alt=\"Apteekin terveyspiste logo\" itemprop=\"image\" height=\"1000\" width=\"1000\" title=\"Apteekin terveyspiste logo\" onerror=\"this.style.display='none'\" loading=\"lazy\" \/>\n\t\t\t\t<a href=\"https:\/\/www.apteekkisydan.fi\/fi\/naantalin-sydan\" target=\"_self\" itemprop=\"url\" rel=\"noopener\">\n\t\t\t\t<img decoding=\"async\" src=\"https:\/\/www.arcdia.com\/wp-content\/uploads\/2024\/08\/taustaton_logo-300x195.png\" alt=\"taustaton_logo\" itemprop=\"image\" height=\"195\" width=\"300\" title=\"taustaton_logo\" onerror=\"this.style.display='none'\" loading=\"lazy\" \/>\n\t\t\t\t<\/a>\n\t\t\t\t<img decoding=\"async\" src=\"https:\/\/www.arcdia.com\/wp-content\/plugins\/bb-plugin\/img\/pixel.png\" alt=\"\" itemprop=\"image\" onerror=\"this.style.display='none'\" loading=\"lazy\" \/>\n\n","protected":false},"excerpt":{"rendered":"<p>mariPOC\u00ae-testij\u00e4rjestelm\u00e4 korvaa perinteiset pika- ja laboratoriotestit Kotimainen mariPOC\u00ae-testij\u00e4rjestelm\u00e4 mahdollistaa nopean ja tarkan diagnoosin akuuteissa infektiotaudeissa. Laajat testipaneelit mahdollistavat usean taudinaiheuttajan tunnistuksen samalla kertaa. mariPOC-testit eiv\u00e4t vaadi verin\u00e4ytteen ottamista. Automatisoitu testij\u00e4rjestelm\u00e4 tarjoaa keskuslaboratoriotasoisen tarkkuuden vieritestaukseen. mariPOC on herkempi ja spesifisempi kuin perinteinen tikkupikatestaus ja se tarjoaa korkean suorituskyvyn pikatestauksessa. Tulosten luotettavuus varmistetaan testij\u00e4rjestelm\u00e4n automaattisen laaduntarkkailun avulla. [&hellip;]<\/p>\n","protected":false},"author":1,"featured_media":0,"parent":0,"menu_order":1,"comment_status":"closed","ping_status":"closed","template":"","meta":{"_acf_changed":false,"footnotes":""},"class_list":["post-1483","page","type-page","status-publish","hentry"],"acf":[],"_links":{"self":[{"href":"https:\/\/www.arcdia.com\/fi\/wp-json\/wp\/v2\/pages\/1483","targetHints":{"allow":["GET"]}}],"collection":[{"href":"https:\/\/www.arcdia.com\/fi\/wp-json\/wp\/v2\/pages"}],"about":[{"href":"https:\/\/www.arcdia.com\/fi\/wp-json\/wp\/v2\/types\/page"}],"author":[{"embeddable":true,"href":"https:\/\/www.arcdia.com\/fi\/wp-json\/wp\/v2\/users\/1"}],"replies":[{"embeddable":true,"href":"https:\/\/www.arcdia.com\/fi\/wp-json\/wp\/v2\/comments?post=1483"}],"version-history":[{"count":25,"href":"https:\/\/www.arcdia.com\/fi\/wp-json\/wp\/v2\/pages\/1483\/revisions"}],"predecessor-version":[{"id":9330,"href":"https:\/\/www.arcdia.com\/fi\/wp-json\/wp\/v2\/pages\/1483\/revisions\/9330"}],"wp:attachment":[{"href":"https:\/\/www.arcdia.com\/fi\/wp-json\/wp\/v2\/media?parent=1483"}],"curies":[{"name":"wp","href":"https:\/\/api.w.org\/{rel}","templated":true}]}}