{"id":1485,"date":"2018-01-15T09:19:31","date_gmt":"2018-01-15T07:19:31","guid":{"rendered":"https:\/\/www.arcdia.com\/?page_id=1485"},"modified":"2022-02-11T10:37:23","modified_gmt":"2022-02-11T08:37:23","slug":"yritys","status":"publish","type":"page","link":"https:\/\/www.arcdia.com\/fi\/yritys\/","title":{"rendered":"Yritys"},"content":{"rendered":"\n\n\t\t\t\t<img decoding=\"async\" src=\"https:\/\/www.arcdia.com\/wp-content\/uploads\/2019\/03\/maripoc-banner-picture-with-kids-smiling.webp\" alt=\"Laajoilla testipaneeleilla saadaan useampi tulos yhdest\u00e4 n\u00e4ytteest\u00e4\" itemprop=\"image\" height=\"500\" width=\"1920\" title=\"ArcDia testit - ArcDia tests\" onerror=\"this.style.display='none'\"  \/>\n\t\n<h1>\n\t\tArcDia International Oy\n\t<\/h1>\n\tArcDia\u00a0on\u00a0ISO 13485 sertifioitu infektiotautien nopeaan ja automatisoituun diagnostiikkaan erikoistunut suomalainen yritys. ArcDia kehitt\u00e4\u00e4, valmistaa ja markkinoi innovatiivisia tuotteita erityisesti akuuttien infektioiden monianalyyttiseen pikadiagnostiikkaan.<br \/>\nmariPOC\u00ae-tuoteperhe hy\u00f6dynt\u00e4\u00e4 yhti\u00f6n kehitt\u00e4m\u00e4\u00e4 ja Nature-julkaistua ArcDia\u2122 TPX -mittatekniikkaa. TPX-tekniikka mahdollistaa nopean monianalyyttisen testauksen t\u00e4ysin automatisoidulla testij\u00e4rjestelm\u00e4ll\u00e4. CE-merkitty mariPOC\u00ae on saavuttanut kotimarkkinoillaan erinomaisen vastaanoton ja markkina-aseman. mariPOC\u00ae:in saatavuuden laajentamiseen <a href=\"https:\/\/www.arcdia.com\/fi\/jakelijat\/\">kansainv\u00e4lisill\u00e4 markkinoilla<\/a> ArcDia hakee yh\u00e4 partnereita.\n<p>ArcDia tarjoaa automatisoituja testij\u00e4rjestelmi\u00e4 potilasl\u00e4heiseen\u00a0<em>in vitro<\/em> -diagnostiikkaan. J\u00e4rjestelm\u00e4 on suunniteltu monianalyyttiseen taudinaiheuttajaspesifiseen testaukseen. P\u00f6yt\u00e4mallinen mittalaite on pienikokoinen, eritt\u00e4in helppok\u00e4ytt\u00f6inen ja mahdollistaa laboratoriotasoisen testauksen l\u00e4hell\u00e4 potilasta. J\u00e4rjestelm\u00e4 on saatavilla diagnostiikkak\u00e4ytt\u00f6\u00f6n, tutkimus- ja tuotekehitysyhteisty\u00f6h\u00f6n, lisensioitavaksi ja jakeluun.<\/p>\n\t<h2><strong>Yrityshistoria:<\/strong><\/h2>\n<ul>\n<li><strong>1998-2003<\/strong> TPX-mittatekniikan keskeiset teknologiset keksinn\u00f6t tehtiin professori Erkki Soinin johdolla Turun yliopiston Biofysiikan laboratoriossa.<\/li>\n<li><strong>2000<\/strong> TPX-mittatekniikka julkaistiin Nature Biotechnology -tiedelehdess\u00e4.<\/li>\n<li><strong>2005-2009<\/strong> ArcDia\u2122 TPX -mittatekniikan soveltuvuutta infektiotautien pikadiagnostiikkaan tutkittiin akateemisissa hankkeissa.<\/li>\n<li><strong>2008<\/strong> ArcDia International Oy perustettiin ja mariPOC\u00ae-tuotekehityshanke alkoi.<\/li>\n<li><strong>2011<\/strong> mariPOC\u00ae IVD CE -merkittiin. Respi ja Pharyn -tuotteet esiteltiin markkinoille.<\/li>\n<li><strong>2013<\/strong> ArcDia sai ISO 13485 sertifikaatin.<\/li>\n<li><strong>2014<\/strong> ArcDialle my\u00f6nnettiin Frost &amp; Sullivanin innovaatiopalkinto parhaasta vierihoitotuotteesta Euroopassa.<\/li>\n<li><strong>2016<\/strong> ArcDia julkisti uudet tuotteet: maailman ensimm\u00e4inen pikatesti bokavirukselle, mariPOC\u00ae+-ohjelmisto, mariPOC\u00ae Gastro -testi ja herkistetty influenssavirus A -testi.<\/li>\n<li><strong>2017<\/strong> ArcDia toi markkinoille uuden Quick StrepA-testin sek\u00e4 nopeutetun Pharyn-testin ja uudet testit: maailman ensimm\u00e4inen pikatesti koronavirukselle ja uusimpien suositusten mukainen antibioottiripulitesti CDI:lle. mariCloud\u2122-palvelu infektiotautien reaaliaikaiseen seurantaan avataan.<\/li>\n<li><strong>2018<\/strong> Uusi mariPOC\u00ae Quick Flu\/RSV -testi tuotiin markkinoille Suomessa.<\/li>\n<li><strong>2020 <\/strong>Uusi mariPOC\u00ae SARS-CoV-2 -testi tuotiin markkinoille.<\/li>\n<li><strong>2021<\/strong> P\u00e4ivitetty mariPOC\u00ae SARS-CoV-2 -testi julkaistiin.<\/li>\n<\/ul>\n\n","protected":false},"excerpt":{"rendered":"<p>ArcDia International Oy ArcDia\u00a0on\u00a0ISO 13485 sertifioitu infektiotautien nopeaan ja automatisoituun diagnostiikkaan erikoistunut suomalainen yritys. ArcDia kehitt\u00e4\u00e4, valmistaa ja markkinoi innovatiivisia tuotteita erityisesti akuuttien infektioiden monianalyyttiseen pikadiagnostiikkaan. mariPOC\u00ae-tuoteperhe hy\u00f6dynt\u00e4\u00e4 yhti\u00f6n kehitt\u00e4m\u00e4\u00e4 ja Nature-julkaistua ArcDia\u2122 TPX -mittatekniikkaa. TPX-tekniikka mahdollistaa nopean monianalyyttisen testauksen t\u00e4ysin automatisoidulla testij\u00e4rjestelm\u00e4ll\u00e4. CE-merkitty mariPOC\u00ae on saavuttanut kotimarkkinoillaan erinomaisen vastaanoton ja markkina-aseman. mariPOC\u00ae:in saatavuuden laajentamiseen [&hellip;]<\/p>\n","protected":false},"author":1,"featured_media":0,"parent":0,"menu_order":0,"comment_status":"closed","ping_status":"closed","template":"","meta":{"_acf_changed":false,"footnotes":""},"class_list":["post-1485","page","type-page","status-publish","hentry"],"acf":[],"_links":{"self":[{"href":"https:\/\/www.arcdia.com\/fi\/wp-json\/wp\/v2\/pages\/1485","targetHints":{"allow":["GET"]}}],"collection":[{"href":"https:\/\/www.arcdia.com\/fi\/wp-json\/wp\/v2\/pages"}],"about":[{"href":"https:\/\/www.arcdia.com\/fi\/wp-json\/wp\/v2\/types\/page"}],"author":[{"embeddable":true,"href":"https:\/\/www.arcdia.com\/fi\/wp-json\/wp\/v2\/users\/1"}],"replies":[{"embeddable":true,"href":"https:\/\/www.arcdia.com\/fi\/wp-json\/wp\/v2\/comments?post=1485"}],"version-history":[{"count":14,"href":"https:\/\/www.arcdia.com\/fi\/wp-json\/wp\/v2\/pages\/1485\/revisions"}],"predecessor-version":[{"id":8235,"href":"https:\/\/www.arcdia.com\/fi\/wp-json\/wp\/v2\/pages\/1485\/revisions\/8235"}],"wp:attachment":[{"href":"https:\/\/www.arcdia.com\/fi\/wp-json\/wp\/v2\/media?parent=1485"}],"curies":[{"name":"wp","href":"https:\/\/api.w.org\/{rel}","templated":true}]}}