{"id":1584,"date":"2019-02-17T13:54:54","date_gmt":"2019-02-17T11:54:54","guid":{"rendered":"https:\/\/www.arcdia.com\/?page_id=1584"},"modified":"2023-06-19T14:07:46","modified_gmt":"2023-06-19T11:07:46","slug":"maricloud","status":"publish","type":"page","link":"https:\/\/www.arcdia.com\/fi\/maricloud\/","title":{"rendered":"mariCloud\u2122"},"content":{"rendered":"\n\n\t\t\t\t<img decoding=\"async\" src=\"https:\/\/www.arcdia.com\/wp-content\/uploads\/2019\/12\/Banner-Doctor-point-finger.jpg\" alt=\"Banner Doctor point finger\" itemprop=\"image\" height=\"600\" width=\"1920\" title=\"Banner Doctor point finger\" onerror=\"this.style.display='none'\"  \/>\n\t<div class=\"menu-paavalikko-container\"><ul id=\"arcdia-sivulinkit\" class=\"sivupalkinlinkit\"><li id=\"menu-item-4460\" class=\"menu-item menu-item-type-post_type menu-item-object-page menu-item-4460\"><a href=\"https:\/\/www.arcdia.com\/fi\/maricloud\/kirjallisuus\/\">mariCloud kirjallisuus\u00a0\u00a0<\/a><\/li>\n<\/ul><\/div>\n<h1>\n\t\tmariCloud\u2122 &#8211; hengitystieinfektioiden reaaliaikainen tilannekuva\n\t<\/h1>\n\t<p>mariCloud\u2122 on pilvipalvelualusta, joka ker\u00e4\u00e4 infektiotautien epidemiologista dataa ja jakaa sen reaaliaikaisesti terveydenhuollon ammattilaisten k\u00e4ytt\u00f6\u00f6n. Palvelu mahdollistaa my\u00f6s mariPOC\u00ae-testij\u00e4rjestelmien toimintakunnon et\u00e4seurannan ja laskutuksen automatisoinnin. Suomessa mariCloud\u2122 on t\u00e4ll\u00e4 hetkell\u00e4 laajasti k\u00e4yt\u00f6ss\u00e4 mariPOC\u00ae-asiakkailla ja se on saavuttanut kansallisen epidemiologian seurantaty\u00f6kalun aseman. mariCloudin epidemiologinen data t\u00e4ydent\u00e4\u00e4 viranomaisseurantaa ja on tarkoitettu erityisesti hoitavalle henkil\u00f6st\u00f6lle ajantasaisen ja optimaalisen p\u00e4\u00e4t\u00f6ksenteon tueksi. ArcDia tekeekin yhteisty\u00f6t\u00e4 my\u00f6s viranomaistahojen, kuten Terveyden ja hyvinvointilaitoksen kanssa (THL). THL hy\u00f6dynt\u00e4\u00e4 aktiivisesti mariCloud-dataa omassa tutkimus- ja seurantaty\u00f6ss\u00e4\u00e4n. mariCloud\u2122 tarjoaa kattavamman, ajantasaisemman ja tarkemman kuvan infektiotautitilanteesta kuin esimerkiksi WHO:n viranomaisj\u00e4rjestelm\u00e4t.<\/p>\n\t<h3>Viimeisen kuuden viikon epidemiologinen tilanne<\/h3>\nAlla on otos epidemiologisesta tilanteesta mariCloud-verkkopalvelusta.<br \/>\n<a href=\"https:\/\/maricloud.com\/resources\/img\/epi_img_fi.png\" target=\"_blank\" rel=\"noopener\"><br \/>\n<img decoding=\"async\" src=\"https:\/\/maricloud.com\/resources\/img\/epi_img_fi.png\" alt=\"Epidemiologinen tilanne\" \/><br \/>\n<\/a>\n\t\t\t<h3>Miksi mariCloud?<\/h3>\t\t\t\n\t\t\t\t<ul>\n<li>Antibioottien ja virusl\u00e4\u00e4kkeiden k\u00e4yt\u00f6n optimointi<\/li>\n<li>Epidemioiden kontrollointi<\/li>\n<li>Pandemioihin varautuminen<\/li>\n<li>Tautitaakan arviointi<\/li>\n<li>Terveydenhuollon resurssien k\u00e4yt\u00f6n tehokas suunnittelu<\/li>\n<li>In vitro -diagnostiikan k\u00e4yt\u00f6n ohjaaminen<\/li>\n<li>Kattava data sek\u00e4 perusterveydenhuollosta ett\u00e4 sairaalahoidosta<\/li>\n<li>Mahdollistaa laitteiden toiminnan et\u00e4seurannan ja laskutuksen automatisoinnin<\/li>\n<\/ul>\n\t\t\t<a href=\"http:\/\/maricloud.com\/#\/login\" target=\"_self\" rel=\"noopener\">\n\t\t\t\t\t\t\tKirjaudu mariCloud-palveluun\n\t\t\t\t\t<\/a>\n\t\t\t\t<img decoding=\"async\" src=\"https:\/\/www.arcdia.com\/wp-content\/uploads\/2021\/07\/mariCloud-infographics-FI-672x1024.jpg\" alt=\"mariCloud infographics FI\" itemprop=\"image\" height=\"975\" width=\"640\" title=\"mariCloud infographics FI\" onerror=\"this.style.display='none'\"  \/>\n\t\t\t\t<table>\n\t\t\t\t\t<thead>\n\t\t\t\t\t\t\t\t\t\t\t\t\t\t<tr>\n\t\t\t\t\t\t\t\t\t\t\t\t\t\t\t<th rowspan=\"\" colspan=\"\">\n\t\t\t\t\t\t\t\t\t\t\t\t\t\t\t\t\t<label> \n\t\t\t\t\t\t\t\t\t\t<\/label><label> Ominaisuus <\/label> \n\t\t\t\t\t\t\t\t\t\n\t\t\t\t\t\t\t\t\t\t\t\t\t\t\t\t\t<\/th> \n\t\t\t\t\t\t\t\t\t\t\t\t\t\t<th rowspan=\"\" colspan=\"\">\n\t\t\t\t\t\t\t\t\t\t\t\t\t\t\t\t\t<label> \n\t\t\t\t\t\t\t\t\t\t<\/label><label> mariCloud <\/label> \n\t\t\t\t\t\t\t\t\t\n\t\t\t\t\t\t\t\t\t\t\t\t\t\t\t\t\t<\/th> \n\t\t\t\t\t\t\t\t\t\t\t\t\t\t<th rowspan=\"\" colspan=\"\">\n\t\t\t\t\t\t\t\t\t\t\t\t\t\t\t\t\t<label> \n\t\t\t\t\t\t\t\t\t\t<\/label><label> Viranomaisj\u00e4rjestelm\u00e4t <\/label> \n\t\t\t\t\t\t\t\t\t\n\t\t\t\t\t\t\t\t\t\t\t\t\t\t\t\t\t<\/th> \n\t\t\t\t\t\t\t\t\t\t\t<\/tr><\/thead>\n\t\t\t\t\t<tbody>\n\t\t\t\t\t\t\t\t\t\t\t\t\t\t\t<tr> \n\t\t\t\t\t\t\t\t\t\t\t\t\t\t\t\t\t\t\t\t<td colspan=\"\" rowspan=\"\"> \n\t\t\t\t\t\t\t\t\t\t\t\t\t\t\t\t\t\t\t\t\t\t\t Maantieteellinen kattavuus \n\t\t\t\t\t\t\t\t\t\t\t\t\t\t\t\t\t\t\t\t\t\t\t<\/td>\n\t\t\t\t\t\t\t\t\t\t\t\t\t\t\t\t<td colspan=\"\" rowspan=\"\"> \n\t\t\t\t\t\t\t\t\t\t\t\t\t\t\t\t\t\t\t\t\t\t\t Laaja \n\t\t\t\t\t\t\t\t\t\t\t\t\t\t\t\t\t\t\t\t\t\t\t<\/td>\n\t\t\t\t\t\t\t\t\t\t\t\t\t\t\t\t<td colspan=\"\" rowspan=\"\"> \n\t\t\t\t\t\t\t\t\t\t\t\t\t\t\t\t\t\t\t\t\t\t\t Hajanainen \n\t\t\t\t\t\t\t\t\t\t\t\t\t\t\t\t\t\t\t\t\t\t\t<\/td>\n\t\t\t\t\t\t\t\t\t\t\t\t\t\t\t<\/tr><tr> \n\t\t\t\t\t\t\t\t\t\t\t\t\t\t\t\t\t\t\t\t<td colspan=\"\" rowspan=\"\"> \n\t\t\t\t\t\t\t\t\t\t\t\t\t\t\t\t\t\t\t\t\t\t\t Edustavuus \n\t\t\t\t\t\t\t\t\t\t\t\t\t\t\t\t\t\t\t\t\t\t\t<\/td>\n\t\t\t\t\t\t\t\t\t\t\t\t\t\t\t\t<td colspan=\"\" rowspan=\"\"> \n\t\t\t\t\t\t\t\t\t\t\t\t\t\t\t\t\t\t\t\t\t\t\t Kattava, >10 taudinaiheuttajaa \n\t\t\t\t\t\t\t\t\t\t\t\t\t\t\t\t\t\t\t\t\t\t\t<\/td>\n\t\t\t\t\t\t\t\t\t\t\t\t\t\t\t\t<td colspan=\"\" rowspan=\"\"> \n\t\t\t\t\t\t\t\t\t\t\t\t\t\t\t\t\t\t\t\t\t\t\t Suppea, influenssa A\/B \n\t\t\t\t\t\t\t\t\t\t\t\t\t\t\t\t\t\t\t\t\t\t\t<\/td>\n\t\t\t\t\t\t\t\t\t\t\t\t\t\t\t<\/tr><tr> \n\t\t\t\t\t\t\t\t\t\t\t\t\t\t\t\t\t\t\t\t<td colspan=\"\" rowspan=\"\"> \n\t\t\t\t\t\t\t\t\t\t\t\t\t\t\t\t\t\t\t\t\t\t\t Tieto tautitaakasta \n\t\t\t\t\t\t\t\t\t\t\t\t\t\t\t\t\t\t\t\t\t\t\t<\/td>\n\t\t\t\t\t\t\t\t\t\t\t\t\t\t\t\t<td colspan=\"\" rowspan=\"\"> \n\t\t\t\t\t\t\t\t\t\t\t\t\t\t\t\t\t\t\t\t\t\t\t Kyll\u00e4 \n\t\t\t\t\t\t\t\t\t\t\t\t\t\t\t\t\t\t\t\t\t\t\t<\/td>\n\t\t\t\t\t\t\t\t\t\t\t\t\t\t\t\t<td colspan=\"\" rowspan=\"\"> \n\t\t\t\t\t\t\t\t\t\t\t\t\t\t\t\t\t\t\t\t\t\t\t Ei tai rajoitettu \n\t\t\t\t\t\t\t\t\t\t\t\t\t\t\t\t\t\t\t\t\t\t\t<\/td>\n\t\t\t\t\t\t\t\t\t\t\t\t\t\t\t<\/tr><tr> \n\t\t\t\t\t\t\t\t\t\t\t\t\t\t\t\t\t\t\t\t<td colspan=\"\" rowspan=\"\"> \n\t\t\t\t\t\t\t\t\t\t\t\t\t\t\t\t\t\t\t\t\t\t\t Potilaskattavuus (perusterveydenhuolto, sairaalat, ik\u00e4ryhm\u00e4t, jne.) \n\t\t\t\t\t\t\t\t\t\t\t\t\t\t\t\t\t\t\t\t\t\t\t<\/td>\n\t\t\t\t\t\t\t\t\t\t\t\t\t\t\t\t<td colspan=\"\" rowspan=\"\"> \n\t\t\t\t\t\t\t\t\t\t\t\t\t\t\t\t\t\t\t\t\t\t\t Kattava \n\t\t\t\t\t\t\t\t\t\t\t\t\t\t\t\t\t\t\t\t\t\t\t<\/td>\n\t\t\t\t\t\t\t\t\t\t\t\t\t\t\t\t<td colspan=\"\" rowspan=\"\"> \n\t\t\t\t\t\t\t\t\t\t\t\t\t\t\t\t\t\t\t\t\t\t\t Vinoutunut (l\u00e4hinn\u00e4 sairaala- ja anturikeskuspotilaita) \n\t\t\t\t\t\t\t\t\t\t\t\t\t\t\t\t\t\t\t\t\t\t\t<\/td>\n\t\t\t\t\t\t\t\t\t\t\t\t\t\t\t<\/tr><tr> \n\t\t\t\t\t\t\t\t\t\t\t\t\t\t\t\t\t\t\t\t<td colspan=\"\" rowspan=\"\"> \n\t\t\t\t\t\t\t\t\t\t\t\t\t\t\t\t\t\t\t\t\t\t\t Ajantasaisuus \n\t\t\t\t\t\t\t\t\t\t\t\t\t\t\t\t\t\t\t\t\t\t\t<\/td>\n\t\t\t\t\t\t\t\t\t\t\t\t\t\t\t\t<td colspan=\"\" rowspan=\"\"> \n\t\t\t\t\t\t\t\t\t\t\t\t\t\t\t\t\t\t\t\t\t\t\t Reaaliaikainen \n\t\t\t\t\t\t\t\t\t\t\t\t\t\t\t\t\t\t\t\t\t\t\t<\/td>\n\t\t\t\t\t\t\t\t\t\t\t\t\t\t\t\t<td colspan=\"\" rowspan=\"\"> \n\t\t\t\t\t\t\t\t\t\t\t\t\t\t\t\t\t\t\t\t\t\t\t 1-2 viikkoa j\u00e4ljess\u00e4 \n\t\t\t\t\t\t\t\t\t\t\t\t\t\t\t\t\t\t\t\t\t\t\t<\/td>\n\t\t\t\t\t\t\t\t\t\t\t\t\t\t\t<\/tr><tr> \n\t\t\t\t\t\t\t\t\t\t\t\t\t\t\t\t\t\t\t\t<td colspan=\"\" rowspan=\"\"> \n\t\t\t\t\t\t\t\t\t\t\t\t\t\t\t\t\t\t\t\t\t\t\t Lis\u00e4arvo \n\t\t\t\t\t\t\t\t\t\t\t\t\t\t\t\t\t\t\t\t\t\t\t<\/td>\n\t\t\t\t\t\t\t\t\t\t\t\t\t\t\t\t<td colspan=\"\" rowspan=\"\"> \n\t\t\t\t\t\t\t\t\t\t\t\t\t\t\t\t\t\t\t\t\t\t\t Laitteen toiminnan et\u00e4seuranta \n\t\t\t\t\t\t\t\t\t\t\t\t\t\t\t\t\t\t\t\t\t\t\t<\/td>\n\t\t\t\t\t\t\t\t\t\t\t\t\t\t\t\t<td colspan=\"\" rowspan=\"\"> \n\t\t\t\t\t\t\t\t\t\t\t\t\t\t\t\t\t\t\t\t\t\t\t Ei lis\u00e4arvoa \n\t\t\t\t\t\t\t\t\t\t\t\t\t\t\t\t\t\t\t\t\t\t\t<\/td>\n\t\t\t\t\t\t\t\t\t\t\t<\/tr><\/tbody>\n\t\t\t\t<\/table>\n\t<h2>\n\t\tPalvelun turvallisuus\n\t<\/h2>\n\t<ul>\n<li>Testij\u00e4rjestelm\u00e4 on eristetty internetist\u00e4<\/li>\n<li>Vain yksisuuntainen tietoliikenne<\/li>\n<li>Henkil\u00f6tietoja ei koskaan siirret\u00e4<\/li>\n<li>Kaikki data salataan<\/li>\n<li>Ei k\u00e4yt\u00e4 asiakkaan tietoverkkoja<\/li>\n<\/ul>\n<p>Haluatko ottaa mariCloudin omaan k\u00e4ytt\u00f6\u00f6si? Kysy lis\u00e4\u00e4 yksikk\u00f6si mariPOC-vastuuhenkil\u00f6lt\u00e4 tai ArcDialta: <a href=\"mailto:support@arcdia.com\">support@arcdia.com<\/a><\/p>\n\t<h2>Tilannekuva influenssakaudelta 2019-2020<\/h2>\n<p><img decoding=\"async\" src=\"https:\/\/www.arcdia.com\/wp-content\/uploads\/2020\/02\/mariCloud-screenshot.png\" alt=\"\" width=\"831\" height=\"425\" \/><\/p>\n<p>&nbsp;<\/p>\n<p>mariCloud\u2122-palvelun avulla voit seurata tietokoneen tai mobiililaitteen selaimelta oman alueesi epidemiologista tilannetta reaaliajassa. Suomen osalta palvelussa on t\u00e4ll\u00e4 hetkell\u00e4 tarjolla hengitystieinfektiodata mariPOC\u00ae Respi+ -testin taudinaiheuttajien kuten influenssan ja RSV:n osalta. My\u00f6s A-ryhm\u00e4n streptokokki -data on nyt n\u00e4ht\u00e4vill\u00e4 palvelussa.<\/p>\n<h2>A-ryhm\u00e4n streptokokki -data<\/h2>\n<p>&nbsp;<\/p>\n<h3>Vuoden 2019 epidemiologiset tiedot<\/h3>\n<p><img decoding=\"async\" src=\"https:\/\/www.arcdia.com\/wp-content\/uploads\/2020\/03\/Year2020_to_week10-1.gif\" alt=\"\" width=\"495\" height=\"442\" \/><\/p>\n<h3><img decoding=\"async\" src=\"https:\/\/www.arcdia.com\/wp-content\/uploads\/2021\/07\/viikko26_2021_fin-1024_1.jpg\" alt=\"mariCloud StrepA data viikko 26 2021\" width=\"700\" height=\"700\" \/><\/h3>\n\n","protected":false},"excerpt":{"rendered":"<p>mariCloud\u2122 &#8211; hengitystieinfektioiden reaaliaikainen tilannekuva mariCloud\u2122 on pilvipalvelualusta, joka ker\u00e4\u00e4 infektiotautien epidemiologista dataa ja jakaa sen reaaliaikaisesti terveydenhuollon ammattilaisten k\u00e4ytt\u00f6\u00f6n. Palvelu mahdollistaa my\u00f6s mariPOC\u00ae-testij\u00e4rjestelmien toimintakunnon et\u00e4seurannan ja laskutuksen automatisoinnin. Suomessa mariCloud\u2122 on t\u00e4ll\u00e4 hetkell\u00e4 laajasti k\u00e4yt\u00f6ss\u00e4 mariPOC\u00ae-asiakkailla ja se on saavuttanut kansallisen epidemiologian seurantaty\u00f6kalun aseman. mariCloudin epidemiologinen data t\u00e4ydent\u00e4\u00e4 viranomaisseurantaa ja on tarkoitettu erityisesti hoitavalle [&hellip;]<\/p>\n","protected":false},"author":1,"featured_media":0,"parent":0,"menu_order":0,"comment_status":"closed","ping_status":"closed","template":"","meta":{"_acf_changed":false,"footnotes":""},"class_list":["post-1584","page","type-page","status-publish","hentry"],"acf":[],"_links":{"self":[{"href":"https:\/\/www.arcdia.com\/fi\/wp-json\/wp\/v2\/pages\/1584","targetHints":{"allow":["GET"]}}],"collection":[{"href":"https:\/\/www.arcdia.com\/fi\/wp-json\/wp\/v2\/pages"}],"about":[{"href":"https:\/\/www.arcdia.com\/fi\/wp-json\/wp\/v2\/types\/page"}],"author":[{"embeddable":true,"href":"https:\/\/www.arcdia.com\/fi\/wp-json\/wp\/v2\/users\/1"}],"replies":[{"embeddable":true,"href":"https:\/\/www.arcdia.com\/fi\/wp-json\/wp\/v2\/comments?post=1584"}],"version-history":[{"count":42,"href":"https:\/\/www.arcdia.com\/fi\/wp-json\/wp\/v2\/pages\/1584\/revisions"}],"predecessor-version":[{"id":8876,"href":"https:\/\/www.arcdia.com\/fi\/wp-json\/wp\/v2\/pages\/1584\/revisions\/8876"}],"wp:attachment":[{"href":"https:\/\/www.arcdia.com\/fi\/wp-json\/wp\/v2\/media?parent=1584"}],"curies":[{"name":"wp","href":"https:\/\/api.w.org\/{rel}","templated":true}]}}