{"id":1588,"date":"2019-02-17T13:56:22","date_gmt":"2019-02-17T11:56:22","guid":{"rendered":"https:\/\/www.arcdia.com\/?page_id=1588"},"modified":"2022-04-22T10:55:01","modified_gmt":"2022-04-22T07:55:01","slug":"testit","status":"publish","type":"page","link":"https:\/\/www.arcdia.com\/fi\/maripoc\/testit\/","title":{"rendered":"Testit"},"content":{"rendered":"\n\n\t<div class=\"menu-paavalikko-container\"><ul id=\"arcdia-sivulinkit\" class=\"sivupalkinlinkit\"><li id=\"menu-item-1600\" class=\"menu-item menu-item-type-post_type menu-item-object-page menu-item-has-children menu-item-1600\"><a href=\"https:\/\/www.arcdia.com\/fi\/maripoc\/testit\/\">Testit\u00a0<\/a>\n<ul class=\"sub-menu\">\n\t<li id=\"menu-item-6255\" class=\"menu-item menu-item-type-post_type menu-item-object-page menu-item-6255\"><a href=\"https:\/\/www.arcdia.com\/fi\/maripoc\/testit\/covid-19-testit\/\">COVID-19-testit<\/a><\/li>\n\t<li id=\"menu-item-1599\" class=\"menu-item menu-item-type-post_type menu-item-object-page menu-item-1599\"><a href=\"https:\/\/www.arcdia.com\/fi\/maripoc\/testit\/respi-testit\/\">Respi-testi<\/a><\/li>\n\t<li id=\"menu-item-1784\" class=\"menu-item menu-item-type-post_type menu-item-object-page menu-item-1784\"><a href=\"https:\/\/www.arcdia.com\/fi\/maripoc\/testit\/pharyn-testi\/\">Pharyn-testi<\/a><\/li>\n\t<li id=\"menu-item-1785\" class=\"menu-item menu-item-type-post_type menu-item-object-page menu-item-1785\"><a href=\"https:\/\/www.arcdia.com\/fi\/maripoc\/testit\/quick-strepa-testi\/\">Quick StrepA -testi<\/a><\/li>\n\t<li id=\"menu-item-1601\" class=\"menu-item menu-item-type-post_type menu-item-object-page menu-item-1601\"><a href=\"https:\/\/www.arcdia.com\/fi\/maripoc\/testit\/quick-flu-testit\/\">Quick Flu -testit<\/a><\/li>\n\t<li id=\"menu-item-1782\" class=\"menu-item menu-item-type-post_type menu-item-object-page menu-item-1782\"><a href=\"https:\/\/www.arcdia.com\/fi\/maripoc\/testit\/cdi-testi\/\">CDI-testi<\/a><\/li>\n\t<li id=\"menu-item-1783\" class=\"menu-item menu-item-type-post_type menu-item-object-page menu-item-1783\"><a href=\"https:\/\/www.arcdia.com\/fi\/maripoc\/testit\/gastro-testi\/\">Gastro-testi<\/a><\/li>\n<\/ul>\n<\/li>\n<li id=\"menu-item-1986\" class=\"menu-item menu-item-type-post_type menu-item-object-page menu-item-1986\"><a href=\"https:\/\/www.arcdia.com\/fi\/maripoc\/tuotteet\/\">Tuotteet<\/a><\/li>\n<li id=\"menu-item-1724\" class=\"menu-item menu-item-type-post_type menu-item-object-page menu-item-1724\"><a href=\"https:\/\/www.arcdia.com\/fi\/maripoc\/suorituskyky\/\">Suorituskyky<\/a><\/li>\n<li id=\"menu-item-1725\" class=\"menu-item menu-item-type-post_type menu-item-object-page menu-item-1725\"><a href=\"https:\/\/www.arcdia.com\/fi\/maripoc\/naytteenotto\/\">N\u00e4ytteenotto<\/a><\/li>\n<li id=\"menu-item-1751\" class=\"menu-item menu-item-type-post_type menu-item-object-page menu-item-1751\"><a href=\"https:\/\/www.arcdia.com\/fi\/tilaukset\/\">Tilaukset<\/a><\/li>\n<li id=\"menu-item-5535\" class=\"menu-item menu-item-type-post_type menu-item-object-page menu-item-5535\"><a href=\"https:\/\/www.arcdia.com\/fi\/maripoc\/potilaiden-ja-kayttajien-kokemuksia\/\">Potilaiden ja k\u00e4ytt\u00e4jien kokemuksia<\/a><\/li>\n<li id=\"menu-item-1752\" class=\"menu-item menu-item-type-post_type menu-item-object-page menu-item-has-children menu-item-1752\"><a href=\"https:\/\/www.arcdia.com\/fi\/maripoc\/kirjallisuus\/\">Kirjallisuus<\/a>\n<ul class=\"sub-menu\">\n\t<li id=\"menu-item-1750\" class=\"menu-item menu-item-type-post_type menu-item-object-page menu-item-1750\"><a href=\"https:\/\/www.arcdia.com\/fi\/maripoc\/kirjallisuus\/tuote-esitteet\/\">Tuote-esitteet<\/a><\/li>\n\t<li id=\"menu-item-4375\" class=\"menu-item menu-item-type-post_type menu-item-object-page menu-item-4375\"><a href=\"https:\/\/www.arcdia.com\/fi\/maripoc\/kirjallisuus\/hengitystieinfektiot\/\">Hengitystieinfektiot<\/a><\/li>\n\t<li id=\"menu-item-4379\" class=\"menu-item menu-item-type-post_type menu-item-object-page menu-item-4379\"><a href=\"https:\/\/www.arcdia.com\/fi\/maripoc\/kirjallisuus\/suolistoinfektiot\/\">Suolistoinfektiot<\/a><\/li>\n<\/ul>\n<\/li>\n<\/ul><\/div>\n<h1>\n\t\tVarmista taudinaiheuttajaspesifinen diagnoosi ja oikea hoito mariPOCin kattavilla testeill\u00e4\n\t<\/h1>\n\t<p>mariPOC\u00ae on automaattinen testij\u00e4rjestelm\u00e4, joka mahdollistaa akuuttien infektiotautien aiheuttajien tunnistamisen nopeasti ja monianalyyttisesti. mariPOC-testit soveltuvat parhaiten hajautettuun diagnostiikkaan, kuten terveyskeskusten ja yksityisten l\u00e4\u00e4k\u00e4riasemien vieritestilaboratorioihin sek\u00e4 sairaaloiden p\u00e4ivystysosastoille. Testij\u00e4rjestelm\u00e4mme yhdist\u00e4\u00e4 spesifisen <strong>antigeeniosoituksen<\/strong> ainutlaatuiseen <a href=\"https:\/\/www.arcdia.com\/fi\/yritys\/tpx-teknologia\/\">laserpohjaiseen analyysiteknologiaan<\/a>, joka perustuu Suomessa kehitettyyn kaksoisfotoniviritteiseen fluoresenssitekniikkaan. Tulosten luotettavuus varmistetaan testij\u00e4rjestelm\u00e4n automaattisen laaduntarkkailun avulla. <strong>Kaikki testit ovat IVD CE -merkittyj\u00e4 ja tarkoitettu terveydenhuollon ammattilaisten k\u00e4ytt\u00f6\u00f6n<\/strong>.<\/p>\n<p>mariPOC-testij\u00e4rjestelm\u00e4 on eritt\u00e4in helppok\u00e4ytt\u00f6inen, joten laitetta voidaan k\u00e4ytt\u00e4\u00e4 jo lyhyen perehdytyksen j\u00e4lkeen. N\u00e4ytteiden esik\u00e4sittelyaika on 1-3 minuuttia riippuen k\u00e4yt\u00f6ss\u00e4 olevasta testist\u00e4. mariPOC mahdollistaa uusien n\u00e4ytteiden jatkuvan sy\u00f6t\u00f6n, jolloin yhden ty\u00f6vuoron aikana voidaan analysoida 50-100 n\u00e4ytett\u00e4.<\/p>\n<p><strong>Nopeat tulokset takaavat oikean diagnoosin ilman viivett\u00e4<\/strong>. Tulosten raportointiajat ovat testikohtaisia. Quick-sarjan testeill\u00e4 tulokset raportoidaan jo 15-20 minuutissa. A-ryhm\u00e4n streptokokille viljely\u00e4 vastaava tulos raportoidaan 15 minuutissa ja viljely\u00e4 herkempi testitulos alle tunnissa. Muilla testeill\u00e4 valtaosa positiivisista l\u00f6yd\u00f6ksist\u00e4 saadaan 20 minuutissa ja matalat positiiviset ja negatiiviset 1-2 tunnissa.<\/p>\n<p>Intuitiivinen k\u00e4ytt\u00f6liittym\u00e4 n\u00e4ytt\u00e4\u00e4 automaattisen fluoresenssimittauksen tulokset selke\u00e4sti ja yksiselitteisesti positiivisena tai negatiivisena. Testilaite on mahdollista kytke\u00e4 laboratorion tietojenk\u00e4sittelyj\u00e4rjestelm\u00e4\u00e4n (LIS), mik\u00e4 nopeuttaa k\u00e4ytt\u00f6\u00e4 sek\u00e4 v\u00e4hent\u00e4\u00e4 inhimillisi\u00e4 virheit\u00e4.<\/p>\n\t\t\t\t<img decoding=\"async\" src=\"https:\/\/www.arcdia.com\/wp-content\/uploads\/2020\/01\/Lung-circle-vector-2-150x150.png\" alt=\"Lung circle vector\" itemprop=\"image\" height=\"150\" width=\"150\" height=\"150\" width=\"150\" title=\"Lung circle vector\" onerror=\"this.style.display='none'\"  \/>\n\t<h2>Influenssan kaltaisille oireille<\/h2>\n\t\t\t<a href=\"https:\/\/www.arcdia.com\/fi\/maripoc\/testit\/covid-19-testit\/\" target=\"_self\" role=\"button\" rel=\"noopener\">\n\t\t\t\t\t\t\tmariPOC\u00ae COVID-19\n\t\t\t\t\t<\/a>\n\t\t\t<a href=\"https:\/\/www.arcdia.com\/fi\/maripoc\/testit\/respi-testit\/\" target=\"_self\" role=\"button\" rel=\"noopener\">\n\t\t\t\t\t\t\tmariPOC\u00ae Respi\n\t\t\t\t\t<\/a>\n\t\t\t<a href=\"https:\/\/www.arcdia.com\/fi\/maripoc\/testit\/quick-flu-testit\/\" target=\"_self\" role=\"button\" rel=\"noopener\">\n\t\t\t\t\t\t\tmariPOC\u00ae Quick Flu\n\t\t\t\t\t<\/a>\n\t\t\t\t<img decoding=\"async\" src=\"https:\/\/www.arcdia.com\/wp-content\/uploads\/2020\/01\/Throat-circle-vector-1-150x150.png\" alt=\"Throat circle vector\" itemprop=\"image\" height=\"150\" width=\"150\" height=\"150\" width=\"150\" title=\"Throat circle vector\" onerror=\"this.style.display='none'\"  \/>\n\t<h2>Nielutulehduksen eli angiinan oireille<\/h2>\n\t\t\t<a href=\"https:\/\/www.arcdia.com\/fi\/maripoc\/testit\/pharyn-testi\/\" target=\"_self\" role=\"button\" rel=\"noopener\">\n\t\t\t\t\t\t\tmariPOC\u00ae Pharyn\n\t\t\t\t\t<\/a>\n\t\t\t<a href=\"https:\/\/www.arcdia.com\/fi\/maripoc\/testit\/quick-strepa-testi\/\" target=\"_self\" role=\"button\" rel=\"noopener\">\n\t\t\t\t\t\t\tmariPOC\u00ae Quick StrepA\n\t\t\t\t\t<\/a>\n\t\t\t\t<img decoding=\"async\" src=\"https:\/\/www.arcdia.com\/wp-content\/uploads\/2020\/01\/Small-guts-circle-vector-1-150x150.png\" alt=\"Small guts circle vector\" itemprop=\"image\" height=\"150\" width=\"150\" height=\"150\" width=\"150\" title=\"Small guts circle vector\" onerror=\"this.style.display='none'\"  \/>\n\t<h2>Suolistoinfektion eli ripulin oireille<\/h2>\n\t\t\t<a href=\"https:\/\/www.arcdia.com\/fi\/maripoc\/testit\/gastro-testi\/\" target=\"_self\" role=\"button\" rel=\"noopener\">\n\t\t\t\t\t\t\tmariPOC\u00ae Gastro\n\t\t\t\t\t<\/a>\n\t\t\t\t<img decoding=\"async\" src=\"https:\/\/www.arcdia.com\/wp-content\/uploads\/2020\/01\/Big-guts-circle-vector-1-150x150.png\" alt=\"Big guts circle vector\" itemprop=\"image\" height=\"150\" width=\"150\" height=\"150\" width=\"150\" title=\"Big guts circle vector\" onerror=\"this.style.display='none'\"  \/>\n\t<p>Clostridium difficile -infektion eli antibioottiripulin testaamisen<\/p>\n\t\t\t<a href=\"https:\/\/www.arcdia.com\/fi\/maripoc\/testit\/cdi-testi\/\" target=\"_self\" role=\"button\" rel=\"noopener\">\n\t\t\t\t\t\t\tmariPOC\u00ae CDI\n\t\t\t\t\t<\/a>\n\t<h2>Laajoilla testipaneeleilla l\u00f6yd\u00e4t taudinaiheuttajan yhdest\u00e4 n\u00e4ytteest\u00e4<\/h2>\n<p>Akuuteille infektiotaudeille, kuten influenssalle, COVID-19:sta ja suolistotieinfektioille, on tyypillist\u00e4, ett\u00e4 taudinaiheuttajaa ei voida diagnosoida luotettavasti pelkkien oireiden perusteella. Edes eroa bakteeri- ja virustautien v\u00e4lill\u00e4, eli tarkkaa p\u00e4\u00e4t\u00f6st\u00e4 antibioottihoidosta, ei pysty tekem\u00e4\u00e4n ilman laboratoriotestausta. Tarkan diagnoosin tekemiseksi potilaasta tulee testata useita taudinaiheuttajia samalla kertaa.<\/p>\n<p>mariPOCin antigeenitestej\u00e4 k\u00e4ytet\u00e4\u00e4n akuutin infektion toteamiseen. Testien etuna on nopeus, hyv\u00e4 korrelaatio tartuttavuuden kanssa ja se, ett\u00e4 testitulos saadaan usein jo 20 minuutin kuluttua. Toisin kuin PCR-testauksessa, n\u00e4ytett\u00e4 ei tarvitse l\u00e4hett\u00e4\u00e4 keskuslaboratorioon testausta varten, vaan testi voidaan tehd\u00e4 n\u00e4ytteenottopaikassa. <\/p>\n<p><strong>K<\/strong><strong>atso lis\u00e4\u00e4 eri testimenetelmien ominaispiirteist\u00e4 alla olevasta taulukosta.<\/strong><\/p>\n\t\t\t\t<img decoding=\"async\" src=\"https:\/\/www.arcdia.com\/wp-content\/uploads\/2022\/04\/mariPOC-antigeenitestien-ja-PCR-testimenetelmien-ominaispiirteet.png\" alt=\"mariPOC antigeenitestien ja PCR-testimenetelmien ominaispiirteet -taulukko\" itemprop=\"image\" height=\"1080\" width=\"1920\" title=\"mariPOC antigeenitestien ja PCR-testimenetelmien ominaispiirteet -taulukko\" onerror=\"this.style.display='none'\"  \/>\n\n","protected":false},"excerpt":{"rendered":"<p>Varmista taudinaiheuttajaspesifinen diagnoosi ja oikea hoito mariPOCin kattavilla testeill\u00e4 mariPOC\u00ae on automaattinen testij\u00e4rjestelm\u00e4, joka mahdollistaa akuuttien infektiotautien aiheuttajien tunnistamisen nopeasti ja monianalyyttisesti. mariPOC-testit soveltuvat parhaiten hajautettuun diagnostiikkaan, kuten terveyskeskusten ja yksityisten l\u00e4\u00e4k\u00e4riasemien vieritestilaboratorioihin sek\u00e4 sairaaloiden p\u00e4ivystysosastoille. Testij\u00e4rjestelm\u00e4mme yhdist\u00e4\u00e4 spesifisen antigeeniosoituksen ainutlaatuiseen laserpohjaiseen analyysiteknologiaan, joka perustuu Suomessa kehitettyyn kaksoisfotoniviritteiseen fluoresenssitekniikkaan. Tulosten luotettavuus varmistetaan testij\u00e4rjestelm\u00e4n automaattisen laaduntarkkailun [&hellip;]<\/p>\n","protected":false},"author":1,"featured_media":0,"parent":1483,"menu_order":0,"comment_status":"closed","ping_status":"closed","template":"","meta":{"_acf_changed":false,"footnotes":""},"class_list":["post-1588","page","type-page","status-publish","hentry"],"acf":[],"_links":{"self":[{"href":"https:\/\/www.arcdia.com\/fi\/wp-json\/wp\/v2\/pages\/1588","targetHints":{"allow":["GET"]}}],"collection":[{"href":"https:\/\/www.arcdia.com\/fi\/wp-json\/wp\/v2\/pages"}],"about":[{"href":"https:\/\/www.arcdia.com\/fi\/wp-json\/wp\/v2\/types\/page"}],"author":[{"embeddable":true,"href":"https:\/\/www.arcdia.com\/fi\/wp-json\/wp\/v2\/users\/1"}],"replies":[{"embeddable":true,"href":"https:\/\/www.arcdia.com\/fi\/wp-json\/wp\/v2\/comments?post=1588"}],"version-history":[{"count":42,"href":"https:\/\/www.arcdia.com\/fi\/wp-json\/wp\/v2\/pages\/1588\/revisions"}],"predecessor-version":[{"id":8383,"href":"https:\/\/www.arcdia.com\/fi\/wp-json\/wp\/v2\/pages\/1588\/revisions\/8383"}],"up":[{"embeddable":true,"href":"https:\/\/www.arcdia.com\/fi\/wp-json\/wp\/v2\/pages\/1483"}],"wp:attachment":[{"href":"https:\/\/www.arcdia.com\/fi\/wp-json\/wp\/v2\/media?parent=1588"}],"curies":[{"name":"wp","href":"https:\/\/api.w.org\/{rel}","templated":true}]}}