{"id":1590,"date":"2019-02-17T13:56:50","date_gmt":"2019-02-17T11:56:50","guid":{"rendered":"https:\/\/www.arcdia.com\/?page_id=1590"},"modified":"2025-10-09T10:50:39","modified_gmt":"2025-10-09T07:50:39","slug":"quick-flu-rsv-testi","status":"publish","type":"page","link":"https:\/\/www.arcdia.com\/fi\/maripoc\/testit\/quick-flu-testit\/","title":{"rendered":"Quick Flu -testit"},"content":{"rendered":"\n\n\t\t\t\t<img decoding=\"async\" src=\"https:\/\/www.arcdia.com\/wp-content\/uploads\/2021\/07\/mariPOC-Quick-Flu-banner.jpg\" alt=\"mariPOC Quick Flu banner\" itemprop=\"image\" height=\"600\" width=\"1920\" title=\"mariPOC Quick Flu banner\" onerror=\"this.style.display='none'\" loading=\"lazy\" \/>\n\t<div class=\"menu-paavalikko-container\"><ul id=\"arcdia-sivulinkit\" class=\"sivupalkinlinkit\"><li id=\"menu-item-1600\" class=\"menu-item menu-item-type-post_type menu-item-object-page menu-item-has-children menu-item-1600\"><a href=\"https:\/\/www.arcdia.com\/fi\/maripoc\/testit\/\">Testit\u00a0<\/a>\n<ul class=\"sub-menu\">\n\t<li id=\"menu-item-6255\" class=\"menu-item menu-item-type-post_type menu-item-object-page menu-item-6255\"><a href=\"https:\/\/www.arcdia.com\/fi\/maripoc\/testit\/covid-19-testit\/\">COVID-19-testit<\/a><\/li>\n\t<li id=\"menu-item-1599\" class=\"menu-item menu-item-type-post_type menu-item-object-page menu-item-1599\"><a href=\"https:\/\/www.arcdia.com\/fi\/maripoc\/testit\/respi-testit\/\">Respi-testi<\/a><\/li>\n\t<li id=\"menu-item-1784\" class=\"menu-item menu-item-type-post_type menu-item-object-page menu-item-1784\"><a href=\"https:\/\/www.arcdia.com\/fi\/maripoc\/testit\/pharyn-testi\/\">Pharyn-testi<\/a><\/li>\n\t<li id=\"menu-item-1785\" class=\"menu-item menu-item-type-post_type menu-item-object-page menu-item-1785\"><a href=\"https:\/\/www.arcdia.com\/fi\/maripoc\/testit\/quick-strepa-testi\/\">Quick StrepA -testi<\/a><\/li>\n\t<li id=\"menu-item-1601\" class=\"menu-item menu-item-type-post_type menu-item-object-page menu-item-1601\"><a href=\"https:\/\/www.arcdia.com\/fi\/maripoc\/testit\/quick-flu-testit\/\">Quick Flu -testit<\/a><\/li>\n\t<li id=\"menu-item-1782\" class=\"menu-item menu-item-type-post_type menu-item-object-page menu-item-1782\"><a href=\"https:\/\/www.arcdia.com\/fi\/maripoc\/testit\/cdi-testi\/\">CDI-testi<\/a><\/li>\n\t<li id=\"menu-item-1783\" class=\"menu-item menu-item-type-post_type menu-item-object-page menu-item-1783\"><a href=\"https:\/\/www.arcdia.com\/fi\/maripoc\/testit\/gastro-testi\/\">Gastro-testi<\/a><\/li>\n<\/ul>\n<\/li>\n<li id=\"menu-item-1986\" class=\"menu-item menu-item-type-post_type menu-item-object-page menu-item-1986\"><a href=\"https:\/\/www.arcdia.com\/fi\/maripoc\/tuotteet\/\">Tuotteet<\/a><\/li>\n<li id=\"menu-item-1724\" class=\"menu-item menu-item-type-post_type menu-item-object-page menu-item-1724\"><a href=\"https:\/\/www.arcdia.com\/fi\/maripoc\/suorituskyky\/\">Suorituskyky<\/a><\/li>\n<li id=\"menu-item-1725\" class=\"menu-item menu-item-type-post_type menu-item-object-page menu-item-1725\"><a href=\"https:\/\/www.arcdia.com\/fi\/maripoc\/naytteenotto\/\">N\u00e4ytteenotto<\/a><\/li>\n<li id=\"menu-item-1751\" class=\"menu-item menu-item-type-post_type menu-item-object-page menu-item-1751\"><a href=\"https:\/\/www.arcdia.com\/fi\/tilaukset\/\">Tilaukset<\/a><\/li>\n<li id=\"menu-item-5535\" class=\"menu-item menu-item-type-post_type menu-item-object-page menu-item-5535\"><a href=\"https:\/\/www.arcdia.com\/fi\/maripoc\/potilaiden-ja-kayttajien-kokemuksia\/\">Potilaiden ja k\u00e4ytt\u00e4jien kokemuksia<\/a><\/li>\n<li id=\"menu-item-1752\" class=\"menu-item menu-item-type-post_type menu-item-object-page menu-item-has-children menu-item-1752\"><a href=\"https:\/\/www.arcdia.com\/fi\/maripoc\/kirjallisuus\/\">Kirjallisuus<\/a>\n<ul class=\"sub-menu\">\n\t<li id=\"menu-item-1750\" class=\"menu-item menu-item-type-post_type menu-item-object-page menu-item-1750\"><a href=\"https:\/\/www.arcdia.com\/fi\/maripoc\/kirjallisuus\/tuote-esitteet\/\">Tuote-esitteet<\/a><\/li>\n\t<li id=\"menu-item-4375\" class=\"menu-item menu-item-type-post_type menu-item-object-page menu-item-4375\"><a href=\"https:\/\/www.arcdia.com\/fi\/maripoc\/kirjallisuus\/hengitystieinfektiot\/\">Hengitystieinfektiot<\/a><\/li>\n\t<li id=\"menu-item-4379\" class=\"menu-item menu-item-type-post_type menu-item-object-page menu-item-4379\"><a href=\"https:\/\/www.arcdia.com\/fi\/maripoc\/kirjallisuus\/suolistoinfektiot\/\">Suolistoinfektiot<\/a><\/li>\n<\/ul>\n<\/li>\n<\/ul><\/div>\n<h1>\n\t\t\tmariPOC\u00ae Quick Flu -pikatestit \t<\/h1>\n\t<p>mariPOC\u00ae Quick Flu+ -testi on tarkoitettu hengitystieinfektioita aiheuttavien taudinaiheuttajien pikatestaukseen. Testi tunnistaa SARS-koronaviruksen lis\u00e4ksi samankaltaiset oireet aiheuttavat influenssa A-, influenssa B- ja RS-virukset. Testitulos auttaa l\u00e4\u00e4k\u00e4ri\u00e4 n\u00e4iden kolmen virustaudin erotusdiagnostiikassa.<\/p>\n<h2>\n\t\t\tCOVID-19, influenssa vai joku muu?\t<\/h2>\n\t<p>Suurin osa hengitystieinfektioista on virusper\u00e4isi\u00e4. Virusflunssaan antibiooteista ei ole apua. <a href=\"https:\/\/doi.org\/10.1111\/irv.12862\" target=\"_blank\" rel=\"noopener\">Influenssal\u00e4\u00e4kkeet lievent\u00e4v\u00e4t eritt\u00e4in tehokkaasti oireita<\/a> ja lyhent\u00e4v\u00e4t taudin kestoa, kunhan l\u00e4\u00e4kitys aloitetaan parin vuorokauden kuluessa oireiden alkamisesta. RS-virus taas on eritt\u00e4in merkitt\u00e4v\u00e4 taudinaiheuttaja erityisesti lapsilla ja vanhuksilla. Influenssan erottaminen tavallisesta flunssasta on t\u00e4rke\u00e4\u00e4, sill\u00e4 influenssatartunta voi vied\u00e4 tehohoitoon ja olla hengenvaarallinen.<\/p>\n<p>Quick Flu+ -influenssapikatesti raportoi perinteisi\u00e4 pikatestej\u00e4 tarkemmat tulokset nelj\u00e4lle virukselle <strong>20 minuutissa<\/strong>.<\/p>\n<p><img decoding=\"async\" src=\"https:\/\/www.arcdia.com\/wp-content\/uploads\/2022\/06\/maripoc-quick-flu-tyonkulku-scaled.webp\" alt=\"\" width=\"2560\" height=\"529\" \/><\/p>\n<p>N\u00e4ytteenotto testi\u00e4 varten tapahtuu ottamalla nen\u00e4nielusta n\u00e4yte nukkatikulla tai imulimana. <a href=\"https:\/\/www.arcdia.com\/fi\/maripoc\/naytteenotto\/\">N\u00e4ytteen k\u00e4sittely<\/a> ennen analyysi\u00e4 on helppoa ja nopeaa.<\/p>\n\t<h2>Testien kattavuus<\/h2>\n<p>&nbsp;<\/p>\n<p><img decoding=\"async\" src=\"https:\/\/www.arcdia.com\/wp-content\/uploads\/2020\/06\/FI-testipaneeli-quickflu-testi-vector.png\" alt=\"Quick Flu+ koronaviruksen ja influenssan pikatesti - mariPOC\" width=\"503\" height=\"139\" \/><\/p>\n<p><img decoding=\"async\" src=\"https:\/\/www.arcdia.com\/wp-content\/uploads\/2020\/06\/FI-testipaneeli-quickflu-testi-vector-1.png\" alt=\"Quick Flu\/RSV influenssapikatesti - mariPOC\" width=\"503\" height=\"139\" \/><\/p>\n\t<p>Pikatesti on saatavilla laajasti merkitt\u00e4vimmill\u00e4 suomalaisilla yksityisill\u00e4 <a href=\"https:\/\/www.arcdia.com\/fi\/maripoc\/mika-on-maripoc\/#asiakas\">l\u00e4\u00e4k\u00e4riasemilla<\/a>. Katso lis\u00e4tiedot <a href=\"https:\/\/www.arcdia.com\/wp-content\/uploads\/2025\/10\/2025-09-maripoc-quick-fi.pdf\">Quick-esitteest\u00e4<\/a>.<\/p>\n\n","protected":false},"excerpt":{"rendered":"<p>mariPOC\u00ae Quick Flu -pikatestit mariPOC\u00ae Quick Flu+ -testi on tarkoitettu hengitystieinfektioita aiheuttavien taudinaiheuttajien pikatestaukseen. Testi tunnistaa SARS-koronaviruksen lis\u00e4ksi samankaltaiset oireet aiheuttavat influenssa A-, influenssa B- ja RS-virukset. Testitulos auttaa l\u00e4\u00e4k\u00e4ri\u00e4 n\u00e4iden kolmen virustaudin erotusdiagnostiikassa. COVID-19, influenssa vai joku muu? Suurin osa hengitystieinfektioista on virusper\u00e4isi\u00e4. Virusflunssaan antibiooteista ei ole apua. Influenssal\u00e4\u00e4kkeet lievent\u00e4v\u00e4t eritt\u00e4in tehokkaasti oireita ja [&hellip;]<\/p>\n","protected":false},"author":1,"featured_media":0,"parent":1588,"menu_order":4,"comment_status":"closed","ping_status":"closed","template":"","meta":{"_acf_changed":false,"footnotes":""},"class_list":["post-1590","page","type-page","status-publish","hentry"],"acf":[],"_links":{"self":[{"href":"https:\/\/www.arcdia.com\/fi\/wp-json\/wp\/v2\/pages\/1590","targetHints":{"allow":["GET"]}}],"collection":[{"href":"https:\/\/www.arcdia.com\/fi\/wp-json\/wp\/v2\/pages"}],"about":[{"href":"https:\/\/www.arcdia.com\/fi\/wp-json\/wp\/v2\/types\/page"}],"author":[{"embeddable":true,"href":"https:\/\/www.arcdia.com\/fi\/wp-json\/wp\/v2\/users\/1"}],"replies":[{"embeddable":true,"href":"https:\/\/www.arcdia.com\/fi\/wp-json\/wp\/v2\/comments?post=1590"}],"version-history":[{"count":28,"href":"https:\/\/www.arcdia.com\/fi\/wp-json\/wp\/v2\/pages\/1590\/revisions"}],"predecessor-version":[{"id":9217,"href":"https:\/\/www.arcdia.com\/fi\/wp-json\/wp\/v2\/pages\/1590\/revisions\/9217"}],"up":[{"embeddable":true,"href":"https:\/\/www.arcdia.com\/fi\/wp-json\/wp\/v2\/pages\/1588"}],"wp:attachment":[{"href":"https:\/\/www.arcdia.com\/fi\/wp-json\/wp\/v2\/media?parent=1590"}],"curies":[{"name":"wp","href":"https:\/\/api.w.org\/{rel}","templated":true}]}}