{"id":1592,"date":"2019-02-17T13:57:21","date_gmt":"2019-02-17T11:57:21","guid":{"rendered":"https:\/\/www.arcdia.com\/?page_id=1592"},"modified":"2022-06-23T14:16:31","modified_gmt":"2022-06-23T11:16:31","slug":"respi-testi","status":"publish","type":"page","link":"https:\/\/www.arcdia.com\/fi\/maripoc\/testit\/respi-testit\/","title":{"rendered":"Respi-testi"},"content":{"rendered":"\n\n\t\t\t\t<img decoding=\"async\" src=\"https:\/\/www.arcdia.com\/wp-content\/uploads\/2019\/03\/Respi-banner.png\" alt=\"Respi-banner\" itemprop=\"image\" height=\"600\" width=\"1920\" title=\"Respi-banner\" onerror=\"this.style.display='none'\"  \/>\n\t<div class=\"menu-paavalikko-container\"><ul id=\"arcdia-sivulinkit\" class=\"sivupalkinlinkit\"><li id=\"menu-item-1600\" class=\"menu-item menu-item-type-post_type menu-item-object-page menu-item-has-children menu-item-1600\"><a href=\"https:\/\/www.arcdia.com\/fi\/maripoc\/testit\/\">Testit\u00a0<\/a>\n<ul class=\"sub-menu\">\n\t<li id=\"menu-item-6255\" class=\"menu-item menu-item-type-post_type menu-item-object-page menu-item-6255\"><a href=\"https:\/\/www.arcdia.com\/fi\/maripoc\/testit\/covid-19-testit\/\">COVID-19-testit<\/a><\/li>\n\t<li id=\"menu-item-1599\" class=\"menu-item menu-item-type-post_type menu-item-object-page menu-item-1599\"><a href=\"https:\/\/www.arcdia.com\/fi\/maripoc\/testit\/respi-testit\/\">Respi-testi<\/a><\/li>\n\t<li id=\"menu-item-1784\" class=\"menu-item menu-item-type-post_type menu-item-object-page menu-item-1784\"><a href=\"https:\/\/www.arcdia.com\/fi\/maripoc\/testit\/pharyn-testi\/\">Pharyn-testi<\/a><\/li>\n\t<li id=\"menu-item-1785\" class=\"menu-item menu-item-type-post_type menu-item-object-page menu-item-1785\"><a href=\"https:\/\/www.arcdia.com\/fi\/maripoc\/testit\/quick-strepa-testi\/\">Quick StrepA -testi<\/a><\/li>\n\t<li id=\"menu-item-1601\" class=\"menu-item menu-item-type-post_type menu-item-object-page menu-item-1601\"><a href=\"https:\/\/www.arcdia.com\/fi\/maripoc\/testit\/quick-flu-testit\/\">Quick Flu -testit<\/a><\/li>\n\t<li id=\"menu-item-1782\" class=\"menu-item menu-item-type-post_type menu-item-object-page menu-item-1782\"><a href=\"https:\/\/www.arcdia.com\/fi\/maripoc\/testit\/cdi-testi\/\">CDI-testi<\/a><\/li>\n\t<li id=\"menu-item-1783\" class=\"menu-item menu-item-type-post_type menu-item-object-page menu-item-1783\"><a href=\"https:\/\/www.arcdia.com\/fi\/maripoc\/testit\/gastro-testi\/\">Gastro-testi<\/a><\/li>\n<\/ul>\n<\/li>\n<li id=\"menu-item-1986\" class=\"menu-item menu-item-type-post_type menu-item-object-page menu-item-1986\"><a href=\"https:\/\/www.arcdia.com\/fi\/maripoc\/tuotteet\/\">Tuotteet<\/a><\/li>\n<li id=\"menu-item-1724\" class=\"menu-item menu-item-type-post_type menu-item-object-page menu-item-1724\"><a href=\"https:\/\/www.arcdia.com\/fi\/maripoc\/suorituskyky\/\">Suorituskyky<\/a><\/li>\n<li id=\"menu-item-1725\" class=\"menu-item menu-item-type-post_type menu-item-object-page menu-item-1725\"><a href=\"https:\/\/www.arcdia.com\/fi\/maripoc\/naytteenotto\/\">N\u00e4ytteenotto<\/a><\/li>\n<li id=\"menu-item-1751\" class=\"menu-item menu-item-type-post_type menu-item-object-page menu-item-1751\"><a href=\"https:\/\/www.arcdia.com\/fi\/tilaukset\/\">Tilaukset<\/a><\/li>\n<li id=\"menu-item-5535\" class=\"menu-item menu-item-type-post_type menu-item-object-page menu-item-5535\"><a href=\"https:\/\/www.arcdia.com\/fi\/maripoc\/potilaiden-ja-kayttajien-kokemuksia\/\">Potilaiden ja k\u00e4ytt\u00e4jien kokemuksia<\/a><\/li>\n<li id=\"menu-item-1752\" class=\"menu-item menu-item-type-post_type menu-item-object-page menu-item-has-children menu-item-1752\"><a href=\"https:\/\/www.arcdia.com\/fi\/maripoc\/kirjallisuus\/\">Kirjallisuus<\/a>\n<ul class=\"sub-menu\">\n\t<li id=\"menu-item-1750\" class=\"menu-item menu-item-type-post_type menu-item-object-page menu-item-1750\"><a href=\"https:\/\/www.arcdia.com\/fi\/maripoc\/kirjallisuus\/tuote-esitteet\/\">Tuote-esitteet<\/a><\/li>\n\t<li id=\"menu-item-4375\" class=\"menu-item menu-item-type-post_type menu-item-object-page menu-item-4375\"><a href=\"https:\/\/www.arcdia.com\/fi\/maripoc\/kirjallisuus\/hengitystieinfektiot\/\">Hengitystieinfektiot<\/a><\/li>\n\t<li id=\"menu-item-4379\" class=\"menu-item menu-item-type-post_type menu-item-object-page menu-item-4379\"><a href=\"https:\/\/www.arcdia.com\/fi\/maripoc\/kirjallisuus\/suolistoinfektiot\/\">Suolistoinfektiot<\/a><\/li>\n<\/ul>\n<\/li>\n<\/ul><\/div>\n<h1>\n\t\tmariPOC\u00ae Respi -testi COVID-19- ja influenssan taudinkuville\n\t<\/h1>\n\tmariPOC\u00ae Respi+ -testi on tarkoitettu yl\u00e4- ja alahengitystieinfektioita aiheuttavien taudinaiheuttajien pikatestaukseen. <strong>Testill\u00e4 voidaan samanaikaisesti analysoida yli kymmenen eri virusta ja bakteeria<\/strong>. Testi kattaa t\u00e4rkeimm\u00e4t influenssan ja COVIDin kaltaisia oireita aiheuttavat mikrobit ja tunnistaa my\u00f6s influenssa A:n alatyypit, kuten sika- ja lintuinfluenssan. Respi+ on oikea ratkaisun koronaviruspandemian hallintaan influenssakauden aikana.<strong><br \/>\n<\/strong>\n<p><strong>Tarkka ja nopea diagnoosi<\/strong> mahdollistaa antibioottihoidon aloittamisen niille potilaille, jotka siit\u00e4 todenn\u00e4k\u00f6isesti hy\u00f6tyv\u00e4t. Toisaalta suurin osa hengitystieinfektioista on virusper\u00e4isi\u00e4, jolloin antibioottihoito on tarpeeton. Tarpeettomat antibioottikuurit aiheuttavat muun muassa ripulia ja hiivatulehduksia, ja ne muuttavat suoliston normaalia bakteerikantaa jopa puoleksi vuodeksi. Taudinaiheuttajaspesifisen mariPOC\u00ae-diagnostiikan avulla voidaan usein v\u00e4ltty\u00e4 turhilta antibioottikuureilta.<\/p>\n<p>Influenssaan on eritt\u00e4in tehokas l\u00e4\u00e4ke, joka <a href=\"https:\/\/doi.org\/10.1111\/irv.12862\" target=\"_blank\" rel=\"noopener\">lievent\u00e4\u00e4 taudin oireita<\/a> ja lyhent\u00e4\u00e4 taudin kestoa jopa kaksi p\u00e4iv\u00e4\u00e4. L\u00e4\u00e4kkeen tehoamiseksi sen k\u00e4ytt\u00f6 on aloitettava viimeist\u00e4\u00e4n kahden p\u00e4iv\u00e4n ja mieluummin vuorokauden kuluessa oireiden alkamisesta. Influenssapikatestin k\u00e4ytt\u00f6 mahdollistaa my\u00f6s altistuneiden estol\u00e4\u00e4kityksen ja jatkotartuntojen ehk\u00e4isyn. L\u00e4\u00e4ke ei tehoa muihin viruksiin. mariPOC\u00ae influenssavirus A -testi on \u00e4\u00e4rimm\u00e4isen herkk\u00e4 ja tarkka pikatesti. Suoraan viruksen osoittamiseen perustuvista testeist\u00e4 se on markkinoiden herkin.<\/p>\n<h2>\n\t\tHelppo ja nopea ty\u00f6nkulku\n\t<\/h2>\n\t\t\t\t<img decoding=\"async\" src=\"https:\/\/www.arcdia.com\/wp-content\/uploads\/2021\/06\/maripoc-respi-tyonkulku-scaled.webp\" alt=\"mariPOC Respi+ influenssan pikatesti ty\u00f6nkulku\" itemprop=\"image\" height=\"585\" width=\"2560\" title=\"Ty\u00f6nkulku\" onerror=\"this.style.display='none'\"  \/>\n\t<ul>\n<li><strong>20 minuuttia: <\/strong>Vahvat positiiviset raportoidaan. Keskim\u00e4\u00e4rin 80 % positiivista tuloksista. Koronavirus-, RSV- ja influenssavirus A -l\u00f6yd\u00f6ksist\u00e4 90-95 %, kun testi\u00e4 k\u00e4ytet\u00e4\u00e4n valmistajan suositusten mukaisesti.<\/li>\n<li><strong>2 tuntia:<\/strong> Matalat positiiviset ja negatiiviset raportoidaan kahdessa tunnissa. Laboratoriotasoiset tulokset.<\/li>\n<\/ul>\n<p>N\u00e4ytteenotto tapahtuu tyypillisesti ottamalla nukkatikkun\u00e4yte nen\u00e4nielusta. N\u00e4ytteiden\u00a0<a href=\"https:\/\/www.arcdia.com\/fi\/maripoc\/naytteenotto\/\">esik\u00e4sittely<\/a>\u00a0ennen automaattista analysointia on helppoa ja se tehd\u00e4\u00e4n k\u00e4ytt\u00e4j\u00e4turvallisesti suljetussa n\u00e4yteputkessa.<\/p>\n\t\t\t<a href=\"https:\/\/www.arcdia.com\/fi\/maripoc\/potilaiden-ja-kayttajien-kokemuksia\/\" target=\"_self\" role=\"button\" rel=\"noopener\">\n\t\t\t\t\t\t\tTutustu potilaskokemuksiin\n\t\t\t\t\t<\/a>\n\t<h2>Testin kattavuus<\/h2>\n<p><img decoding=\"async\" src=\"https:\/\/www.arcdia.com\/wp-content\/uploads\/2020\/05\/FI-testipaneeli-respi-testi-vector-2.png\" alt=\"Respi+ monianalyyttinen influenssan ja koronan pikatesti\" width=\"612\" height=\"424\" \/><\/p>\n<h2>\n\t\tUsean taudinaiheuttajan testaus samalla kertaa\n\t<\/h2>\n\t<p>Respi+ -pikatestill\u00e4 tunnistat samanaikaisesti SARS-CoV-2:n, Influenssavirus A:n ja B:n, RS-viruksen, metapneumoviruksen, koronavirus OC43:n, parainfluenssavirukset 1,2 &amp; 3, adenoviruksen sek\u00e4 pneumokokin. Testi tunnistaa my\u00f6s kausi-influenssavirukset H1N1v, H1N1, H3N2 ja potentiaalisesti pandeemiset lintuinfluenssavirukset H5N1, H9N2, H7N3, H2N2 ja H7N9.<\/p>\n<p>Hengitystieinfektioille on tyypillist\u00e4, ett\u00e4 taudinaiheuttajaa ei voida diagnosoida luotettavasti pelkkien oireiden perusteella. Edes eroa bakteeri- ja virustautien v\u00e4lill\u00e4, eli tarkkaa p\u00e4\u00e4t\u00f6st\u00e4 antibioottihoidosta, ei pysty tekem\u00e4\u00e4n ilman laboratoriotestausta. Tyypillisesti mahdollisia taudinaiheuttajia, jotka voivat aiheuttaa samanlaisia oireita, on useita ja ne kiert\u00e4v\u00e4t samanaikaisesti influenssaviruksen kanssa (kts. <a href=\"https:\/\/www.arcdia.com\/fi\/maricloud\/\">mariCloud<\/a>). T\u00e4st\u00e4 syyst\u00e4 tarkan diagnoosin saamiseksi potilaasta tulee testata useita taudinaiheuttajia samalla kertaa. Pelkk\u00e4 influenssaviruksen testaaminen ei riit\u00e4.<\/p>\n<h2>\n\t\tParempi potilasvirran hallinta\n\t<\/h2>\n\t<p>Monta taudinaiheuttajaa yhdest\u00e4 n\u00e4ytteest\u00e4 testaava mariPOC\u00ae Respi+ -testi on kustannustehokas ty\u00f6kalu sairaalan potilaskohortointiin ja karanteenitoimista p\u00e4\u00e4tt\u00e4miseen. Kohortoinnilla tarkoitetaan sairaalaan hoitoon otettujen potilaiden jaottelua taudinaiheuttajan mukaan. Esimerkiksi influenssaviruspotilaat ja RS-virus-potilaat ohjataan eri huoneisiin infektioiden levi\u00e4misen ehk\u00e4isemiseksi.<\/p>\n<p>mariPOC\u00ae Respi+ -testi tehostaa sairaalan ja p\u00e4ivystyksen potilasvirran hallintaa antamalla l\u00e4\u00e4k\u00e4reille tukea p\u00e4\u00e4tt\u00e4\u00e4 potilaiden ottamisesta sairaalahoitoon ja tarkkailuun tai l\u00e4hetett\u00e4v\u00e4ksi kotiin. Suora taudinaiheuttajan osoittaminen mahdollistaa muiden laboratoriotestien minimoinnin. Esimerkiksi verin\u00e4ytteit\u00e4 ja s\u00e4teilyaltistusta aiheuttavia r\u00f6ntgenkuvia ei v\u00e4ltt\u00e4m\u00e4tt\u00e4 tarvita.<\/p>\n<p>Testi on saatavilla laajasti merkitt\u00e4vimmill\u00e4 suomalaisilla yksityisill\u00e4 <a href=\"https:\/\/www.arcdia.com\/fi\/maripoc\/mika-on-maripoc\/#asiakas\">l\u00e4\u00e4k\u00e4riasemilla<\/a>. Katso lis\u00e4tiedot <a href=\"https:\/\/www.arcdia.com\/wp-content\/uploads\/2022\/06\/2022-06-maripoc-respi-brochure-fi.pdf\">Respi+ -esitteest\u00e4<\/a>.<\/p>\n\n","protected":false},"excerpt":{"rendered":"<p>mariPOC\u00ae Respi -testi COVID-19- ja influenssan taudinkuville mariPOC\u00ae Respi+ -testi on tarkoitettu yl\u00e4- ja alahengitystieinfektioita aiheuttavien taudinaiheuttajien pikatestaukseen. Testill\u00e4 voidaan samanaikaisesti analysoida yli kymmenen eri virusta ja bakteeria. Testi kattaa t\u00e4rkeimm\u00e4t influenssan ja COVIDin kaltaisia oireita aiheuttavat mikrobit ja tunnistaa my\u00f6s influenssa A:n alatyypit, kuten sika- ja lintuinfluenssan. Respi+ on oikea ratkaisun koronaviruspandemian hallintaan influenssakauden [&hellip;]<\/p>\n","protected":false},"author":1,"featured_media":0,"parent":1588,"menu_order":0,"comment_status":"closed","ping_status":"closed","template":"","meta":{"_acf_changed":false,"footnotes":""},"class_list":["post-1592","page","type-page","status-publish","hentry"],"acf":[],"_links":{"self":[{"href":"https:\/\/www.arcdia.com\/fi\/wp-json\/wp\/v2\/pages\/1592","targetHints":{"allow":["GET"]}}],"collection":[{"href":"https:\/\/www.arcdia.com\/fi\/wp-json\/wp\/v2\/pages"}],"about":[{"href":"https:\/\/www.arcdia.com\/fi\/wp-json\/wp\/v2\/types\/page"}],"author":[{"embeddable":true,"href":"https:\/\/www.arcdia.com\/fi\/wp-json\/wp\/v2\/users\/1"}],"replies":[{"embeddable":true,"href":"https:\/\/www.arcdia.com\/fi\/wp-json\/wp\/v2\/comments?post=1592"}],"version-history":[{"count":73,"href":"https:\/\/www.arcdia.com\/fi\/wp-json\/wp\/v2\/pages\/1592\/revisions"}],"predecessor-version":[{"id":8610,"href":"https:\/\/www.arcdia.com\/fi\/wp-json\/wp\/v2\/pages\/1592\/revisions\/8610"}],"up":[{"embeddable":true,"href":"https:\/\/www.arcdia.com\/fi\/wp-json\/wp\/v2\/pages\/1588"}],"wp:attachment":[{"href":"https:\/\/www.arcdia.com\/fi\/wp-json\/wp\/v2\/media?parent=1592"}],"curies":[{"name":"wp","href":"https:\/\/api.w.org\/{rel}","templated":true}]}}