{"id":1717,"date":"2019-02-25T14:07:48","date_gmt":"2019-02-25T12:07:48","guid":{"rendered":"https:\/\/www.arcdia.com\/?page_id=1717"},"modified":"2022-07-01T10:08:29","modified_gmt":"2022-07-01T07:08:29","slug":"naytteenotto","status":"publish","type":"page","link":"https:\/\/www.arcdia.com\/fi\/maripoc\/naytteenotto\/","title":{"rendered":"N\u00e4ytteenotto"},"content":{"rendered":"\n\n\t\t\t\t<img decoding=\"async\" src=\"https:\/\/www.arcdia.com\/wp-content\/uploads\/2019\/03\/throat-sample-1920x500.jpg\" alt=\"N\u00e4ytteenotto nielusta\" itemprop=\"image\" height=\"600\" width=\"1920\" title=\"N\u00e4ytteenotto - sampling\" onerror=\"this.style.display='none'\"  \/>\n\t<div class=\"menu-paavalikko-container\"><ul id=\"arcdia-sivulinkit\" class=\"sivupalkinlinkit\"><li id=\"menu-item-1600\" class=\"menu-item menu-item-type-post_type menu-item-object-page menu-item-has-children menu-item-1600\"><a href=\"https:\/\/www.arcdia.com\/fi\/maripoc\/testit\/\">Testit\u00a0<\/a>\n<ul class=\"sub-menu\">\n\t<li id=\"menu-item-6255\" class=\"menu-item menu-item-type-post_type menu-item-object-page menu-item-6255\"><a href=\"https:\/\/www.arcdia.com\/fi\/maripoc\/testit\/covid-19-testit\/\">COVID-19-testit<\/a><\/li>\n\t<li id=\"menu-item-1599\" class=\"menu-item menu-item-type-post_type menu-item-object-page menu-item-1599\"><a href=\"https:\/\/www.arcdia.com\/fi\/maripoc\/testit\/respi-testit\/\">Respi-testi<\/a><\/li>\n\t<li id=\"menu-item-1784\" class=\"menu-item menu-item-type-post_type menu-item-object-page menu-item-1784\"><a href=\"https:\/\/www.arcdia.com\/fi\/maripoc\/testit\/pharyn-testi\/\">Pharyn-testi<\/a><\/li>\n\t<li id=\"menu-item-1785\" class=\"menu-item menu-item-type-post_type menu-item-object-page menu-item-1785\"><a href=\"https:\/\/www.arcdia.com\/fi\/maripoc\/testit\/quick-strepa-testi\/\">Quick StrepA -testi<\/a><\/li>\n\t<li id=\"menu-item-1601\" class=\"menu-item menu-item-type-post_type menu-item-object-page menu-item-1601\"><a href=\"https:\/\/www.arcdia.com\/fi\/maripoc\/testit\/quick-flu-testit\/\">Quick Flu -testit<\/a><\/li>\n\t<li id=\"menu-item-1782\" class=\"menu-item menu-item-type-post_type menu-item-object-page menu-item-1782\"><a href=\"https:\/\/www.arcdia.com\/fi\/maripoc\/testit\/cdi-testi\/\">CDI-testi<\/a><\/li>\n\t<li id=\"menu-item-1783\" class=\"menu-item menu-item-type-post_type menu-item-object-page menu-item-1783\"><a href=\"https:\/\/www.arcdia.com\/fi\/maripoc\/testit\/gastro-testi\/\">Gastro-testi<\/a><\/li>\n<\/ul>\n<\/li>\n<li id=\"menu-item-1986\" class=\"menu-item menu-item-type-post_type menu-item-object-page menu-item-1986\"><a href=\"https:\/\/www.arcdia.com\/fi\/maripoc\/tuotteet\/\">Tuotteet<\/a><\/li>\n<li id=\"menu-item-1724\" class=\"menu-item menu-item-type-post_type menu-item-object-page menu-item-1724\"><a href=\"https:\/\/www.arcdia.com\/fi\/maripoc\/suorituskyky\/\">Suorituskyky<\/a><\/li>\n<li id=\"menu-item-1725\" class=\"menu-item menu-item-type-post_type menu-item-object-page menu-item-1725\"><a href=\"https:\/\/www.arcdia.com\/fi\/maripoc\/naytteenotto\/\">N\u00e4ytteenotto<\/a><\/li>\n<li id=\"menu-item-1751\" class=\"menu-item menu-item-type-post_type menu-item-object-page menu-item-1751\"><a href=\"https:\/\/www.arcdia.com\/fi\/tilaukset\/\">Tilaukset<\/a><\/li>\n<li id=\"menu-item-5535\" class=\"menu-item menu-item-type-post_type menu-item-object-page menu-item-5535\"><a href=\"https:\/\/www.arcdia.com\/fi\/maripoc\/potilaiden-ja-kayttajien-kokemuksia\/\">Potilaiden ja k\u00e4ytt\u00e4jien kokemuksia<\/a><\/li>\n<li id=\"menu-item-1752\" class=\"menu-item menu-item-type-post_type menu-item-object-page menu-item-has-children menu-item-1752\"><a href=\"https:\/\/www.arcdia.com\/fi\/maripoc\/kirjallisuus\/\">Kirjallisuus<\/a>\n<ul class=\"sub-menu\">\n\t<li id=\"menu-item-1750\" class=\"menu-item menu-item-type-post_type menu-item-object-page menu-item-1750\"><a href=\"https:\/\/www.arcdia.com\/fi\/maripoc\/kirjallisuus\/tuote-esitteet\/\">Tuote-esitteet<\/a><\/li>\n\t<li id=\"menu-item-4375\" class=\"menu-item menu-item-type-post_type menu-item-object-page menu-item-4375\"><a href=\"https:\/\/www.arcdia.com\/fi\/maripoc\/kirjallisuus\/hengitystieinfektiot\/\">Hengitystieinfektiot<\/a><\/li>\n\t<li id=\"menu-item-4379\" class=\"menu-item menu-item-type-post_type menu-item-object-page menu-item-4379\"><a href=\"https:\/\/www.arcdia.com\/fi\/maripoc\/kirjallisuus\/suolistoinfektiot\/\">Suolistoinfektiot<\/a><\/li>\n<\/ul>\n<\/li>\n<\/ul><\/div>\n<h1>\n\t\tN\u00e4ytteenotto ja n\u00e4ytteen esik\u00e4sittely\n\t<\/h1>\n\t\t\t\t<img decoding=\"async\" src=\"https:\/\/www.arcdia.com\/wp-content\/uploads\/2021\/01\/Nenanielunaytteesta-4-300x226.png\" alt=\"Nen\u00e4nielun\u00e4ytteest\u00e4\" itemprop=\"image\" height=\"226\" width=\"300\" title=\"Nen\u00e4nielun\u00e4ytteest\u00e4\" onerror=\"this.style.display='none'\"  \/>\n\t\t\t\t<img decoding=\"async\" src=\"https:\/\/www.arcdia.com\/wp-content\/uploads\/2021\/01\/Nielunaytteesta-6-300x211.png\" alt=\"Nielun\u00e4ytteest\u00e4\" itemprop=\"image\" height=\"211\" width=\"300\" title=\"Nielun\u00e4ytteest\u00e4\" onerror=\"this.style.display='none'\"  \/>\n\t<h2><strong>Miksi n\u00e4ytteenotto on t\u00e4rke\u00e4\u00e4?<\/strong><\/h2>\n<ul>\n<li>N\u00e4ytteenoton onnistuminen ja n\u00e4ytteenottoaika oireiden ilmentymisest\u00e4 vaikuttavat testin tarkkuuteen ja varsinkin herkkyyteen<\/li>\n<li>Hyv\u00e4k\u00e4\u00e4n testi ei pysty korjaamaan huonoa n\u00e4ytteenottoa<\/li>\n<li>Hengitystievirustaudinaiheuttajien havaitsemiseksi n\u00e4yte tulisi ottaa kuuden p\u00e4iv\u00e4n sis\u00e4ll\u00e4 oireiden alkamisesta ja mieluiten viiden p\u00e4iv\u00e4n kuluessa.<br \/>\nVirusm\u00e4\u00e4r\u00e4t laskevat ajan kuluessa ja virusantigeenej\u00e4 ei yleens\u00e4 ole havaittavissa en\u00e4\u00e4 6\u20127 p\u00e4iv\u00e4n<br \/>\nj\u00e4lkeen oireiden alkamisesta. Suurimmillaan viruspitoisuudet ovat tyypillisesti 1\u20123 p\u00e4iv\u00e4n aikana oireiden alkamisesta<\/li>\n<\/ul>\n<p><a href=\"https:\/\/www.arcdia.com\/wp-content\/uploads\/2021\/04\/2022-01-Sampling-guide-FI.pdf\">mariPOC n\u00e4ytteenotto-opas<\/a><\/p>\n<h2>\n\t\tNen\u00e4nielun\u00e4ytteenotto\n\t<\/h2>\n\t<h3><strong>Nukkatikkun\u00e4ytteenoton vaiheet nen\u00e4nielusta<\/strong><\/h3>\n<ul>\n<li>Pyyd\u00e4 potilasta niist\u00e4m\u00e4\u00e4n nen\u00e4 ennen n\u00e4ytteenottoa, jos mahdollista<\/li>\n<li>Kallista potilaan p\u00e4\u00e4t\u00e4 taaksep\u00e4in<\/li>\n<li>Ty\u00f6nn\u00e4 nukkatikku reippaasti sieraimeen kitalaen kanssa yhdensuuntaisesti, lapsilla syvyyten\u00e4 v\u00e4hint\u00e4\u00e4n 4-8 cm ja aikuisilla 8-12 cm<\/li>\n<li>Hankaa nukkatikkua limakalvoa vasten py\u00f6ritt\u00e4m\u00e4ll\u00e4 n\u00e4ytteenottosyvyydess\u00e4 useasti ja poista tikku<\/li>\n<\/ul>\n<h4>N\u00e4ytteen esik\u00e4sittely &#8211; nukkatikkun\u00e4yte<\/h4>\n<ol>\n<li>Ota n\u00e4yte nen\u00e4nielusta ja katkaise nukkatikku (Flocked swab) n\u00e4yteputkeen<\/li>\n<li>Lis\u00e4\u00e4 RTI-n\u00e4yteliuos ja sekoita<\/li>\n<li>Aseta viivakooditettu n\u00e4yteputki mariPOC\u00ae-mittalaitteeseen<\/li>\n<\/ol>\n<p><a href=\"https:\/\/www.arcdia.com\/wp-content\/uploads\/2021\/02\/2022-03-maripoc_pikaohje_respi-fi.pdf\">mariPOC\u00ae Respi -testi nukkatikkun\u00e4ytteen esik\u00e4sittelyohje<\/a><\/p>\n<h4>N\u00e4ytteen esik\u00e4sittely &#8211; imuliman\u00e4yte<\/h4>\n<ul>\n<li>Soveltuu laboratoriotestaukseen<\/li>\n<\/ul>\n<p><a href=\"https:\/\/www.arcdia.com\/wp-content\/uploads\/2021\/02\/2022-03-maripoc_pikaohje_respi_aspirate-fi.pdf\">mariPOC\u00ae Respi -testi imuliman\u00e4ytteen esik\u00e4sittelyohje<\/a><\/p>\n<h2>\n\t\tSierainn\u00e4ytteenotto\n\t<\/h2>\n\t<ul>\n<li>Pyyd\u00e4 potilasta niist\u00e4m\u00e4\u00e4n nen\u00e4 ennen n\u00e4ytteenottoa, jos mahdollista<\/li>\n<li>Kallista potilaan p\u00e4\u00e4t\u00e4 taaksep\u00e4in<\/li>\n<\/ul>\n<ol>\n<li>Ty\u00f6nn\u00e4 n\u00e4ytteenottotikku 2-3 cm syvyyteen sieraimeen.<\/li>\n<li>Py\u00f6rit\u00e4 tikkua 5 kertaa nen\u00e4n sein\u00e4mi\u00e4 vasten. Hankaa nukkatikulla my\u00f6s nen\u00e4n limakalvoja kohdasta, jossa nen\u00e4 alkaa kaventua.<\/li>\n<li>Toista prosessi samalla tikulla my\u00f6s toisesta sieraimesta.<\/li>\n<\/ol>\n<p>Katso <a href=\"https:\/\/www.youtube.com\/watch?v=cASEXmjS-Ws\" target=\"_blank\" rel=\"noopener\">video sierainn\u00e4ytteenotosta<\/a>.<\/p>\n<h2>\n\t\tNielun\u00e4ytteenotto\n\t<\/h2>\n\t<h3>Nukkatikkun\u00e4ytteenoton vaiheet nielusta<\/h3>\n<ul>\n<li>Paina kielt\u00e4 alas puulastalla tai pid\u00e4 kielest\u00e4 kiinni paperi\/harsotaitoksella<\/li>\n<li>Pyyhi nukkatikulla tukevasti nielun takasein\u00e4\u00e4 ja nielukaarta. Varo koskemasta posken limakalvoja ja kielt\u00e4, jotta n\u00e4ytetikkuun tarttuisi mahdollisimman paljon taudinaiheuttajia nielusta.<\/li>\n<\/ul>\n<p><a href=\"https:\/\/www.arcdia.com\/wp-content\/uploads\/2021\/04\/2022-01-Sampling-guide-FI.pdf\">mariPOC n\u00e4ytteenotto-opas<\/a><\/p>\n<h4>N\u00e4ytteen esik\u00e4sittely<\/h4>\n<ol>\n<li>Ota nukkatikulla n\u00e4yte nielusta ja katkaise nukkatikku (<a href=\"http:\/\/www.copanusa.com\/index.php\/products\/flocked-swab\/\" target=\"_blank\" rel=\"noopener\">Copan<\/a> tai <a href=\"https:\/\/www.mwe.co.uk\/\" target=\"_blank\" rel=\"noopener\">MWE<\/a> flocked swab) n\u00e4yteputkeen<\/li>\n<li>Lis\u00e4\u00e4 uuttoliuokset, sekoita ja seisota 2-10 minuuttia<\/li>\n<li>Lis\u00e4\u00e4 RTI-n\u00e4yteliuos ja sekoita<\/li>\n<li>Aseta viivakooditettu n\u00e4yteputki mariPOC\u00ae-mittalaitteeseen<\/li>\n<\/ol>\n<p><a href=\"https:\/\/www.arcdia.com\/wp-content\/uploads\/2021\/02\/2022-03-maripoc_pikaohje_pharyn-fi.pdf\">Tutustu pikaohjeeseen.<\/a><\/p>\n\t<h2><strong>Nukkatikut<\/strong><\/h2>\n<ul>\n<li>Valmistaja suosittelee mariPOC\u00ae Respi ja Pharyn -testien n\u00e4ytteenotossa k\u00e4ytett\u00e4v\u00e4n vain nylonnukkatikkuja<\/li>\n<li>Edustavan n\u00e4ytemateriaalin saamiseksi n\u00e4ytteenottoon tulisi valita mahdollisimman suuri nukkatikku potilaan koko huomioiden<\/li>\n<\/ul>\n\n","protected":false},"excerpt":{"rendered":"<p>N\u00e4ytteenotto ja n\u00e4ytteen esik\u00e4sittely Miksi n\u00e4ytteenotto on t\u00e4rke\u00e4\u00e4? N\u00e4ytteenoton onnistuminen ja n\u00e4ytteenottoaika oireiden ilmentymisest\u00e4 vaikuttavat testin tarkkuuteen ja varsinkin herkkyyteen Hyv\u00e4k\u00e4\u00e4n testi ei pysty korjaamaan huonoa n\u00e4ytteenottoa Hengitystievirustaudinaiheuttajien havaitsemiseksi n\u00e4yte tulisi ottaa kuuden p\u00e4iv\u00e4n sis\u00e4ll\u00e4 oireiden alkamisesta ja mieluiten viiden p\u00e4iv\u00e4n kuluessa. Virusm\u00e4\u00e4r\u00e4t laskevat ajan kuluessa ja virusantigeenej\u00e4 ei yleens\u00e4 ole havaittavissa en\u00e4\u00e4 6\u20127 p\u00e4iv\u00e4n [&hellip;]<\/p>\n","protected":false},"author":1,"featured_media":0,"parent":1483,"menu_order":0,"comment_status":"closed","ping_status":"closed","template":"","meta":{"_acf_changed":false,"footnotes":""},"class_list":["post-1717","page","type-page","status-publish","hentry"],"acf":[],"_links":{"self":[{"href":"https:\/\/www.arcdia.com\/fi\/wp-json\/wp\/v2\/pages\/1717","targetHints":{"allow":["GET"]}}],"collection":[{"href":"https:\/\/www.arcdia.com\/fi\/wp-json\/wp\/v2\/pages"}],"about":[{"href":"https:\/\/www.arcdia.com\/fi\/wp-json\/wp\/v2\/types\/page"}],"author":[{"embeddable":true,"href":"https:\/\/www.arcdia.com\/fi\/wp-json\/wp\/v2\/users\/1"}],"replies":[{"embeddable":true,"href":"https:\/\/www.arcdia.com\/fi\/wp-json\/wp\/v2\/comments?post=1717"}],"version-history":[{"count":35,"href":"https:\/\/www.arcdia.com\/fi\/wp-json\/wp\/v2\/pages\/1717\/revisions"}],"predecessor-version":[{"id":8656,"href":"https:\/\/www.arcdia.com\/fi\/wp-json\/wp\/v2\/pages\/1717\/revisions\/8656"}],"up":[{"embeddable":true,"href":"https:\/\/www.arcdia.com\/fi\/wp-json\/wp\/v2\/pages\/1483"}],"wp:attachment":[{"href":"https:\/\/www.arcdia.com\/fi\/wp-json\/wp\/v2\/media?parent=1717"}],"curies":[{"name":"wp","href":"https:\/\/api.w.org\/{rel}","templated":true}]}}