{"id":1719,"date":"2019-02-25T14:07:55","date_gmt":"2019-02-25T12:07:55","guid":{"rendered":"https:\/\/www.arcdia.com\/?page_id=1719"},"modified":"2022-06-23T14:46:46","modified_gmt":"2022-06-23T11:46:46","slug":"suorituskyky","status":"publish","type":"page","link":"https:\/\/www.arcdia.com\/fi\/maripoc\/suorituskyky\/","title":{"rendered":"Suorituskyky"},"content":{"rendered":"\n\n\t\t\t\t<img decoding=\"async\" src=\"https:\/\/www.arcdia.com\/wp-content\/uploads\/2019\/03\/maripoc-banner-picture-with-kids-smiling.webp\" alt=\"Laajoilla testipaneeleilla saadaan useampi tulos yhdest\u00e4 n\u00e4ytteest\u00e4\" itemprop=\"image\" title=\"ArcDia testit - ArcDia tests\" onerror=\"this.style.display='none'\"  \/>\n\t<div class=\"menu-paavalikko-container\"><ul id=\"arcdia-sivulinkit\" class=\"sivupalkinlinkit\"><li id=\"menu-item-1600\" class=\"menu-item menu-item-type-post_type menu-item-object-page menu-item-has-children menu-item-1600\"><a href=\"https:\/\/www.arcdia.com\/fi\/maripoc\/testit\/\">Testit\u00a0<\/a>\n<ul class=\"sub-menu\">\n\t<li id=\"menu-item-6255\" class=\"menu-item menu-item-type-post_type menu-item-object-page menu-item-6255\"><a href=\"https:\/\/www.arcdia.com\/fi\/maripoc\/testit\/covid-19-testit\/\">COVID-19-testit<\/a><\/li>\n\t<li id=\"menu-item-1599\" class=\"menu-item menu-item-type-post_type menu-item-object-page menu-item-1599\"><a href=\"https:\/\/www.arcdia.com\/fi\/maripoc\/testit\/respi-testit\/\">Respi-testi<\/a><\/li>\n\t<li id=\"menu-item-1784\" class=\"menu-item menu-item-type-post_type menu-item-object-page menu-item-1784\"><a href=\"https:\/\/www.arcdia.com\/fi\/maripoc\/testit\/pharyn-testi\/\">Pharyn-testi<\/a><\/li>\n\t<li id=\"menu-item-1785\" class=\"menu-item menu-item-type-post_type menu-item-object-page menu-item-1785\"><a href=\"https:\/\/www.arcdia.com\/fi\/maripoc\/testit\/quick-strepa-testi\/\">Quick StrepA -testi<\/a><\/li>\n\t<li id=\"menu-item-1601\" class=\"menu-item menu-item-type-post_type menu-item-object-page menu-item-1601\"><a href=\"https:\/\/www.arcdia.com\/fi\/maripoc\/testit\/quick-flu-testit\/\">Quick Flu -testit<\/a><\/li>\n\t<li id=\"menu-item-1782\" class=\"menu-item menu-item-type-post_type menu-item-object-page menu-item-1782\"><a href=\"https:\/\/www.arcdia.com\/fi\/maripoc\/testit\/cdi-testi\/\">CDI-testi<\/a><\/li>\n\t<li id=\"menu-item-1783\" class=\"menu-item menu-item-type-post_type menu-item-object-page menu-item-1783\"><a href=\"https:\/\/www.arcdia.com\/fi\/maripoc\/testit\/gastro-testi\/\">Gastro-testi<\/a><\/li>\n<\/ul>\n<\/li>\n<li id=\"menu-item-1986\" class=\"menu-item menu-item-type-post_type menu-item-object-page menu-item-1986\"><a href=\"https:\/\/www.arcdia.com\/fi\/maripoc\/tuotteet\/\">Tuotteet<\/a><\/li>\n<li id=\"menu-item-1724\" class=\"menu-item menu-item-type-post_type menu-item-object-page menu-item-1724\"><a href=\"https:\/\/www.arcdia.com\/fi\/maripoc\/suorituskyky\/\">Suorituskyky<\/a><\/li>\n<li id=\"menu-item-1725\" class=\"menu-item menu-item-type-post_type menu-item-object-page menu-item-1725\"><a href=\"https:\/\/www.arcdia.com\/fi\/maripoc\/naytteenotto\/\">N\u00e4ytteenotto<\/a><\/li>\n<li id=\"menu-item-1751\" class=\"menu-item menu-item-type-post_type menu-item-object-page menu-item-1751\"><a href=\"https:\/\/www.arcdia.com\/fi\/tilaukset\/\">Tilaukset<\/a><\/li>\n<li id=\"menu-item-5535\" class=\"menu-item menu-item-type-post_type menu-item-object-page menu-item-5535\"><a href=\"https:\/\/www.arcdia.com\/fi\/maripoc\/potilaiden-ja-kayttajien-kokemuksia\/\">Potilaiden ja k\u00e4ytt\u00e4jien kokemuksia<\/a><\/li>\n<li id=\"menu-item-1752\" class=\"menu-item menu-item-type-post_type menu-item-object-page menu-item-has-children menu-item-1752\"><a href=\"https:\/\/www.arcdia.com\/fi\/maripoc\/kirjallisuus\/\">Kirjallisuus<\/a>\n<ul class=\"sub-menu\">\n\t<li id=\"menu-item-1750\" class=\"menu-item menu-item-type-post_type menu-item-object-page menu-item-1750\"><a href=\"https:\/\/www.arcdia.com\/fi\/maripoc\/kirjallisuus\/tuote-esitteet\/\">Tuote-esitteet<\/a><\/li>\n\t<li id=\"menu-item-4375\" class=\"menu-item menu-item-type-post_type menu-item-object-page menu-item-4375\"><a href=\"https:\/\/www.arcdia.com\/fi\/maripoc\/kirjallisuus\/hengitystieinfektiot\/\">Hengitystieinfektiot<\/a><\/li>\n\t<li id=\"menu-item-4379\" class=\"menu-item menu-item-type-post_type menu-item-object-page menu-item-4379\"><a href=\"https:\/\/www.arcdia.com\/fi\/maripoc\/kirjallisuus\/suolistoinfektiot\/\">Suolistoinfektiot<\/a><\/li>\n<\/ul>\n<\/li>\n<\/ul><\/div>\n<h1>\n\t\tSuorituskyky\n\t<\/h1>\n\t<h2>Yhteenveto mariPOC\u00ae-testien suorituskyvyst\u00e4<\/h2>\n<p>Tarkemmat tiedot l\u00f6ytyv\u00e4t jokaisen testin omasta esitteest\u00e4 ja k\u00e4ytt\u00f6ohjeesta.<\/p>\n\n<table id=\"tablepress-5\" class=\"tablepress tablepress-id-5\">\n<thead>\n<tr class=\"row-1\">\n\t<th class=\"column-1\">Ominaisuus<\/th><th class=\"column-2\">Suorituskyky<\/th>\n<\/tr>\n<\/thead>\n<tbody class=\"row-striping row-hover\">\n<tr class=\"row-2\">\n\t<td class=\"column-1\">N\u00e4ytteiden samanaikainen analyysi<\/td><td class=\"column-2\">Jopa kymmeni\u00e4, jatkuvasy\u00f6tteinen<\/td>\n<\/tr>\n<tr class=\"row-3\">\n\t<td class=\"column-1\">Analyysikapasiteetti<\/td><td class=\"column-2\">50-100 n\u00e4ytett\u00e4 ty\u00f6vuoron aikana<\/td>\n<\/tr>\n<tr class=\"row-4\">\n\t<td class=\"column-1\">Testilevyn k\u00e4ytt\u00f6aika laitteen sis\u00e4ll\u00e4<\/td><td class=\"column-2\">4 viikkoa<\/td>\n<\/tr>\n<\/tbody>\n<\/table>\n\n<h2>\n\t\tmariPOC-testien herkkyys ja tarkkuus\n\t<\/h2>\n\t<p><img decoding=\"async\" src=\"https:\/\/www.arcdia.com\/wp-content\/uploads\/2021\/06\/2022-06-performance-table-with-n-fi.webp\" alt=\"mariPOC General brochure Performance table FI\" width=\"2982\" height=\"1403\" \/><\/p>\n<p>mariPOC\u00ae-testij\u00e4rjestelm\u00e4 toimii jatkuvan n\u00e4ytteensy\u00f6t\u00f6n periaatteella. Uuden n\u00e4ytteen voi sy\u00f6tt\u00e4\u00e4 l\u00e4hes milloin tahansa analysoitavaksi laitteeseen ilman tarvetta odottaa edellisten analyysien valmistumista. Yhdell\u00e4 levyll\u00e4 voi analysoida kymmeni\u00e4 potilasn\u00e4ytteit\u00e4 monen taudinaiheuttajan suhteen, vaikka samanaikaisesti, joten tuotteiden analyysikapasiteetti on korkea. Juuri sit\u00e4 tarvitaan tarjoamaan testitulokset oikea-aikaisesti my\u00f6s influenssakauden aikana, jolloin n\u00e4ytteit\u00e4 on paljon.<\/p>\n<p>mariPOC SARS-CoV-2 -testimenetelm\u00e4n analyyttinen herkkyys (engl. Limit of detection, LoD) SARS-CoV-2 ja Respi+ -testeill\u00e4 on *140 TCID50\/ml eli 84 500 kopiota\/ml, mik\u00e4 t\u00e4ytt\u00e4\u00e4\u00a0<a href=\"https:\/\/www.gov.uk\/guidance\/coronavirus-covid-19-testing-for-people-travelling-to-england\" data-saferedirecturl=\"https:\/\/www.google.com\/url?q=https:\/\/www.gov.uk\/guidance\/coronavirus-covid-19-testing-for-people-travelling-to-england&amp;source=gmail&amp;ust=1624079733315000&amp;usg=AFQjCNGFnnH2cIQJZUhKXrOQcBCk9_W0Vw\" target=\"_blank\" rel=\"noopener\">Britannian vaatimuksen<\/a>\u00a0COVID-19-testeille matkustustodistuksessa. Negatiivinen testitulos tulee esitt\u00e4\u00e4 testill\u00e4, jonka herkkyys on &gt;80 %, kun viruspitoisuus on yli 100 000 kopiota\/ml.\u00a0mariPOC SARS-CoV-2 -testimenetelm\u00e4 Quick Flu+ -testill\u00e4 t\u00e4ytt\u00e4\u00e4\u00a0Britannian vaatimuksen\u00a0COVID-19-testeille herkkyyden ollessa 90 %, kun viruspitoisuus on 84 500 kopiota\/ml.<\/p>\n<p>*<em>Analyyttinen herkkyys (LoD) on matalin SARS-CoV-2:n pitoisuus, joka lis\u00e4ttyn\u00e4 nen\u00e4nielun n\u00e4ytematriisiin antoi v\u00e4hint\u00e4\u00e4n 95 %\u00a0<\/em><em>positiivisuusasteen.<\/em><\/p>\n\n","protected":false},"excerpt":{"rendered":"<p>Suorituskyky Yhteenveto mariPOC\u00ae-testien suorituskyvyst\u00e4 Tarkemmat tiedot l\u00f6ytyv\u00e4t jokaisen testin omasta esitteest\u00e4 ja k\u00e4ytt\u00f6ohjeesta. mariPOC-testien herkkyys ja tarkkuus mariPOC\u00ae-testij\u00e4rjestelm\u00e4 toimii jatkuvan n\u00e4ytteensy\u00f6t\u00f6n periaatteella. Uuden n\u00e4ytteen voi sy\u00f6tt\u00e4\u00e4 l\u00e4hes milloin tahansa analysoitavaksi laitteeseen ilman tarvetta odottaa edellisten analyysien valmistumista. Yhdell\u00e4 levyll\u00e4 voi analysoida kymmeni\u00e4 potilasn\u00e4ytteit\u00e4 monen taudinaiheuttajan suhteen, vaikka samanaikaisesti, joten tuotteiden analyysikapasiteetti on korkea. Juuri sit\u00e4 [&hellip;]<\/p>\n","protected":false},"author":1,"featured_media":0,"parent":1483,"menu_order":0,"comment_status":"closed","ping_status":"closed","template":"","meta":{"_acf_changed":false,"footnotes":""},"class_list":["post-1719","page","type-page","status-publish","hentry"],"acf":[],"_links":{"self":[{"href":"https:\/\/www.arcdia.com\/fi\/wp-json\/wp\/v2\/pages\/1719","targetHints":{"allow":["GET"]}}],"collection":[{"href":"https:\/\/www.arcdia.com\/fi\/wp-json\/wp\/v2\/pages"}],"about":[{"href":"https:\/\/www.arcdia.com\/fi\/wp-json\/wp\/v2\/types\/page"}],"author":[{"embeddable":true,"href":"https:\/\/www.arcdia.com\/fi\/wp-json\/wp\/v2\/users\/1"}],"replies":[{"embeddable":true,"href":"https:\/\/www.arcdia.com\/fi\/wp-json\/wp\/v2\/comments?post=1719"}],"version-history":[{"count":26,"href":"https:\/\/www.arcdia.com\/fi\/wp-json\/wp\/v2\/pages\/1719\/revisions"}],"predecessor-version":[{"id":8615,"href":"https:\/\/www.arcdia.com\/fi\/wp-json\/wp\/v2\/pages\/1719\/revisions\/8615"}],"up":[{"embeddable":true,"href":"https:\/\/www.arcdia.com\/fi\/wp-json\/wp\/v2\/pages\/1483"}],"wp:attachment":[{"href":"https:\/\/www.arcdia.com\/fi\/wp-json\/wp\/v2\/media?parent=1719"}],"curies":[{"name":"wp","href":"https:\/\/api.w.org\/{rel}","templated":true}]}}