{"id":1742,"date":"2019-03-07T12:54:10","date_gmt":"2019-03-07T10:54:10","guid":{"rendered":"https:\/\/www.arcdia.com\/?page_id=1742"},"modified":"2025-10-09T10:51:40","modified_gmt":"2025-10-09T07:51:40","slug":"tuote-esitteet","status":"publish","type":"page","link":"https:\/\/www.arcdia.com\/fi\/maripoc\/kirjallisuus\/tuote-esitteet\/","title":{"rendered":"Tuote-esitteet"},"content":{"rendered":"\n\n\t\t\t\t<img decoding=\"async\" src=\"https:\/\/www.arcdia.com\/wp-content\/uploads\/2019\/03\/Literature-banner.png\" alt=\"Kirjallisuus - literature\" itemprop=\"image\" title=\"Kirjallisuus - literature\" onerror=\"this.style.display='none'\" loading=\"lazy\" \/>\n\t<div class=\"menu-paavalikko-container\"><ul id=\"arcdia-sivulinkit\" class=\"sivupalkinlinkit\"><li id=\"menu-item-1600\" class=\"menu-item menu-item-type-post_type menu-item-object-page menu-item-has-children menu-item-1600\"><a href=\"https:\/\/www.arcdia.com\/fi\/maripoc\/testit\/\">Testit\u00a0<\/a>\n<ul class=\"sub-menu\">\n\t<li id=\"menu-item-6255\" class=\"menu-item menu-item-type-post_type menu-item-object-page menu-item-6255\"><a href=\"https:\/\/www.arcdia.com\/fi\/maripoc\/testit\/covid-19-testit\/\">COVID-19-testit<\/a><\/li>\n\t<li id=\"menu-item-1599\" class=\"menu-item menu-item-type-post_type menu-item-object-page menu-item-1599\"><a href=\"https:\/\/www.arcdia.com\/fi\/maripoc\/testit\/respi-testit\/\">Respi-testi<\/a><\/li>\n\t<li id=\"menu-item-1784\" class=\"menu-item menu-item-type-post_type menu-item-object-page menu-item-1784\"><a href=\"https:\/\/www.arcdia.com\/fi\/maripoc\/testit\/pharyn-testi\/\">Pharyn-testi<\/a><\/li>\n\t<li id=\"menu-item-1785\" class=\"menu-item menu-item-type-post_type menu-item-object-page menu-item-1785\"><a href=\"https:\/\/www.arcdia.com\/fi\/maripoc\/testit\/quick-strepa-testi\/\">Quick StrepA -testi<\/a><\/li>\n\t<li id=\"menu-item-1601\" class=\"menu-item menu-item-type-post_type menu-item-object-page menu-item-1601\"><a href=\"https:\/\/www.arcdia.com\/fi\/maripoc\/testit\/quick-flu-testit\/\">Quick Flu -testit<\/a><\/li>\n\t<li id=\"menu-item-1782\" class=\"menu-item menu-item-type-post_type menu-item-object-page menu-item-1782\"><a href=\"https:\/\/www.arcdia.com\/fi\/maripoc\/testit\/cdi-testi\/\">CDI-testi<\/a><\/li>\n\t<li id=\"menu-item-1783\" class=\"menu-item menu-item-type-post_type menu-item-object-page menu-item-1783\"><a href=\"https:\/\/www.arcdia.com\/fi\/maripoc\/testit\/gastro-testi\/\">Gastro-testi<\/a><\/li>\n<\/ul>\n<\/li>\n<li id=\"menu-item-1986\" class=\"menu-item menu-item-type-post_type menu-item-object-page menu-item-1986\"><a href=\"https:\/\/www.arcdia.com\/fi\/maripoc\/tuotteet\/\">Tuotteet<\/a><\/li>\n<li id=\"menu-item-1724\" class=\"menu-item menu-item-type-post_type menu-item-object-page menu-item-1724\"><a href=\"https:\/\/www.arcdia.com\/fi\/maripoc\/suorituskyky\/\">Suorituskyky<\/a><\/li>\n<li id=\"menu-item-1725\" class=\"menu-item menu-item-type-post_type menu-item-object-page menu-item-1725\"><a href=\"https:\/\/www.arcdia.com\/fi\/maripoc\/naytteenotto\/\">N\u00e4ytteenotto<\/a><\/li>\n<li id=\"menu-item-1751\" class=\"menu-item menu-item-type-post_type menu-item-object-page menu-item-1751\"><a href=\"https:\/\/www.arcdia.com\/fi\/tilaukset\/\">Tilaukset<\/a><\/li>\n<li id=\"menu-item-5535\" class=\"menu-item menu-item-type-post_type menu-item-object-page menu-item-5535\"><a href=\"https:\/\/www.arcdia.com\/fi\/maripoc\/potilaiden-ja-kayttajien-kokemuksia\/\">Potilaiden ja k\u00e4ytt\u00e4jien kokemuksia<\/a><\/li>\n<li id=\"menu-item-1752\" class=\"menu-item menu-item-type-post_type menu-item-object-page menu-item-has-children menu-item-1752\"><a href=\"https:\/\/www.arcdia.com\/fi\/maripoc\/kirjallisuus\/\">Kirjallisuus<\/a>\n<ul class=\"sub-menu\">\n\t<li id=\"menu-item-1750\" class=\"menu-item menu-item-type-post_type menu-item-object-page menu-item-1750\"><a href=\"https:\/\/www.arcdia.com\/fi\/maripoc\/kirjallisuus\/tuote-esitteet\/\">Tuote-esitteet<\/a><\/li>\n\t<li id=\"menu-item-4375\" class=\"menu-item menu-item-type-post_type menu-item-object-page menu-item-4375\"><a href=\"https:\/\/www.arcdia.com\/fi\/maripoc\/kirjallisuus\/hengitystieinfektiot\/\">Hengitystieinfektiot<\/a><\/li>\n\t<li id=\"menu-item-4379\" class=\"menu-item menu-item-type-post_type menu-item-object-page menu-item-4379\"><a href=\"https:\/\/www.arcdia.com\/fi\/maripoc\/kirjallisuus\/suolistoinfektiot\/\">Suolistoinfektiot<\/a><\/li>\n<\/ul>\n<\/li>\n<\/ul><\/div>\n<h1>\n\t\t\tmariPOC\u00ae esitteet\t<\/h1>\n\t<p>T\u00e4lt\u00e4 sivulta voit ladata esitteidemme viimeisimm\u00e4t versiot s\u00e4hk\u00f6isess\u00e4 muodossa. Jos tarvitset painettuja esitteit\u00e4, otathan yhteytt\u00e4 myyjiimme.<\/p>\n\t<p><a href=\"https:\/\/www.arcdia.com\/wp-content\/uploads\/2022\/06\/2022-06-maripoc-general-brochure-fi.pdf\">mariPOC\u00ae Yleisesite<\/a><\/p>\n<p><a href=\"https:\/\/www.arcdia.com\/wp-content\/uploads\/2022\/06\/2022-06-maripoc-covid-19-brochure-fi.pdf\">mariPOC\u00ae COVID-19<\/a><\/p>\n<p><a href=\"https:\/\/www.arcdia.com\/wp-content\/uploads\/2022\/06\/2022-06-maripoc-respi-brochure-fi.pdf\">mariPOC\u00ae Respi+<\/a><\/p>\n<p><a href=\"https:\/\/www.arcdia.com\/wp-content\/uploads\/2022\/06\/2022-06-maripoc-pharyn-brochure-fi.pdf\">mariPOC\u00ae Pharyn<\/a><\/p>\n<p><a href=\"https:\/\/www.arcdia.com\/wp-content\/uploads\/2025\/10\/2025-09-maripoc-quick-fi.pdf\">mariPOC\u00ae Quick -testit<\/a><\/p>\n<p><a href=\"https:\/\/www.arcdia.com\/wp-content\/uploads\/2022\/06\/2022-06-maripoc-cdi-gastro-brochure-fi.pdf\">mariPOC\u00ae Gastro + CDI<\/a><\/p>\n<p><a href=\"https:\/\/www.arcdia.com\/wp-content\/uploads\/2019\/11\/2021-06-Technology-brochure-FI.pdf\">TPX-teknologiaesite<\/a><\/p>\n<p><a href=\"https:\/\/www.arcdia.com\/wp-content\/uploads\/2021\/04\/2022-01-Sampling-guide-FI.pdf\">mariPOC n\u00e4ytteenotto-opas<\/a><\/p>\n<p><a href=\"https:\/\/www.arcdia.com\/wp-content\/uploads\/2024\/10\/2019-09-maricloud-brochure-fi.pdf\">mariCloud\u00ae<\/a><\/p>\n\n","protected":false},"excerpt":{"rendered":"<p>mariPOC\u00ae esitteet T\u00e4lt\u00e4 sivulta voit ladata esitteidemme viimeisimm\u00e4t versiot s\u00e4hk\u00f6isess\u00e4 muodossa. Jos tarvitset painettuja esitteit\u00e4, otathan yhteytt\u00e4 myyjiimme. mariPOC\u00ae Yleisesite mariPOC\u00ae COVID-19 mariPOC\u00ae Respi+ mariPOC\u00ae Pharyn mariPOC\u00ae Quick -testit mariPOC\u00ae Gastro + CDI TPX-teknologiaesite mariPOC n\u00e4ytteenotto-opas mariCloud\u00ae<\/p>\n","protected":false},"author":1,"featured_media":0,"parent":1738,"menu_order":1,"comment_status":"closed","ping_status":"closed","template":"","meta":{"_acf_changed":false,"footnotes":""},"class_list":["post-1742","page","type-page","status-publish","hentry"],"acf":[],"_links":{"self":[{"href":"https:\/\/www.arcdia.com\/fi\/wp-json\/wp\/v2\/pages\/1742","targetHints":{"allow":["GET"]}}],"collection":[{"href":"https:\/\/www.arcdia.com\/fi\/wp-json\/wp\/v2\/pages"}],"about":[{"href":"https:\/\/www.arcdia.com\/fi\/wp-json\/wp\/v2\/types\/page"}],"author":[{"embeddable":true,"href":"https:\/\/www.arcdia.com\/fi\/wp-json\/wp\/v2\/users\/1"}],"replies":[{"embeddable":true,"href":"https:\/\/www.arcdia.com\/fi\/wp-json\/wp\/v2\/comments?post=1742"}],"version-history":[{"count":19,"href":"https:\/\/www.arcdia.com\/fi\/wp-json\/wp\/v2\/pages\/1742\/revisions"}],"predecessor-version":[{"id":9220,"href":"https:\/\/www.arcdia.com\/fi\/wp-json\/wp\/v2\/pages\/1742\/revisions\/9220"}],"up":[{"embeddable":true,"href":"https:\/\/www.arcdia.com\/fi\/wp-json\/wp\/v2\/pages\/1738"}],"wp:attachment":[{"href":"https:\/\/www.arcdia.com\/fi\/wp-json\/wp\/v2\/media?parent=1742"}],"curies":[{"name":"wp","href":"https:\/\/api.w.org\/{rel}","templated":true}]}}