{"id":1757,"date":"2019-03-07T13:09:20","date_gmt":"2019-03-07T11:09:20","guid":{"rendered":"https:\/\/www.arcdia.com\/?page_id=1757"},"modified":"2022-01-07T09:14:33","modified_gmt":"2022-01-07T07:14:33","slug":"tpx-teknologia","status":"publish","type":"page","link":"https:\/\/www.arcdia.com\/fi\/yritys\/tpx-teknologia\/","title":{"rendered":"TPX-teknologia"},"content":{"rendered":"\n\n\t\t\t\t<img decoding=\"async\" src=\"https:\/\/www.arcdia.com\/wp-content\/uploads\/2021\/07\/mariPOC-Technology-banner.jpg\" alt=\"mariPOC Technology banner\" itemprop=\"image\" height=\"600\" width=\"1920\" title=\"mariPOC Technology banner\" onerror=\"this.style.display='none'\"  \/>\n\t\n<h1>\n\t\tTPX-teknologia\n\t<\/h1>\n<h2>\n\t\tMik\u00e4 TPX-teknologia on?\n\t<\/h2>\n\t<p>mariPOC\u00ae-ja mariAST hy\u00f6dynt\u00e4v\u00e4t patentoitua, laajasti julkaistua ja suomessa kehitetty\u00e4 ArcDia TPX -mittatekniikkaa, joka perustuu kaksoisfotoniviritteiseen fluoresenssiin ja mikropartikkeleiden k\u00e4ytt\u00f6\u00f6n reaktion kiintofaasin kantajina. <strong>Teknologian on osoitettu soveltuvan kaikkiin laboratoriossa tyypillisesti suoritettaviin immunokemiallisiin sovelluksiin<\/strong> kuten kvantitatiivisiin immunom\u00e4\u00e4rityksiin ja entsyymireaktiota hy\u00f6dynt\u00e4viin kliinisen kemian m\u00e4\u00e4rityksiin. Teknologian potentiaalinen sovelluskentt\u00e4 tutkimuksessa ja kliinisen diagnostiikan sovelluksissa on hyvin laaja.<\/p>\n<h2>\n\t\t Mittatekniikan edut\n\t<\/h2>\n\t\n<table id=\"tablepress-3\" class=\"tablepress tablepress-id-3\">\n<thead>\n<tr class=\"row-1\">\n\t<th class=\"column-1\">Teknologia<\/th><th class=\"column-2\">Testij\u00e4rjestelm\u00e4<\/th>\n<\/tr>\n<\/thead>\n<tbody class=\"row-striping row-hover\">\n<tr class=\"row-2\">\n\t<td class=\"column-1\">Erotusvapaa fluoresenssin mittaus<br \/>\nKuivatut reagenssit <\/td><td class=\"column-2\">Yksinkertainen ja kompakti automaatio<br \/>\nHyv\u00e4 reagenssien s\u00e4ilyvyys<br \/>\nHelppok\u00e4ytt\u00f6isyys<br \/>\nErinomainen herkkyys<\/td>\n<\/tr>\n<tr class=\"row-3\">\n\t<td class=\"column-1\">Reaaliaikainen reaktiokinetiikan seuranta<\/td><td class=\"column-2\">Valtaosa positiivisista n\u00e4ytteist\u00e4 raportoidaan 15-20 minuutissa<br \/>\nEi kompromissia tulosajan ja herkkyyden v\u00e4lill\u00e4 pikatestauksessa<\/td>\n<\/tr>\n<tr class=\"row-4\">\n\t<td class=\"column-1\">Reaktiotilavuudesta riippumaton suorituskyky ja tarkkuus<\/td><td class=\"column-2\">Pienet reaktiotilavuudet ja reagenssin kulutus<br \/>\nMahdollista testata monta analyytti\u00e4 yhdest\u00e4 n\u00e4ytteest\u00e4\/nukkatikusta<\/td>\n<\/tr>\n<tr class=\"row-5\">\n\t<td class=\"column-1\">Mikropartikkeleihin perustuva kiinte\u00e4n faasin sitoja<\/td><td class=\"column-2\">Erinomainen toistettavuus<br \/>\nT\u00e4ydellinen laadunvarmistus<\/td>\n<\/tr>\n<tr class=\"row-6\">\n\t<td class=\"column-1\">Yksinkertainen monin\u00e4ytekasetti reagensseille<\/td><td class=\"column-2\">Helppok\u00e4ytt\u00f6isyys<br \/>\nN\u00e4ytteensy\u00f6tt\u00f6 ei vaadi samanaikaista testikasetin sy\u00f6tt\u00e4mist\u00e4<br \/>\nKustannustehokas <\/td>\n<\/tr>\n<tr class=\"row-7\">\n\t<td class=\"column-1\">Laaja dynaaminen alue<\/td><td class=\"column-2\">Ei v\u00e4\u00e4ri\u00e4 negatiivisia hook-efektin takia<\/td>\n<\/tr>\n<tr class=\"row-8\">\n\t<td class=\"column-1\">Kompensoi n\u00e4ytematriisien vaihtelun<\/td><td class=\"column-2\">Voidaan k\u00e4ytt\u00e4\u00e4 my\u00f6s komplekseille ja vaikeille n\u00e4ytteille kuten ulosteelle<\/td>\n<\/tr>\n<tr class=\"row-9\">\n\t<td class=\"column-1\">N\u00e4yteanalyysin autoverifiointi<\/td><td class=\"column-2\">Maksimoi tarkkuuden ja robustiuden<br \/>\nEst\u00e4\u00e4 k\u00e4ytt\u00e4j\u00e4virheiden vaikutusta tuloksiin <\/td>\n<\/tr>\n<tr class=\"row-10\">\n\t<td class=\"column-1\">Automatisoitu tulosten luku<\/td><td class=\"column-2\">Minimoi inhimilliset ja lukuvirheet<br \/>\nLIS-kytketty<br \/>\nKytketty pilvipalveluun<br \/>\nLaitetoiminnan et\u00e4tarkkailu ja et\u00e4tuki <\/td>\n<\/tr>\n<\/tbody>\n<\/table>\n\n\t<p>ArcDia\u2122 TPX -mittatekniikan ja mariPOC-j\u00e4rjestelm\u00e4n kehitt\u00e4mist\u00e4 ovat tukeneet Suomen Akatemia, Business Finland ja Euroopan Unioni.<\/p>\n<h2>\n\t\tmariPOC on ainutlaatuinen\n\t<\/h2>\n\t<p>TPX-teknologian ja j\u00e4rjestelm\u00e4suunnittelun ansiosta mariPOC on markkinoiden ainoa tuote, joka mahdollistaa kustannustehokkaasti <strong>automatisoidun<\/strong> ja <strong>monianalyyttisen<\/strong> antigeenitestauksen hoitopaikassa. Muut vaihtoehtoiset ratkaisut ovat joko liian monimutkaisia k\u00e4ytt\u00e4\u00e4 pikatestauksessa, mahdollistavat vain yhden tai muutaman taudinaiheuttajan testauksen n\u00e4ytett\u00e4 kohti tai liian kalliita avohoitopotilaiden testaukseen.<\/p>\n<p>mariPOC\u00ae hy\u00f6dynt\u00e4\u00e4 TPX-teknologiaa taudinaiheuttajien suoraksi osoittamiseksi <strong>korkealla herkkyydell\u00e4 ja \u00e4\u00e4rimm\u00e4isell\u00e4 spesifisyydell\u00e4<\/strong>. Antigeenitestaus k\u00e4ytt\u00e4\u00e4 hyv\u00e4kseen luonnollista taudinaiheuttajien <em>in vivo<\/em> -monistumista kehossa, joka johtaa akuutissa taudin vaiheessa havaittaviin antigeenim\u00e4\u00e4riin. <strong>Testit on suunniteltu saamaan kiinni nimenomaan infektiiviset yksil\u00f6t<\/strong>. Antigeenitestauksella ei tule kliinisesti ja tartuttavuuden arvioinnin kannalta v\u00e4\u00e4ri\u00e4 positiivisia tuloksia, kuten nukleiinihappojen <em>ex vivo<\/em> -monistukseen perustuvilla PCR-testeill\u00e4. \u00c4\u00e4rimm\u00e4isen suuri spesifisyys on mariPOC\u00ae-tekniikan erityispiirre. Se on seurausta antigeenien havainnoimisesta spesifisill\u00e4 vasta-aineilla immunometrist\u00e4 periaatetta noudattaen, polystyreenist\u00e4 valmistettujen mikropartikkelin k\u00e4ytt\u00e4misest\u00e4 kiinte\u00e4n\u00e4 faasina ja TPX-detektioteknologiasta.<\/p>\n<h2>\n\t\tmariPOC\u00ae ja ArcDia\u2122 TPX -teknologia \n\t<\/h2>\n\t<p>N\u00e4ytteiden automaattiseksi analysoimiseksi mariPOC-analysaattori annostelee kliinisen n\u00e4ytteen, joka on suspensoitu n\u00e4ytepuskuriin, rinnakkaisiin (monianalyyttitestauksen yhteydess\u00e4) reaktiokaivoihin testilevyll\u00e4. Taudinaiheuttajan tunnistavat testireagenssit ovat valmiina kuivattuina reaktiokaivoissa. Annostelun j\u00e4lkeen analysaattori sekoittaa testilevyn reagenssien suspensoimiseksi, inkuboi ja mittaa fluoresenssin etuk\u00e4teen m\u00e4\u00e4ritellyss\u00e4 aikapisteess\u00e4\/aikapisteiss\u00e4.<\/p>\n<p>Tekniikassa k\u00e4ytet\u00e4\u00e4n immunom\u00e4\u00e4rityksen kiinte\u00e4n faasin reaktiokantajina polystyreenimikropartikkeleita. Tunnistusreaktion seurauksen fluoresoivalla merkkiaineella leimattu vasta-aine tai vasta-aineilla pinnoitettu fluoresoiva pieni partikkeli (koetin) v\u00e4kev\u00f6ityy mikropartikkeleiden pinnalle analyytin pitoisuuden suhteessa.<\/p>\n<p><img decoding=\"async\" src=\"https:\/\/www.arcdia.com\/wp-content\/uploads\/2022\/01\/Technology-figure-668x1024.png\" alt=\"mariPOC Technology figure\" width=\"500\" height=\"766\" \/><\/p>\n<p>Signaalin mittaus tapahtuu kaksoisfotoniviritteisell\u00e4 fluoresenssilla, jossa viritys saadaan aikaiseksi korkean toistotaajuuden ja intensiteetin infrapunalaservalolla (\u03bbex=1064 nm). Lasers\u00e4teiden s\u00e4teilyvoimat ty\u00f6nt\u00e4v\u00e4t mikropartikkelit yksi kerrallaan fokuksen optiseen loukkuun ja sen l\u00e4pi. Mikropartikkeleiden pintaan sitoutunut leimattu vasta-aine erotetaan sitoutumattomasta koettimesta optisesti ilman pesuja. Reaktiokuopasta mitataan fluoresenssisignaalia sek\u00e4 mikropartikkeleista (spesifinen signaali) ett\u00e4 liuostaustasta (sitoutumaton koetin ja n\u00e4ytematriisi). T\u00e4m\u00e4 mahdollistaa n\u00e4ytematriisista per\u00e4isin olevien h\u00e4iri\u00f6tekij\u00f6iden tehokkaan eliminoinnin ja analyysin onnistumisen autoverifioinnin. Sen sijaan, ett\u00e4 tekniikassa k\u00e4ytett\u00e4isiin rinnakkaisia reaktiokuoppia toistettavuuden parantamiseksi, k\u00e4ytet\u00e4\u00e4n monen mikropartikkelin mittausta yhdest\u00e4 kaivosta.<\/p>\n<p>TPX-teknologian t\u00e4ysin ainutlaatuinen ominaisuus on, ett\u00e4 fluoresenssin saanto ja siten tarkkuus ja toistettavuus ovat riippumattomia reaktiotilavuudesta. Ainoat parametrit, jotka vaikuttavat signaalin voimakkuuteen ovat reagenssien ja analyytin pitoisuudet ja niiden keskin\u00e4inen sitoutumisvoimakkuus. T\u00e4m\u00e4n ominaisuuden ansiosta <strong>reagenssikulutus on pient\u00e4<\/strong> ja yhdest\u00e4 pienest\u00e4 n\u00e4ytem\u00e4\u00e4r\u00e4st\u00e4 voidaan analysoida monta eri analyytti\u00e4.<\/p>\n<p>Lopuksi hienostuneet ohjelmisto- ja matemaattiset algoritmit muodostavat kvantitatiivisen tuloksen ja suorittavat autoverifioinnin analyysin onnistumisen arvioimiseksi. <strong>TPX-teknologian ansiosta tuotteet ovat valmistuser\u00e4st\u00e4 toiseen eritt\u00e4in tasalaatuisia, herkki\u00e4 ja spesifisi\u00e4.<\/strong> TPX-teknologia on suoran taudinaiheuttajatestauksen uusi standardi.<\/p>\n<h2>\n\t\tmariAST ja TPX-teknologia\n\t<\/h2>\n\t<p>mariAST\u00ae hy\u00f6dynt\u00e4\u00e4 TPX -fluoresenssitekniikkaa korkean herkkyyden ja spesifisyyden bakteeritunnistukseen ja antimikrobiresistenssin testaukseen (AST\/ART). <strong>Helppok\u00e4ytt\u00f6isyyden ansiosta testij\u00e4rjestelm\u00e4 sopii hajautettuun ja potilasl\u00e4heiseen seulontaan ja testaukseen.<\/strong> T\u00e4m\u00e4 mahdollistaa optimoidut prosessit potilaiden hoitoon ja sairaalan toimintaan.<\/p>\n<p>mariAST:ss\u00e4 vasta-aineisiin perustuvat tunnistusreagenssit ja antibiootti ovat valmiina reaktiokaivoissa kuivattuina. mariAST-laite annostelee automaattisesti viljelynesteeseen uutetun n\u00e4ytteen reaktiokaivoihin, sekoittaa levyn reagenssien suspensoimiseksi, inkuboi kasvatusta ja tunnistusta vakiol\u00e4mp\u00f6tilassa sek\u00e4 mittaa kaksoisfotoniviritteisen fluoresenssin mikropartikkeleiden pinnalta ja liuoksesta.<\/p>\n<p>Toisin kuin mariPOC-testeiss\u00e4, joissa tyypillisesti kohdemikrobi hajotetaan ja inaktivoidaan, mariAST:ss\u00e4 reaktioymp\u00e4rist\u00f6 tukee bakteerinkasvua. Mit\u00e4 enemm\u00e4n bakteerit kasvavat, sit\u00e4 enemm\u00e4n tuottuu testireagenssien tunnistamia antigeenej\u00e4, ja sit\u00e4 enemm\u00e4n signaalia muodostuu. Signaalin muutosta voidaan seurata reaaliajassa erotusvapaan TPX-tekniikan ansiosta. Kun reaktiossa on mukana antimikrobil\u00e4\u00e4ke, vain ne bakteerit, jotka ovat l\u00e4\u00e4kkeelle resistenttej\u00e4 voivat kasvaa ja tuottaa signaalia. Testi tuottaa lajispesifisen kasvuk\u00e4yr\u00e4n ja automaattisen tuloksen tulkinnan, esimerkiksi &#8221;MRSA positiivinen&#8221;.<\/p>\n<p>mariAST-metodologia on kymmenkertaisesti nopeutettu versio kultaisesta standardista, joka perustuu mikrodiluutioon (eng. broth microdilution, BMD). BMD vaatii toimiakseen puhdasviljellyn kannan, kun taas <strong>mariAST-testaus voidaan tehd\u00e4 aikaa s\u00e4\u00e4st\u00e4en suoraan kliinisest\u00e4 n\u00e4ytteest\u00e4<\/strong>. T\u00e4m\u00e4 on ainutlaatuinen ominaisuus ja se minimoi testin tulosajan tyypillisest\u00e4 nykyrutiinin mukaisesta kahdesta vuorokaudesta tunteihin.<\/p>\n<p>Viljelyperiaatteen ansiosta mariAST tarjoaa maksimaalisen herkkyyden yksi pes\u00e4kett\u00e4 muodostava yksikk\u00f6 (CFU) testi\u00e4 kohden. Tyypillisess\u00e4 tuotteessa t\u00e4m\u00e4 vastaa alkupitoisuutta 50 CFU\/ml. T\u00e4t\u00e4 herkemp\u00e4\u00e4 testi\u00e4 ei ole mahdollista tehd\u00e4 edes geenimonistukseen, kuten PCR:\u00e4\u00e4n perustuen. mariAST-metodologian spesifisyys on samantasoinen kuin mariPOC-tuotteiden.<\/p>\n<h2>\n\t\tPatentit\n\t<\/h2>\n\t<ul>\n<li><strong>US 8,883,093 \/ JP 5716088 \/ RU 2568885 \/ CN 103068485 \/ BR 112012029958-1 <\/strong>Sealing of reaction cuvettes for bioaffinity assays<\/li>\n<li><strong>EP 1401962 \/ US 7,198,958 \/ JP 4382474<\/strong> A method for increasing hydrophilicity of fluorescent label compounds<\/li>\n<li><strong>EP 1402263 \/ US 7,763,439 \/ RU 2296333 \/ JP 4340149 \/ CN 1257408<\/strong> Two-photon absorbing dipyrromethene difluoride dyes and their applications<\/li>\n<li><strong>EP 1714139 \/ US 10295465 \/ RU 2362987<\/strong>\u00a0Use of two-photon excited fluorescence in assays of clinical chemistry analytes<\/li>\n<li><strong>CN109073554 <\/strong>Bioaffinity assay method utilizing two-photon excitation of fluorescence<\/li>\n<\/ul>\n<p>Muita patenttihakemuksia vireill\u00e4.<\/p>\n<h2>\n\t\tLisensointi\n\t<\/h2>\n<p>ArcDia on kiinnostunut lisensoimaan infektioiden antigeenitestaukseen liittyvi\u00e4 uusia innovaatioita, kuten vasta-ainesitojia ja tuotekehitysaihioita.<\/p>\n<p>ArcDia\u2122 TPX -mittateknologia on saatavilla lisensointia varten.\u00a0<a href=\"https:\/\/www.arcdia.com\/yhteystiedot\/\">Kysy lis\u00e4\u00e4.<\/a><\/p>\n\n","protected":false},"excerpt":{"rendered":"<p>TPX-teknologia Mik\u00e4 TPX-teknologia on? mariPOC\u00ae-ja mariAST hy\u00f6dynt\u00e4v\u00e4t patentoitua, laajasti julkaistua ja suomessa kehitetty\u00e4 ArcDia TPX -mittatekniikkaa, joka perustuu kaksoisfotoniviritteiseen fluoresenssiin ja mikropartikkeleiden k\u00e4ytt\u00f6\u00f6n reaktion kiintofaasin kantajina. Teknologian on osoitettu soveltuvan kaikkiin laboratoriossa tyypillisesti suoritettaviin immunokemiallisiin sovelluksiin kuten kvantitatiivisiin immunom\u00e4\u00e4rityksiin ja entsyymireaktiota hy\u00f6dynt\u00e4viin kliinisen kemian m\u00e4\u00e4rityksiin. Teknologian potentiaalinen sovelluskentt\u00e4 tutkimuksessa ja kliinisen diagnostiikan sovelluksissa on hyvin [&hellip;]<\/p>\n","protected":false},"author":1,"featured_media":0,"parent":1485,"menu_order":0,"comment_status":"closed","ping_status":"closed","template":"","meta":{"_acf_changed":false,"footnotes":""},"class_list":["post-1757","page","type-page","status-publish","hentry"],"acf":[],"_links":{"self":[{"href":"https:\/\/www.arcdia.com\/fi\/wp-json\/wp\/v2\/pages\/1757","targetHints":{"allow":["GET"]}}],"collection":[{"href":"https:\/\/www.arcdia.com\/fi\/wp-json\/wp\/v2\/pages"}],"about":[{"href":"https:\/\/www.arcdia.com\/fi\/wp-json\/wp\/v2\/types\/page"}],"author":[{"embeddable":true,"href":"https:\/\/www.arcdia.com\/fi\/wp-json\/wp\/v2\/users\/1"}],"replies":[{"embeddable":true,"href":"https:\/\/www.arcdia.com\/fi\/wp-json\/wp\/v2\/comments?post=1757"}],"version-history":[{"count":13,"href":"https:\/\/www.arcdia.com\/fi\/wp-json\/wp\/v2\/pages\/1757\/revisions"}],"predecessor-version":[{"id":8108,"href":"https:\/\/www.arcdia.com\/fi\/wp-json\/wp\/v2\/pages\/1757\/revisions\/8108"}],"up":[{"embeddable":true,"href":"https:\/\/www.arcdia.com\/fi\/wp-json\/wp\/v2\/pages\/1485"}],"wp:attachment":[{"href":"https:\/\/www.arcdia.com\/fi\/wp-json\/wp\/v2\/media?parent=1757"}],"curies":[{"name":"wp","href":"https:\/\/api.w.org\/{rel}","templated":true}]}}