{"id":1774,"date":"2019-03-07T13:50:22","date_gmt":"2019-03-07T11:50:22","guid":{"rendered":"https:\/\/www.arcdia.com\/?page_id=1774"},"modified":"2022-06-23T14:14:22","modified_gmt":"2022-06-23T11:14:22","slug":"pharyn-testi","status":"publish","type":"page","link":"https:\/\/www.arcdia.com\/fi\/maripoc\/testit\/pharyn-testi\/","title":{"rendered":"Pharyn-testi"},"content":{"rendered":"\n\n\t\t\t\t<img decoding=\"async\" src=\"https:\/\/www.arcdia.com\/wp-content\/uploads\/2021\/07\/maripoc-pharyn-banner-smaller-size.webp\" alt=\"mariPOC Pharyn banner\" itemprop=\"image\" height=\"600\" width=\"1920\" title=\"mariPOC Pharyn banner\" onerror=\"this.style.display='none'\"  \/>\n\t<div class=\"menu-paavalikko-container\"><ul id=\"arcdia-sivulinkit\" class=\"sivupalkinlinkit\"><li id=\"menu-item-1600\" class=\"menu-item menu-item-type-post_type menu-item-object-page menu-item-has-children menu-item-1600\"><a href=\"https:\/\/www.arcdia.com\/fi\/maripoc\/testit\/\">Testit\u00a0<\/a>\n<ul class=\"sub-menu\">\n\t<li id=\"menu-item-6255\" class=\"menu-item menu-item-type-post_type menu-item-object-page menu-item-6255\"><a href=\"https:\/\/www.arcdia.com\/fi\/maripoc\/testit\/covid-19-testit\/\">COVID-19-testit<\/a><\/li>\n\t<li id=\"menu-item-1599\" class=\"menu-item menu-item-type-post_type menu-item-object-page menu-item-1599\"><a href=\"https:\/\/www.arcdia.com\/fi\/maripoc\/testit\/respi-testit\/\">Respi-testi<\/a><\/li>\n\t<li id=\"menu-item-1784\" class=\"menu-item menu-item-type-post_type menu-item-object-page menu-item-1784\"><a href=\"https:\/\/www.arcdia.com\/fi\/maripoc\/testit\/pharyn-testi\/\">Pharyn-testi<\/a><\/li>\n\t<li id=\"menu-item-1785\" class=\"menu-item menu-item-type-post_type menu-item-object-page menu-item-1785\"><a href=\"https:\/\/www.arcdia.com\/fi\/maripoc\/testit\/quick-strepa-testi\/\">Quick StrepA -testi<\/a><\/li>\n\t<li id=\"menu-item-1601\" class=\"menu-item menu-item-type-post_type menu-item-object-page menu-item-1601\"><a href=\"https:\/\/www.arcdia.com\/fi\/maripoc\/testit\/quick-flu-testit\/\">Quick Flu -testit<\/a><\/li>\n\t<li id=\"menu-item-1782\" class=\"menu-item menu-item-type-post_type menu-item-object-page menu-item-1782\"><a href=\"https:\/\/www.arcdia.com\/fi\/maripoc\/testit\/cdi-testi\/\">CDI-testi<\/a><\/li>\n\t<li id=\"menu-item-1783\" class=\"menu-item menu-item-type-post_type menu-item-object-page menu-item-1783\"><a href=\"https:\/\/www.arcdia.com\/fi\/maripoc\/testit\/gastro-testi\/\">Gastro-testi<\/a><\/li>\n<\/ul>\n<\/li>\n<li id=\"menu-item-1986\" class=\"menu-item menu-item-type-post_type menu-item-object-page menu-item-1986\"><a href=\"https:\/\/www.arcdia.com\/fi\/maripoc\/tuotteet\/\">Tuotteet<\/a><\/li>\n<li id=\"menu-item-1724\" class=\"menu-item menu-item-type-post_type menu-item-object-page menu-item-1724\"><a href=\"https:\/\/www.arcdia.com\/fi\/maripoc\/suorituskyky\/\">Suorituskyky<\/a><\/li>\n<li id=\"menu-item-1725\" class=\"menu-item menu-item-type-post_type menu-item-object-page menu-item-1725\"><a href=\"https:\/\/www.arcdia.com\/fi\/maripoc\/naytteenotto\/\">N\u00e4ytteenotto<\/a><\/li>\n<li id=\"menu-item-1751\" class=\"menu-item menu-item-type-post_type menu-item-object-page menu-item-1751\"><a href=\"https:\/\/www.arcdia.com\/fi\/tilaukset\/\">Tilaukset<\/a><\/li>\n<li id=\"menu-item-5535\" class=\"menu-item menu-item-type-post_type menu-item-object-page menu-item-5535\"><a href=\"https:\/\/www.arcdia.com\/fi\/maripoc\/potilaiden-ja-kayttajien-kokemuksia\/\">Potilaiden ja k\u00e4ytt\u00e4jien kokemuksia<\/a><\/li>\n<li id=\"menu-item-1752\" class=\"menu-item menu-item-type-post_type menu-item-object-page menu-item-has-children menu-item-1752\"><a href=\"https:\/\/www.arcdia.com\/fi\/maripoc\/kirjallisuus\/\">Kirjallisuus<\/a>\n<ul class=\"sub-menu\">\n\t<li id=\"menu-item-1750\" class=\"menu-item menu-item-type-post_type menu-item-object-page menu-item-1750\"><a href=\"https:\/\/www.arcdia.com\/fi\/maripoc\/kirjallisuus\/tuote-esitteet\/\">Tuote-esitteet<\/a><\/li>\n\t<li id=\"menu-item-4375\" class=\"menu-item menu-item-type-post_type menu-item-object-page menu-item-4375\"><a href=\"https:\/\/www.arcdia.com\/fi\/maripoc\/kirjallisuus\/hengitystieinfektiot\/\">Hengitystieinfektiot<\/a><\/li>\n\t<li id=\"menu-item-4379\" class=\"menu-item menu-item-type-post_type menu-item-object-page menu-item-4379\"><a href=\"https:\/\/www.arcdia.com\/fi\/maripoc\/kirjallisuus\/suolistoinfektiot\/\">Suolistoinfektiot<\/a><\/li>\n<\/ul>\n<\/li>\n<\/ul><\/div>\n<h1>\n\t\tmariPOC\u00ae Pharyn -pikatesti nielutulehdukselle\n\t<\/h1>\n\t<p>mariPOC\u00ae Pharyn -testi on tarkoitettu nielutulehduksen eli angiinan taudinaiheuttajien nopeaan testaukseen ja antibioottihoidon optimointiin. Testi on suunniteltu erottamaan virus- ja bakteeri-infektiot. Adenovirus nostaa veren tulehdusmerkkiaineen CRP:n arvoja bakteeri-infektiomaisesti, joten erotusdiagnostiikkaan tarvitaan taudinaiheuttajan osoitusta. Adenovirukseen ei ole l\u00e4\u00e4kehoitoa, mutta diagnoosi auttaa ennustamaan taudinkulkua ja v\u00e4ltt\u00e4m\u00e4\u00e4n turhia antibioottikuureja. <a href=\"https:\/\/www.kaypahoito.fi\/hoi38020\" target=\"_blank\" rel=\"noopener\">K\u00e4yp\u00e4 hoito -suositus<\/a> ohjeistaa k\u00e4ytt\u00e4m\u00e4\u00e4n ensisijaisesti pikatestej\u00e4 StrepA-diagnostiikkaan.<\/p>\n<p>A-ryhm\u00e4n streptokokki on yleisin bakteeriper\u00e4inen nielutulehduksen aiheuttaja ja antibiooteilla voidaan lievent\u00e4\u00e4 oireita ja nopeuttaa paranemista. Hoitamaton A-streptokokki-infektio voi johtaa kohtalokkaaseen tautiin. Adenovirus on A-ryhm\u00e4n streptokokin j\u00e4lkeen yleisin nielutulehduksen aiheuttaja ja virusta esiintyy kaikissa ik\u00e4ryhmiss\u00e4. mariPOC\u00ae on ainoa testi maailmassa, joka kattaa n\u00e4m\u00e4 kaksi t\u00e4rkeint\u00e4 angiinan virus- ja bakteeriaiheuttajaa.<\/p>\n<h2>\n\t\tHelppo ja nopea ty\u00f6nkulku\n\t<\/h2>\n\t\t\t\t<img decoding=\"async\" src=\"https:\/\/www.arcdia.com\/wp-content\/uploads\/2021\/06\/maripoc-pharyn-tyonkulku-scaled.webp\" alt=\"mariPOC Pharyn ty\u00f6nkulku\" itemprop=\"image\" height=\"596\" width=\"2560\" title=\"Ty\u00f6nkulku\" onerror=\"this.style.display='none'\"  \/>\n\t\t\t<a href=\"https:\/\/www.arcdia.com\/fi\/maripoc\/potilaiden-ja-kayttajien-kokemuksia\/\" target=\"_self\" role=\"button\" rel=\"noopener\">\n\t\t\t\t\t\t\tTutustu potilaskokemuksiin\n\t\t\t\t\t<\/a>\n\t<p><img decoding=\"async\" src=\"https:\/\/www.arcdia.com\/wp-content\/uploads\/2020\/01\/testipaneeli-pharyn-testi-vector.png\" alt=\"mariPOC Pharyn - Angiinan pikatesti \" width=\"503\" height=\"141\" \/><\/p>\n\t<h2>mariPOC\u00ae Pharyn &#8211; angiinan pikatestaus<\/h2>\n<p><strong>&#8211; Alustava tulos<\/strong>: Vahvat positiiviset raportoidaan 15 minuutissa. Nopean tuloksen herkkyys ja tarkkuus vastaa bakteeriviljely\u00e4, joten varmistusviljely\u00e4 A-streptokokille ei tarvita.<\/p>\n<p><strong>&#8211; Lopullinen tulos<\/strong>: matalat positiiviset ja negatiiviset raportoidaan 55 minuutissa. A-ryhm\u00e4n streptokokki -testin suorituskyky ylitt\u00e4\u00e4 selv\u00e4sti laboratorioviljelyn (tulosaika 2 vrk) tarkkuuden. T\u00e4m\u00e4 mahdollistaa taudin spesifisen diagnosoinnin varhaisemmassa vaiheessa ja nopeamman paranemisen.<\/p>\n<p>Evaluaatiotutkimukset osoittavat mariPOC\u00aein erinomaisen herkkyyden (kts. <a href=\"https:\/\/doi.org\/10.1128\/JCM.00018-15\" target=\"_blank\" rel=\"noopener\">julkaisu<\/a> ja <a href=\"https:\/\/www.arcdia.com\/wp-content\/uploads\/2019\/12\/2017-Antikainen-P.-NSCMID-poster.-GAS.pdf\">posteri<\/a>). Lopullisen tuloksen herkkyystasolla l\u00f6ydet\u00e4\u00e4n l\u00e4hes puolet enemm\u00e4n kliinisesti merkitt\u00e4vi\u00e4 ja antibiootilla hoidettavia Streptokokki A -angiinoita kuin viljelyll\u00e4. Toisin sanoen, viljelyn herkkyys mariPOC\u00aeiin verrattuna on vain 75 %. mariPOC\u00ae saa kiinni my\u00f6s ne matalat positiiviset n\u00e4ytteet ja kliinisesti merkitt\u00e4v\u00e4t tapaukset, joita viljelyll\u00e4 ei olisi saatu kiinni.<\/p>\n<p>N\u00e4ytteenotto testi\u00e4 varten tapahtuu ottamalla n\u00e4yte kurkusta nukkatikulla. <a href=\"https:\/\/www.arcdia.com\/fi\/maripoc\/naytteenotto\/\">N\u00e4ytteen k\u00e4sittely<\/a> ennen analyysi\u00e4 on helppoa ja nopeaa.<\/p>\n<p>A-ryhm\u00e4n streptokokki -menetelm\u00e4\u00e4 voidaan k\u00e4ytt\u00e4\u00e4 nyt my\u00f6s perianaali-infektion testaukseen. A-ryhm\u00e4n streptokokki on yleinen perianaalisen infektion aiheuttaja pienill\u00e4 lapsilla. Tyypillisi\u00e4 oireita ovat tarkkarajainen pinnallinen ihottuma per\u00e4aukon ymp\u00e4rill\u00e4, kutina, ummetus ja ulostamiskivut. Oireet muistuttavat muun muassa atooppista ihottumaa ja psoriaasia, mink\u00e4 vuoksi taudin toteaminen ja hoito saattavat my\u00f6h\u00e4sty\u00e4.<\/p>\n<p>Testi on saatavilla laajasti merkitt\u00e4vimmill\u00e4 suomalaisilla yksityisill\u00e4 <a href=\"https:\/\/www.arcdia.com\/fi\/maripoc\/mika-on-maripoc\/#asiakas\">l\u00e4\u00e4k\u00e4riasemilla<\/a>. Lue lis\u00e4\u00e4 <a href=\"https:\/\/www.arcdia.com\/wp-content\/uploads\/2022\/06\/2022-06-maripoc-pharyn-brochure-fi.pdf\">mariPOC\u00ae Pharyn-pikatestin esitteest\u00e4<\/a>.<\/p>\n\n","protected":false},"excerpt":{"rendered":"<p>mariPOC\u00ae Pharyn -pikatesti nielutulehdukselle mariPOC\u00ae Pharyn -testi on tarkoitettu nielutulehduksen eli angiinan taudinaiheuttajien nopeaan testaukseen ja antibioottihoidon optimointiin. Testi on suunniteltu erottamaan virus- ja bakteeri-infektiot. Adenovirus nostaa veren tulehdusmerkkiaineen CRP:n arvoja bakteeri-infektiomaisesti, joten erotusdiagnostiikkaan tarvitaan taudinaiheuttajan osoitusta. Adenovirukseen ei ole l\u00e4\u00e4kehoitoa, mutta diagnoosi auttaa ennustamaan taudinkulkua ja v\u00e4ltt\u00e4m\u00e4\u00e4n turhia antibioottikuureja. K\u00e4yp\u00e4 hoito -suositus ohjeistaa k\u00e4ytt\u00e4m\u00e4\u00e4n [&hellip;]<\/p>\n","protected":false},"author":1,"featured_media":0,"parent":1588,"menu_order":0,"comment_status":"closed","ping_status":"closed","template":"","meta":{"_acf_changed":false,"footnotes":""},"class_list":["post-1774","page","type-page","status-publish","hentry"],"acf":[],"_links":{"self":[{"href":"https:\/\/www.arcdia.com\/fi\/wp-json\/wp\/v2\/pages\/1774","targetHints":{"allow":["GET"]}}],"collection":[{"href":"https:\/\/www.arcdia.com\/fi\/wp-json\/wp\/v2\/pages"}],"about":[{"href":"https:\/\/www.arcdia.com\/fi\/wp-json\/wp\/v2\/types\/page"}],"author":[{"embeddable":true,"href":"https:\/\/www.arcdia.com\/fi\/wp-json\/wp\/v2\/users\/1"}],"replies":[{"embeddable":true,"href":"https:\/\/www.arcdia.com\/fi\/wp-json\/wp\/v2\/comments?post=1774"}],"version-history":[{"count":34,"href":"https:\/\/www.arcdia.com\/fi\/wp-json\/wp\/v2\/pages\/1774\/revisions"}],"predecessor-version":[{"id":8608,"href":"https:\/\/www.arcdia.com\/fi\/wp-json\/wp\/v2\/pages\/1774\/revisions\/8608"}],"up":[{"embeddable":true,"href":"https:\/\/www.arcdia.com\/fi\/wp-json\/wp\/v2\/pages\/1588"}],"wp:attachment":[{"href":"https:\/\/www.arcdia.com\/fi\/wp-json\/wp\/v2\/media?parent=1774"}],"curies":[{"name":"wp","href":"https:\/\/api.w.org\/{rel}","templated":true}]}}