{"id":1776,"date":"2019-03-07T13:50:48","date_gmt":"2019-03-07T11:50:48","guid":{"rendered":"https:\/\/www.arcdia.com\/?page_id=1776"},"modified":"2025-10-09T10:51:09","modified_gmt":"2025-10-09T07:51:09","slug":"quick-strepa-testi","status":"publish","type":"page","link":"https:\/\/www.arcdia.com\/fi\/maripoc\/testit\/quick-strepa-testi\/","title":{"rendered":"Quick StrepA -testi"},"content":{"rendered":"\n\n\t\t\t\t<img decoding=\"async\" src=\"https:\/\/www.arcdia.com\/wp-content\/uploads\/2021\/07\/maripoc-quick-strepa-banner.webp\" alt=\"mariPOC Quick StrepA banner\" itemprop=\"image\" height=\"600\" width=\"1920\" title=\"mariPOC Quick StrepA banner\" onerror=\"this.style.display='none'\" loading=\"lazy\" \/>\n\t<div class=\"menu-paavalikko-container\"><ul id=\"arcdia-sivulinkit\" class=\"sivupalkinlinkit\"><li id=\"menu-item-1600\" class=\"menu-item menu-item-type-post_type menu-item-object-page menu-item-has-children menu-item-1600\"><a href=\"https:\/\/www.arcdia.com\/fi\/maripoc\/testit\/\">Testit\u00a0<\/a>\n<ul class=\"sub-menu\">\n\t<li id=\"menu-item-6255\" class=\"menu-item menu-item-type-post_type menu-item-object-page menu-item-6255\"><a href=\"https:\/\/www.arcdia.com\/fi\/maripoc\/testit\/covid-19-testit\/\">COVID-19-testit<\/a><\/li>\n\t<li id=\"menu-item-1599\" class=\"menu-item menu-item-type-post_type menu-item-object-page menu-item-1599\"><a href=\"https:\/\/www.arcdia.com\/fi\/maripoc\/testit\/respi-testit\/\">Respi-testi<\/a><\/li>\n\t<li id=\"menu-item-1784\" class=\"menu-item menu-item-type-post_type menu-item-object-page menu-item-1784\"><a href=\"https:\/\/www.arcdia.com\/fi\/maripoc\/testit\/pharyn-testi\/\">Pharyn-testi<\/a><\/li>\n\t<li id=\"menu-item-1785\" class=\"menu-item menu-item-type-post_type menu-item-object-page menu-item-1785\"><a href=\"https:\/\/www.arcdia.com\/fi\/maripoc\/testit\/quick-strepa-testi\/\">Quick StrepA -testi<\/a><\/li>\n\t<li id=\"menu-item-1601\" class=\"menu-item menu-item-type-post_type menu-item-object-page menu-item-1601\"><a href=\"https:\/\/www.arcdia.com\/fi\/maripoc\/testit\/quick-flu-testit\/\">Quick Flu -testit<\/a><\/li>\n\t<li id=\"menu-item-1782\" class=\"menu-item menu-item-type-post_type menu-item-object-page menu-item-1782\"><a href=\"https:\/\/www.arcdia.com\/fi\/maripoc\/testit\/cdi-testi\/\">CDI-testi<\/a><\/li>\n\t<li id=\"menu-item-1783\" class=\"menu-item menu-item-type-post_type menu-item-object-page menu-item-1783\"><a href=\"https:\/\/www.arcdia.com\/fi\/maripoc\/testit\/gastro-testi\/\">Gastro-testi<\/a><\/li>\n<\/ul>\n<\/li>\n<li id=\"menu-item-1986\" class=\"menu-item menu-item-type-post_type menu-item-object-page menu-item-1986\"><a href=\"https:\/\/www.arcdia.com\/fi\/maripoc\/tuotteet\/\">Tuotteet<\/a><\/li>\n<li id=\"menu-item-1724\" class=\"menu-item menu-item-type-post_type menu-item-object-page menu-item-1724\"><a href=\"https:\/\/www.arcdia.com\/fi\/maripoc\/suorituskyky\/\">Suorituskyky<\/a><\/li>\n<li id=\"menu-item-1725\" class=\"menu-item menu-item-type-post_type menu-item-object-page menu-item-1725\"><a href=\"https:\/\/www.arcdia.com\/fi\/maripoc\/naytteenotto\/\">N\u00e4ytteenotto<\/a><\/li>\n<li id=\"menu-item-1751\" class=\"menu-item menu-item-type-post_type menu-item-object-page menu-item-1751\"><a href=\"https:\/\/www.arcdia.com\/fi\/tilaukset\/\">Tilaukset<\/a><\/li>\n<li id=\"menu-item-5535\" class=\"menu-item menu-item-type-post_type menu-item-object-page menu-item-5535\"><a href=\"https:\/\/www.arcdia.com\/fi\/maripoc\/potilaiden-ja-kayttajien-kokemuksia\/\">Potilaiden ja k\u00e4ytt\u00e4jien kokemuksia<\/a><\/li>\n<li id=\"menu-item-1752\" class=\"menu-item menu-item-type-post_type menu-item-object-page menu-item-has-children menu-item-1752\"><a href=\"https:\/\/www.arcdia.com\/fi\/maripoc\/kirjallisuus\/\">Kirjallisuus<\/a>\n<ul class=\"sub-menu\">\n\t<li id=\"menu-item-1750\" class=\"menu-item menu-item-type-post_type menu-item-object-page menu-item-1750\"><a href=\"https:\/\/www.arcdia.com\/fi\/maripoc\/kirjallisuus\/tuote-esitteet\/\">Tuote-esitteet<\/a><\/li>\n\t<li id=\"menu-item-4375\" class=\"menu-item menu-item-type-post_type menu-item-object-page menu-item-4375\"><a href=\"https:\/\/www.arcdia.com\/fi\/maripoc\/kirjallisuus\/hengitystieinfektiot\/\">Hengitystieinfektiot<\/a><\/li>\n\t<li id=\"menu-item-4379\" class=\"menu-item menu-item-type-post_type menu-item-object-page menu-item-4379\"><a href=\"https:\/\/www.arcdia.com\/fi\/maripoc\/kirjallisuus\/suolistoinfektiot\/\">Suolistoinfektiot<\/a><\/li>\n<\/ul>\n<\/li>\n<\/ul><\/div>\n<h1>\n\t\t\tmariPOC\u00ae Quick StrepA -testi A-ryhm\u00e4n streptokokin pikatesti\t<\/h1>\n\t<p>mariPOC\u00ae Quick StrepA -testi on tarkoitettu A-ryhm\u00e4n streptokokki-infektion pikatestaukseen nielutulehdusep\u00e4ilyss\u00e4. A-ryhm\u00e4n streptokokki on yleisin bakteeriper\u00e4inen nielutulehduksen aiheuttaja. Antibiooteilla voidaan lievent\u00e4\u00e4 oireita ja nopeuttaa paranemista. Hoitamaton A-streptokokki-infektio voi johtaa kohtalokkaaseen tautiin.<\/p>\n<p><strong>Quick StrepA -testi antaa lopullisen tuloksen 15 minuutissa<\/strong>. Testitulos vastaa herkkyydelt\u00e4\u00e4n ja tarkkuudeltaan bakteeriviljely\u00e4, joten varmistusviljely\u00e4 A-streptokokille ei tarvita. Quick StrepA -tulokset saadaan my\u00f6s nopeammin kuin viljelyn tulokset esimerkiksi vastaanottok\u00e4ynnin yhteydess\u00e4. <a href=\"https:\/\/www.kaypahoito.fi\/hoi38020\" target=\"_blank\" rel=\"noopener\">K\u00e4yp\u00e4 hoito -suositus<\/a> ohjeistaakin k\u00e4ytt\u00e4m\u00e4\u00e4n ensisijaisesti pikatestej\u00e4 StrepA-diagnostiikkaan.<\/p>\n<p>Katso lis\u00e4tiedot <a href=\"https:\/\/www.arcdia.com\/wp-content\/uploads\/2025\/10\/2025-09-maripoc-quick-fi.pdf\">Quick-esitteest\u00e4<\/a>.<\/p>\n\t\t\t\t<img decoding=\"async\" src=\"https:\/\/www.arcdia.com\/wp-content\/uploads\/2021\/06\/maripoc-pharyn-tyonkulku-scaled.webp\" alt=\"mariPOC Pharyn ty\u00f6nkulku\" itemprop=\"image\" height=\"501\" width=\"2560\" title=\"maripoc-pharyn-tyonkulku\" onerror=\"this.style.display='none'\" loading=\"lazy\" \/>\n\t\t\t<a href=\"https:\/\/www.arcdia.com\/fi\/maripoc\/potilaiden-ja-kayttajien-kokemuksia\/\" target=\"_self\">\n\t\t\t\t\t\t\tTutustu potilaskokemuksiin\n\t\t\t\t\t<\/a>\n\t<p><img decoding=\"async\" src=\"https:\/\/www.arcdia.com\/wp-content\/uploads\/2020\/01\/testipaneeli-quickstepA-testi-vector.png\" alt=\"Quick StrepA nielutulehduspikatesti - mariPOC\" width=\"485\" height=\"136\" \/><\/p>\n<p>N\u00e4ytteenotto testi\u00e4 varten tapahtuu ottamalla n\u00e4yte kurkusta nukkatikulla. <a href=\"https:\/\/www.arcdia.com\/fi\/maripoc\/naytteenotto\/\">N\u00e4ytteen k\u00e4sittely<\/a> ennen analyysi\u00e4 on helppoa ja nopeaa.<\/p>\n<p>A-ryhm\u00e4n streptokokki -menetelm\u00e4\u00e4 voidaan k\u00e4ytt\u00e4\u00e4 nyt my\u00f6s perianaali-infektion testaukseen. A-ryhm\u00e4n streptokokki on yleinen perianaalisen infektion aiheuttaja pienill\u00e4 lapsilla. Tyypillisi\u00e4 oireita ovat tarkkarajainen pinnallinen ihottuma per\u00e4aukon ymp\u00e4rill\u00e4, kutina, ummetus ja ulostamiskivut. Oireet muistuttavat muun muassa atooppista ihottumaa ja psoriaasia, mink\u00e4 vuoksi taudin toteaminen ja hoito saattavat my\u00f6h\u00e4sty\u00e4.<\/p>\n<p>Nielutulehduksen pikatesti on saatavilla laajasti merkitt\u00e4vimmill\u00e4 suomalaisilla yksityisill\u00e4 <a href=\"https:\/\/www.arcdia.com\/fi\/maripoc\/mika-on-maripoc\/#asiakas\">l\u00e4\u00e4k\u00e4riasemilla<\/a>.<\/p>\n\n","protected":false},"excerpt":{"rendered":"<p>mariPOC\u00ae Quick StrepA -testi A-ryhm\u00e4n streptokokin pikatesti mariPOC\u00ae Quick StrepA -testi on tarkoitettu A-ryhm\u00e4n streptokokki-infektion pikatestaukseen nielutulehdusep\u00e4ilyss\u00e4. A-ryhm\u00e4n streptokokki on yleisin bakteeriper\u00e4inen nielutulehduksen aiheuttaja. Antibiooteilla voidaan lievent\u00e4\u00e4 oireita ja nopeuttaa paranemista. Hoitamaton A-streptokokki-infektio voi johtaa kohtalokkaaseen tautiin. Quick StrepA -testi antaa lopullisen tuloksen 15 minuutissa. Testitulos vastaa herkkyydelt\u00e4\u00e4n ja tarkkuudeltaan bakteeriviljely\u00e4, joten varmistusviljely\u00e4 A-streptokokille ei [&hellip;]<\/p>\n","protected":false},"author":1,"featured_media":0,"parent":1588,"menu_order":3,"comment_status":"closed","ping_status":"closed","template":"","meta":{"_acf_changed":false,"footnotes":""},"class_list":["post-1776","page","type-page","status-publish","hentry"],"acf":[],"_links":{"self":[{"href":"https:\/\/www.arcdia.com\/fi\/wp-json\/wp\/v2\/pages\/1776","targetHints":{"allow":["GET"]}}],"collection":[{"href":"https:\/\/www.arcdia.com\/fi\/wp-json\/wp\/v2\/pages"}],"about":[{"href":"https:\/\/www.arcdia.com\/fi\/wp-json\/wp\/v2\/types\/page"}],"author":[{"embeddable":true,"href":"https:\/\/www.arcdia.com\/fi\/wp-json\/wp\/v2\/users\/1"}],"replies":[{"embeddable":true,"href":"https:\/\/www.arcdia.com\/fi\/wp-json\/wp\/v2\/comments?post=1776"}],"version-history":[{"count":33,"href":"https:\/\/www.arcdia.com\/fi\/wp-json\/wp\/v2\/pages\/1776\/revisions"}],"predecessor-version":[{"id":9219,"href":"https:\/\/www.arcdia.com\/fi\/wp-json\/wp\/v2\/pages\/1776\/revisions\/9219"}],"up":[{"embeddable":true,"href":"https:\/\/www.arcdia.com\/fi\/wp-json\/wp\/v2\/pages\/1588"}],"wp:attachment":[{"href":"https:\/\/www.arcdia.com\/fi\/wp-json\/wp\/v2\/media?parent=1776"}],"curies":[{"name":"wp","href":"https:\/\/api.w.org\/{rel}","templated":true}]}}