{"id":1778,"date":"2019-03-07T13:51:12","date_gmt":"2019-03-07T11:51:12","guid":{"rendered":"https:\/\/www.arcdia.com\/?page_id=1778"},"modified":"2022-07-01T09:17:45","modified_gmt":"2022-07-01T06:17:45","slug":"gastro-testi","status":"publish","type":"page","link":"https:\/\/www.arcdia.com\/fi\/maripoc\/testit\/gastro-testi\/","title":{"rendered":"Gastro-testi"},"content":{"rendered":"\n\n\t\t\t\t<img decoding=\"async\" src=\"https:\/\/www.arcdia.com\/wp-content\/uploads\/2021\/07\/mariPOC-Gastro-banner.jpg\" alt=\"mariPOC Gastro banner\" itemprop=\"image\" height=\"600\" width=\"1920\" title=\"mariPOC Gastro banner\" onerror=\"this.style.display='none'\"  \/>\n\t<div class=\"menu-paavalikko-container\"><ul id=\"arcdia-sivulinkit\" class=\"sivupalkinlinkit\"><li id=\"menu-item-1600\" class=\"menu-item menu-item-type-post_type menu-item-object-page menu-item-has-children menu-item-1600\"><a href=\"https:\/\/www.arcdia.com\/fi\/maripoc\/testit\/\">Testit\u00a0<\/a>\n<ul class=\"sub-menu\">\n\t<li id=\"menu-item-6255\" class=\"menu-item menu-item-type-post_type menu-item-object-page menu-item-6255\"><a href=\"https:\/\/www.arcdia.com\/fi\/maripoc\/testit\/covid-19-testit\/\">COVID-19-testit<\/a><\/li>\n\t<li id=\"menu-item-1599\" class=\"menu-item menu-item-type-post_type menu-item-object-page menu-item-1599\"><a href=\"https:\/\/www.arcdia.com\/fi\/maripoc\/testit\/respi-testit\/\">Respi-testi<\/a><\/li>\n\t<li id=\"menu-item-1784\" class=\"menu-item menu-item-type-post_type menu-item-object-page menu-item-1784\"><a href=\"https:\/\/www.arcdia.com\/fi\/maripoc\/testit\/pharyn-testi\/\">Pharyn-testi<\/a><\/li>\n\t<li id=\"menu-item-1785\" class=\"menu-item menu-item-type-post_type menu-item-object-page menu-item-1785\"><a href=\"https:\/\/www.arcdia.com\/fi\/maripoc\/testit\/quick-strepa-testi\/\">Quick StrepA -testi<\/a><\/li>\n\t<li id=\"menu-item-1601\" class=\"menu-item menu-item-type-post_type menu-item-object-page menu-item-1601\"><a href=\"https:\/\/www.arcdia.com\/fi\/maripoc\/testit\/quick-flu-testit\/\">Quick Flu -testit<\/a><\/li>\n\t<li id=\"menu-item-1782\" class=\"menu-item menu-item-type-post_type menu-item-object-page menu-item-1782\"><a href=\"https:\/\/www.arcdia.com\/fi\/maripoc\/testit\/cdi-testi\/\">CDI-testi<\/a><\/li>\n\t<li id=\"menu-item-1783\" class=\"menu-item menu-item-type-post_type menu-item-object-page menu-item-1783\"><a href=\"https:\/\/www.arcdia.com\/fi\/maripoc\/testit\/gastro-testi\/\">Gastro-testi<\/a><\/li>\n<\/ul>\n<\/li>\n<li id=\"menu-item-1986\" class=\"menu-item menu-item-type-post_type menu-item-object-page menu-item-1986\"><a href=\"https:\/\/www.arcdia.com\/fi\/maripoc\/tuotteet\/\">Tuotteet<\/a><\/li>\n<li id=\"menu-item-1724\" class=\"menu-item menu-item-type-post_type menu-item-object-page menu-item-1724\"><a href=\"https:\/\/www.arcdia.com\/fi\/maripoc\/suorituskyky\/\">Suorituskyky<\/a><\/li>\n<li id=\"menu-item-1725\" class=\"menu-item menu-item-type-post_type menu-item-object-page menu-item-1725\"><a href=\"https:\/\/www.arcdia.com\/fi\/maripoc\/naytteenotto\/\">N\u00e4ytteenotto<\/a><\/li>\n<li id=\"menu-item-1751\" class=\"menu-item menu-item-type-post_type menu-item-object-page menu-item-1751\"><a href=\"https:\/\/www.arcdia.com\/fi\/tilaukset\/\">Tilaukset<\/a><\/li>\n<li id=\"menu-item-5535\" class=\"menu-item menu-item-type-post_type menu-item-object-page menu-item-5535\"><a href=\"https:\/\/www.arcdia.com\/fi\/maripoc\/potilaiden-ja-kayttajien-kokemuksia\/\">Potilaiden ja k\u00e4ytt\u00e4jien kokemuksia<\/a><\/li>\n<li id=\"menu-item-1752\" class=\"menu-item menu-item-type-post_type menu-item-object-page menu-item-has-children menu-item-1752\"><a href=\"https:\/\/www.arcdia.com\/fi\/maripoc\/kirjallisuus\/\">Kirjallisuus<\/a>\n<ul class=\"sub-menu\">\n\t<li id=\"menu-item-1750\" class=\"menu-item menu-item-type-post_type menu-item-object-page menu-item-1750\"><a href=\"https:\/\/www.arcdia.com\/fi\/maripoc\/kirjallisuus\/tuote-esitteet\/\">Tuote-esitteet<\/a><\/li>\n\t<li id=\"menu-item-4375\" class=\"menu-item menu-item-type-post_type menu-item-object-page menu-item-4375\"><a href=\"https:\/\/www.arcdia.com\/fi\/maripoc\/kirjallisuus\/hengitystieinfektiot\/\">Hengitystieinfektiot<\/a><\/li>\n\t<li id=\"menu-item-4379\" class=\"menu-item menu-item-type-post_type menu-item-object-page menu-item-4379\"><a href=\"https:\/\/www.arcdia.com\/fi\/maripoc\/kirjallisuus\/suolistoinfektiot\/\">Suolistoinfektiot<\/a><\/li>\n<\/ul>\n<\/li>\n<\/ul><\/div>\n<h1>\n\t\tmariPOC\u00ae Gastro -testi suolistoinfektioiden testaamiseen\n\t<\/h1>\n\t<p>mariPOC\u00ae Gastro -testi on tarkoitettu akuutteja suolistoinfektioita aiheuttavien taudinaiheuttajien testaukseen. Testill\u00e4 voidaan analysoida viisi eri virusta ja bakteeria samasta ulosten\u00e4ytteest\u00e4. Taudinaiheuttajan tunnistaminen on t\u00e4rke\u00e4\u00e4 taudinkulun ennustamiseksi, potilaiden kohortoimiseksi ja infektioiden torjumiseksi <a href=\"https:\/\/doi.org\/10.1128\/JCM.00710-19\" target=\"_blank\" rel=\"noopener\">sairaaloissa<\/a> ja pitk\u00e4aikaishoitolaitoksissa.<\/p>\n\t<p><img decoding=\"async\" src=\"https:\/\/www.arcdia.com\/wp-content\/uploads\/2020\/01\/testipaneeli-gastro-testi-vector.png\" alt=\"\" width=\"436\" height=\"218\" \/><\/p>\n\t<p>Gastro-pikatesti tunnistaa samanaikaisesti noroviruksen GII.4 &amp; GI:n, rotaviruksen, adenoviruksen ja kampylobakteerit (<em>Campylobacter jejuni, Campylobacter coli, Campylobacter hyoilei ja Campylobacter upsaliensis<\/em>).<\/p>\n\t<h2>mariPOC\u00ae Gastro -testi antaa tuloksen kahdessa vaiheessa<\/h2>\n<strong>Alustava tulos<\/strong>: Vahvat positiiviset raportoidaan 20 minuutissa.<br \/>\n<strong>Lopullinen tulos<\/strong>: matalat positiiviset ja negatiiviset raportoidaan 2 tunnissa.\n<p><img decoding=\"async\" src=\"https:\/\/www.arcdia.com\/wp-content\/uploads\/2022\/07\/maripoc-gastro-tyonkulku-scaled.webp\" alt=\"mariPOC Gastro ty\u00f6nkulku\" width=\"2560\" height=\"944\" \/><\/p>\n<p>Yhdest\u00e4 n\u00e4ytteest\u00e4 voidaan analysoida Gastro ja CDI -testipaneelit samanaikaisesti!<\/p>\n<p>Lue lis\u00e4\u00e4 <a href=\"https:\/\/www.arcdia.com\/fi\/maripoc\/testit\/cdi-testi\/\">mariPOC\u00ae CDI -testist\u00e4<\/a> (<em>Clostridium difficile<\/em> -infektio).<\/p>\n<p>Gastro-testill\u00e4 voidaan noudattaa Euroopan kliinisen mikrobiologian ja infektiotautien tiedeseuran ESCMIDin suositusta CDI:n ja akuuttien suolistoinfektioiden diagnosoimiseksi. <a href=\"https:\/\/doi.org\/10.1016\/j.cmi.2016.03.010\" target=\"_blank\" rel=\"noopener\">Suosituksen<\/a> mukaan CDI-ep\u00e4ilypotilaiden, joiden ulosten\u00e4ytteess\u00e4 ei ollut tautia aiheuttavia <em>C. difficilen<\/em> toksiineja, tulisi saada vaihtoehtoinen diagnoosi ripulin todelliselle aiheuttajalle. Vastaavasti CDI tulisi tutkia my\u00f6s niilt\u00e4 potilailta, joilla ep\u00e4ill\u00e4\u00e4n akuuttia suolistoinfektiota, vaikka potilas ei kuuluisi riskiryhm\u00e4\u00e4n.<\/p>\n<p>mariPOC\u00ae on markkinoiden ensimm\u00e4inen automatisoitu taudinaiheuttajan suoraan tunnistukseen perustuva monianalyyttinen testi, joka mahdollistaa suosituksen mukaisen testauksen.<\/p>\n\n","protected":false},"excerpt":{"rendered":"<p>mariPOC\u00ae Gastro -testi suolistoinfektioiden testaamiseen mariPOC\u00ae Gastro -testi on tarkoitettu akuutteja suolistoinfektioita aiheuttavien taudinaiheuttajien testaukseen. Testill\u00e4 voidaan analysoida viisi eri virusta ja bakteeria samasta ulosten\u00e4ytteest\u00e4. Taudinaiheuttajan tunnistaminen on t\u00e4rke\u00e4\u00e4 taudinkulun ennustamiseksi, potilaiden kohortoimiseksi ja infektioiden torjumiseksi sairaaloissa ja pitk\u00e4aikaishoitolaitoksissa. Gastro-pikatesti tunnistaa samanaikaisesti noroviruksen GII.4 &amp; GI:n, rotaviruksen, adenoviruksen ja kampylobakteerit (Campylobacter jejuni, Campylobacter coli, Campylobacter [&hellip;]<\/p>\n","protected":false},"author":1,"featured_media":0,"parent":1588,"menu_order":0,"comment_status":"closed","ping_status":"closed","template":"","meta":{"_acf_changed":false,"footnotes":""},"class_list":["post-1778","page","type-page","status-publish","hentry"],"acf":[],"_links":{"self":[{"href":"https:\/\/www.arcdia.com\/fi\/wp-json\/wp\/v2\/pages\/1778","targetHints":{"allow":["GET"]}}],"collection":[{"href":"https:\/\/www.arcdia.com\/fi\/wp-json\/wp\/v2\/pages"}],"about":[{"href":"https:\/\/www.arcdia.com\/fi\/wp-json\/wp\/v2\/types\/page"}],"author":[{"embeddable":true,"href":"https:\/\/www.arcdia.com\/fi\/wp-json\/wp\/v2\/users\/1"}],"replies":[{"embeddable":true,"href":"https:\/\/www.arcdia.com\/fi\/wp-json\/wp\/v2\/comments?post=1778"}],"version-history":[{"count":18,"href":"https:\/\/www.arcdia.com\/fi\/wp-json\/wp\/v2\/pages\/1778\/revisions"}],"predecessor-version":[{"id":8653,"href":"https:\/\/www.arcdia.com\/fi\/wp-json\/wp\/v2\/pages\/1778\/revisions\/8653"}],"up":[{"embeddable":true,"href":"https:\/\/www.arcdia.com\/fi\/wp-json\/wp\/v2\/pages\/1588"}],"wp:attachment":[{"href":"https:\/\/www.arcdia.com\/fi\/wp-json\/wp\/v2\/media?parent=1778"}],"curies":[{"name":"wp","href":"https:\/\/api.w.org\/{rel}","templated":true}]}}