{"id":1780,"date":"2019-03-07T13:51:30","date_gmt":"2019-03-07T11:51:30","guid":{"rendered":"https:\/\/www.arcdia.com\/?page_id=1780"},"modified":"2021-07-20T15:27:01","modified_gmt":"2021-07-20T12:27:01","slug":"cdi-testi","status":"publish","type":"page","link":"https:\/\/www.arcdia.com\/fi\/maripoc\/testit\/cdi-testi\/","title":{"rendered":"CDI-testi"},"content":{"rendered":"\n\n\t\t\t\t<img decoding=\"async\" src=\"https:\/\/www.arcdia.com\/wp-content\/uploads\/2021\/07\/maripoc-cdi-banner-smaller-size.webp\" alt=\"mariPOC CDI banner\" itemprop=\"image\" height=\"600\" width=\"1920\" title=\"mariPOC CDI banner\" onerror=\"this.style.display='none'\"  \/>\n\t<div class=\"menu-paavalikko-container\"><ul id=\"arcdia-sivulinkit\" class=\"sivupalkinlinkit\"><li id=\"menu-item-1600\" class=\"menu-item menu-item-type-post_type menu-item-object-page menu-item-has-children menu-item-1600\"><a href=\"https:\/\/www.arcdia.com\/fi\/maripoc\/testit\/\">Testit\u00a0<\/a>\n<ul class=\"sub-menu\">\n\t<li id=\"menu-item-6255\" class=\"menu-item menu-item-type-post_type menu-item-object-page menu-item-6255\"><a href=\"https:\/\/www.arcdia.com\/fi\/maripoc\/testit\/covid-19-testit\/\">COVID-19-testit<\/a><\/li>\n\t<li id=\"menu-item-1599\" class=\"menu-item menu-item-type-post_type menu-item-object-page menu-item-1599\"><a href=\"https:\/\/www.arcdia.com\/fi\/maripoc\/testit\/respi-testit\/\">Respi-testi<\/a><\/li>\n\t<li id=\"menu-item-1784\" class=\"menu-item menu-item-type-post_type menu-item-object-page menu-item-1784\"><a href=\"https:\/\/www.arcdia.com\/fi\/maripoc\/testit\/pharyn-testi\/\">Pharyn-testi<\/a><\/li>\n\t<li id=\"menu-item-1785\" class=\"menu-item menu-item-type-post_type menu-item-object-page menu-item-1785\"><a href=\"https:\/\/www.arcdia.com\/fi\/maripoc\/testit\/quick-strepa-testi\/\">Quick StrepA -testi<\/a><\/li>\n\t<li id=\"menu-item-1601\" class=\"menu-item menu-item-type-post_type menu-item-object-page menu-item-1601\"><a href=\"https:\/\/www.arcdia.com\/fi\/maripoc\/testit\/quick-flu-testit\/\">Quick Flu -testit<\/a><\/li>\n\t<li id=\"menu-item-1782\" class=\"menu-item menu-item-type-post_type menu-item-object-page menu-item-1782\"><a href=\"https:\/\/www.arcdia.com\/fi\/maripoc\/testit\/cdi-testi\/\">CDI-testi<\/a><\/li>\n\t<li id=\"menu-item-1783\" class=\"menu-item menu-item-type-post_type menu-item-object-page menu-item-1783\"><a href=\"https:\/\/www.arcdia.com\/fi\/maripoc\/testit\/gastro-testi\/\">Gastro-testi<\/a><\/li>\n<\/ul>\n<\/li>\n<li id=\"menu-item-1986\" class=\"menu-item menu-item-type-post_type menu-item-object-page menu-item-1986\"><a href=\"https:\/\/www.arcdia.com\/fi\/maripoc\/tuotteet\/\">Tuotteet<\/a><\/li>\n<li id=\"menu-item-1724\" class=\"menu-item menu-item-type-post_type menu-item-object-page menu-item-1724\"><a href=\"https:\/\/www.arcdia.com\/fi\/maripoc\/suorituskyky\/\">Suorituskyky<\/a><\/li>\n<li id=\"menu-item-1725\" class=\"menu-item menu-item-type-post_type menu-item-object-page menu-item-1725\"><a href=\"https:\/\/www.arcdia.com\/fi\/maripoc\/naytteenotto\/\">N\u00e4ytteenotto<\/a><\/li>\n<li id=\"menu-item-1751\" class=\"menu-item menu-item-type-post_type menu-item-object-page menu-item-1751\"><a href=\"https:\/\/www.arcdia.com\/fi\/tilaukset\/\">Tilaukset<\/a><\/li>\n<li id=\"menu-item-5535\" class=\"menu-item menu-item-type-post_type menu-item-object-page menu-item-5535\"><a href=\"https:\/\/www.arcdia.com\/fi\/maripoc\/potilaiden-ja-kayttajien-kokemuksia\/\">Potilaiden ja k\u00e4ytt\u00e4jien kokemuksia<\/a><\/li>\n<li id=\"menu-item-1752\" class=\"menu-item menu-item-type-post_type menu-item-object-page menu-item-has-children menu-item-1752\"><a href=\"https:\/\/www.arcdia.com\/fi\/maripoc\/kirjallisuus\/\">Kirjallisuus<\/a>\n<ul class=\"sub-menu\">\n\t<li id=\"menu-item-1750\" class=\"menu-item menu-item-type-post_type menu-item-object-page menu-item-1750\"><a href=\"https:\/\/www.arcdia.com\/fi\/maripoc\/kirjallisuus\/tuote-esitteet\/\">Tuote-esitteet<\/a><\/li>\n\t<li id=\"menu-item-4375\" class=\"menu-item menu-item-type-post_type menu-item-object-page menu-item-4375\"><a href=\"https:\/\/www.arcdia.com\/fi\/maripoc\/kirjallisuus\/hengitystieinfektiot\/\">Hengitystieinfektiot<\/a><\/li>\n\t<li id=\"menu-item-4379\" class=\"menu-item menu-item-type-post_type menu-item-object-page menu-item-4379\"><a href=\"https:\/\/www.arcdia.com\/fi\/maripoc\/kirjallisuus\/suolistoinfektiot\/\">Suolistoinfektiot<\/a><\/li>\n<\/ul>\n<\/li>\n<\/ul><\/div>\n<h1>\n\t\tmariPOC\u00ae CDI -testi infektiivisen antibioottiripulin testaamiseen\n\t<\/h1>\n\t\n<h2><strong><em>Clostridium difficile<\/em><\/strong><\/h2>\n<p><em>Clostridium difficile<\/em> -infektio (CDI) on yleisimmin diagnosoitu terveydenhuoltoon ja antibioottien k\u00e4ytt\u00f6\u00f6n liittyv\u00e4 ripulin aiheuttaja. Tyypillisesti CDI:t\u00e4 esiintyy i\u00e4kk\u00e4\u00e4mmill\u00e4 laitoshoidon potilailla antibioottikuurin aikana tai sen j\u00e4lkeen. Antibioottihoito tuhoaa taudinaiheuttajan lis\u00e4ksi my\u00f6s suoliston normaalia hyv\u00e4\u00e4 bakteeristoa, jolloin <em>C. difficile<\/em> saa elintilaa suolistossa ja se voi aiheuttaa CDI-taudin. CDI:n oireet aiheutuvat bakteerin tuottamista toksiineista A ja B, jotka ovat suolistoa tuhoavia solumyrkkyj\u00e4. Toksiinien tunnistus ulosten\u00e4ytteest\u00e4 on kansainv\u00e4listen suositusten mukaan oleellinen osa taudin toteamista ja hoitoa.<\/p>\n\n<p>Oireita aiheuttavia toksiineja tuottavat vain ne\u00a0<em>C. difficile<\/em>\u00a0-kannat, joilla on toksiinigeeni. Toksigeenisen <em>C. difficile<\/em> -kannan osoitus on mahdollista tehd\u00e4 my\u00f6s niin kutsutuilla geenimonistusmenetelmill\u00e4. Positiivinen tulos geenimonistusmenetelm\u00e4ll\u00e4 ei kuitenkaan suoraan tarkoita, ett\u00e4 infektion aiheuttaja on <em>C. difficile<\/em>. Osa ihmisist\u00e4 on bakteerin oireettomia kantajia ja geenille positiiviset kannat eiv\u00e4t aina tuota toksiinia tai ne voivat olla harmittomassa iti\u00f6muodossa. T\u00e4st\u00e4 syyst\u00e4 pelk\u00e4n geenimonistukseen perustuvan testauksen ennustearvo CDI-taudille on hyvin alhainen, noin 50 %. Alhainen ennustearvo johtaa ylidiagnosointiin ja turhiin antibioottikuureihin. mariPOC\u00ae CDI -testi mittaa suoraan tautia aiheuttavia toksiineja, mink\u00e4 vuoksi sen ennustearvo on hyvin korkea, l\u00e4hes 100 %. mariPOC\u00ae CDI -testill\u00e4 voidaan siis optimoida antibioottien k\u00e4ytt\u00f6\u00e4 sek\u00e4 v\u00e4ltt\u00e4\u00e4 turhat antibioottikuurit.<\/p>\n\n\n<ol>\n<li><strong>Bakteerin osoitus ulosteesta herk\u00e4ll\u00e4 testill\u00e4 <\/strong>(GDH tai geenimonistustesti):<br \/>\nGDH (glutamaattidehydro- genaasi) on kaikkien <em>C. difficile<\/em> -bakteerien suurissa m\u00e4\u00e4rin tuottama proteiini.<\/li>\n<li><strong>Solumyrkkyjen osoitus ulosteesta toksiini A\/B -testill\u00e4: <\/strong>Toksiinien tunnistuksella varmennetaan infektion aiheuttajaksi <em>C. difficile<\/em> -bakteeri.<\/li>\n<\/ol>\nmariPOC\u00ae\u00a0CDI -testi raportoi tulokset GDH:lle sek\u00e4 toksiineille A ja B yhdest\u00e4 n\u00e4ytteest\u00e4 samalla kertaa. mariPOC\u00ae\u00a0CDI -testi tarjoaa markkinoiden parhaan testaustarkkuuden (accuracy) CDI:n diagnosoinnin avuksi. Verrattuna nykyiseen pikatestauksen markkinajohtajaan <a href=\"https:\/\/doi.org\/10.1128\/JCM.00710-19\" target=\"_blank\" rel=\"noopener\">mariPOC\u00ae CDI -testi l\u00f6yt\u00e4\u00e4 20 % enemm\u00e4n todennettuja toksiinipositiviisia n\u00e4ytteit\u00e4.<\/a> T\u00e4m\u00e4 mahdollistaa CDI:n diagnosoimisen aikaisempaa herkemmin ilman ylidiagnosoinnin vaaraa.<br \/>\nmariPOC GDH -testi poissulkee CDI:n korkealla 99,0 %:n negatiivisella ennustearvolla.\n\n<h3>mariPOC\u00ae CDI -testi antaa tuloksen kahdessa vaiheessa<\/h3>\n<strong>Alustavat tulokset<\/strong>: 20 minuuttia (positiiviset tulokset)<br \/>\n<strong>Lopulliset tulokset<\/strong>: 2 tuntia (matalat positiiviset ja negatiiviset tulokset)\n<h2>mariPOC\u00ae Gastro ja CDI<\/h2>\nYhdest\u00e4 n\u00e4ytteest\u00e4 voidaan analysoida <a href=\"https:\/\/www.arcdia.com\/fi\/maripoc\/testit\/gastro-testi\/\">Gastro<\/a> ja CDI -testipaneelit samanaikaisesti!<br \/>\nCDI-taudin riskiryhm\u00e4\u00e4n kuuluvat yli 65-vuotiaat sairaalahoidon potilaat. CDI-tapauksia esiintyy kuitenkin yh\u00e4 useammin riskiryhm\u00e4n ulkopuolisilla potilailla, joiden diagnoosi saattaa viiv\u00e4sty\u00e4 ilman asianmukaista testausta. T\u00e4m\u00e4n vuoksi ESCMID suosittelee CDI:n testausta kaikista akuuteista ripulin\u00e4ytteist\u00e4. Lis\u00e4ksi suosituksen mukaan toksiini A\/B -negatiivisista CDI-ep\u00e4ilyn\u00e4ytteist\u00e4 tulisi jatkotutkia muita akuutteja suolistoinfektioita aiheuttavia taudinaiheuttajia. N\u00e4in l\u00f6ydet\u00e4\u00e4n piilev\u00e4t CDI-tapaukset tai tunnistetaan ripulin mahdollinen muu taudinaiheuttaja. Tuoreessa tutkimuksessa mariPOC\u00ae Gastro -testill\u00e4 tunnistettiin CDI-ep\u00e4ilyn\u00e4ytteist\u00e4 rotaviruksen aiheuttama osastoepidemia ja l\u00f6ydettiin muu infektiivinen taudinaiheuttaja yhteens\u00e4 4,5 % <a href=\"https:\/\/doi.org\/10.1128\/JCM.00710-19\" target=\"_blank\" rel=\"noopener\">n\u00e4ytteist\u00e4<\/a>.\n<p>mariPOC\u00ae on markkinoiden ensimm\u00e4inen automatisoitu suoraan taudinaiheuttajan tunnistukseen perustuva testi, joka mahdollistaa suosituksen mukaisen CDI-testauksen ja muiden taudinaiheuttajien tunnistamisen kustannustehokkaasti yhdell\u00e4 analyysill\u00e4.<\/p>\n\n","protected":false},"excerpt":{"rendered":"<p>mariPOC\u00ae CDI -testi infektiivisen antibioottiripulin testaamiseen Clostridium difficile Clostridium difficile -infektio (CDI) on yleisimmin diagnosoitu terveydenhuoltoon ja antibioottien k\u00e4ytt\u00f6\u00f6n liittyv\u00e4 ripulin aiheuttaja. Tyypillisesti CDI:t\u00e4 esiintyy i\u00e4kk\u00e4\u00e4mmill\u00e4 laitoshoidon potilailla antibioottikuurin aikana tai sen j\u00e4lkeen. Antibioottihoito tuhoaa taudinaiheuttajan lis\u00e4ksi my\u00f6s suoliston normaalia hyv\u00e4\u00e4 bakteeristoa, jolloin C. difficile saa elintilaa suolistossa ja se voi aiheuttaa CDI-taudin. CDI:n oireet [&hellip;]<\/p>\n","protected":false},"author":1,"featured_media":0,"parent":1588,"menu_order":0,"comment_status":"closed","ping_status":"closed","template":"","meta":{"_acf_changed":false,"footnotes":""},"class_list":["post-1780","page","type-page","status-publish","hentry"],"acf":[],"_links":{"self":[{"href":"https:\/\/www.arcdia.com\/fi\/wp-json\/wp\/v2\/pages\/1780","targetHints":{"allow":["GET"]}}],"collection":[{"href":"https:\/\/www.arcdia.com\/fi\/wp-json\/wp\/v2\/pages"}],"about":[{"href":"https:\/\/www.arcdia.com\/fi\/wp-json\/wp\/v2\/types\/page"}],"author":[{"embeddable":true,"href":"https:\/\/www.arcdia.com\/fi\/wp-json\/wp\/v2\/users\/1"}],"replies":[{"embeddable":true,"href":"https:\/\/www.arcdia.com\/fi\/wp-json\/wp\/v2\/comments?post=1780"}],"version-history":[{"count":25,"href":"https:\/\/www.arcdia.com\/fi\/wp-json\/wp\/v2\/pages\/1780\/revisions"}],"predecessor-version":[{"id":7860,"href":"https:\/\/www.arcdia.com\/fi\/wp-json\/wp\/v2\/pages\/1780\/revisions\/7860"}],"up":[{"embeddable":true,"href":"https:\/\/www.arcdia.com\/fi\/wp-json\/wp\/v2\/pages\/1588"}],"wp:attachment":[{"href":"https:\/\/www.arcdia.com\/fi\/wp-json\/wp\/v2\/media?parent=1780"}],"curies":[{"name":"wp","href":"https:\/\/api.w.org\/{rel}","templated":true}]}}