{"id":1786,"date":"2019-03-07T14:00:27","date_gmt":"2019-03-07T12:00:27","guid":{"rendered":"https:\/\/www.arcdia.com\/?page_id=1786"},"modified":"2023-12-13T13:13:19","modified_gmt":"2023-12-13T11:13:19","slug":"avoimet-tyopaikat","status":"publish","type":"page","link":"https:\/\/www.arcdia.com\/fi\/yhteystiedot\/avoimet-tyopaikat\/","title":{"rendered":"Avoimet ty\u00f6paikat"},"content":{"rendered":"\n\n\t\t\t\t<img decoding=\"async\" src=\"https:\/\/www.arcdia.com\/wp-content\/uploads\/2019\/02\/maripoc-banner-picture-with-kids-smiling.webp\" alt=\"\" itemprop=\"image\" onerror=\"this.style.display='none'\"  \/>\n\t<div class=\"menu-paavalikko-container\"><ul id=\"arcdia-sivulinkit\" class=\"sivupalkinlinkit\"><li id=\"menu-item-5744\" class=\"menu-item menu-item-type-post_type menu-item-object-page menu-item-5744\"><a href=\"https:\/\/www.arcdia.com\/fi\/yhteystiedot\/\">Yritys<\/a><\/li>\n<li id=\"menu-item-4231\" class=\"menu-item menu-item-type-post_type menu-item-object-page menu-item-4231\"><a href=\"https:\/\/www.arcdia.com\/fi\/yhteystiedot\/henkilosto\/\">Henkil\u00f6st\u00f6<\/a><\/li>\n<li id=\"menu-item-1788\" class=\"menu-item menu-item-type-post_type menu-item-object-page menu-item-1788\"><a href=\"https:\/\/www.arcdia.com\/fi\/yhteystiedot\/avoimet-tyopaikat\/\">Avoimet ty\u00f6paikat<\/a><\/li>\n<\/ul><\/div>\n<h1>\n\t\tAvoimet ty\u00f6paikat\n\t<\/h1>\n\t<p>Kiitos kiinnostuksestasi liitty\u00e4 tiimiimme. Valitettavasti t\u00e4ll\u00e4 hetkell\u00e4 meill\u00e4 ei ole avoimia ty\u00f6paikkoja. Arvostamme innostustasi ja suosittelemme tarkistamaan my\u00f6hemmin mahdollisia mahdollisuuksia, jotka voisivat vastata taitojasi ja tavoitteitasi.<\/p>\n\n","protected":false},"excerpt":{"rendered":"<p>Avoimet ty\u00f6paikat Kiitos kiinnostuksestasi liitty\u00e4 tiimiimme. Valitettavasti t\u00e4ll\u00e4 hetkell\u00e4 meill\u00e4 ei ole avoimia ty\u00f6paikkoja. Arvostamme innostustasi ja suosittelemme tarkistamaan my\u00f6hemmin mahdollisia mahdollisuuksia, jotka voisivat vastata taitojasi ja tavoitteitasi.<\/p>\n","protected":false},"author":1,"featured_media":0,"parent":1477,"menu_order":0,"comment_status":"closed","ping_status":"closed","template":"","meta":{"_acf_changed":false,"footnotes":""},"class_list":["post-1786","page","type-page","status-publish","hentry"],"acf":[],"_links":{"self":[{"href":"https:\/\/www.arcdia.com\/fi\/wp-json\/wp\/v2\/pages\/1786","targetHints":{"allow":["GET"]}}],"collection":[{"href":"https:\/\/www.arcdia.com\/fi\/wp-json\/wp\/v2\/pages"}],"about":[{"href":"https:\/\/www.arcdia.com\/fi\/wp-json\/wp\/v2\/types\/page"}],"author":[{"embeddable":true,"href":"https:\/\/www.arcdia.com\/fi\/wp-json\/wp\/v2\/users\/1"}],"replies":[{"embeddable":true,"href":"https:\/\/www.arcdia.com\/fi\/wp-json\/wp\/v2\/comments?post=1786"}],"version-history":[{"count":20,"href":"https:\/\/www.arcdia.com\/fi\/wp-json\/wp\/v2\/pages\/1786\/revisions"}],"predecessor-version":[{"id":8953,"href":"https:\/\/www.arcdia.com\/fi\/wp-json\/wp\/v2\/pages\/1786\/revisions\/8953"}],"up":[{"embeddable":true,"href":"https:\/\/www.arcdia.com\/fi\/wp-json\/wp\/v2\/pages\/1477"}],"wp:attachment":[{"href":"https:\/\/www.arcdia.com\/fi\/wp-json\/wp\/v2\/media?parent=1786"}],"curies":[{"name":"wp","href":"https:\/\/api.w.org\/{rel}","templated":true}]}}