{"id":4208,"date":"2019-10-15T13:26:57","date_gmt":"2019-10-15T10:26:57","guid":{"rendered":"https:\/\/www.arcdia.com\/?page_id=4208"},"modified":"2026-03-02T15:38:17","modified_gmt":"2026-03-02T13:38:17","slug":"henkilosto","status":"publish","type":"page","link":"https:\/\/www.arcdia.com\/fi\/yhteystiedot\/henkilosto\/","title":{"rendered":"Henkil\u00f6st\u00f6"},"content":{"rendered":"\n<figure itemscope itemtype=\"https:\/\/schema.org\/ImageObject\">\n\t\t\t\t<img decoding=\"async\" src=\"https:\/\/www.arcdia.com\/wp-content\/uploads\/2019\/02\/arcdia_ylakuva01.jpg\" alt=\"\" onerror=\"this.style.display='none'\" loading=\"lazy\" \/>\n\t<\/figure>\n\t<div class=\"menu-paavalikko-container\"><ul id=\"arcdia-sivulinkit\" class=\"sivupalkinlinkit\"><li id=\"menu-item-5744\" class=\"menu-item menu-item-type-post_type menu-item-object-page menu-item-5744\"><a href=\"https:\/\/www.arcdia.com\/fi\/yhteystiedot\/\">Yritys<\/a><\/li>\n<li id=\"menu-item-4231\" class=\"menu-item menu-item-type-post_type menu-item-object-page menu-item-4231\"><a href=\"https:\/\/www.arcdia.com\/fi\/yhteystiedot\/henkilosto\/\">Henkil\u00f6st\u00f6<\/a><\/li>\n<li id=\"menu-item-1788\" class=\"menu-item menu-item-type-post_type menu-item-object-page menu-item-1788\"><a href=\"https:\/\/www.arcdia.com\/fi\/yhteystiedot\/avoimet-tyopaikat\/\">Avoimet ty\u00f6paikat<\/a><\/li>\n<\/ul><\/div>\n<h1>\n\t\t\tHenkil\u00f6st\u00f6\t<\/h1>\n<h2>\n\t\t\tJohto\t<\/h2>\n<figure itemscope itemtype=\"https:\/\/schema.org\/ImageObject\">\n\t\t\t\t<img decoding=\"async\" src=\"https:\/\/www.arcdia.com\/wp-content\/uploads\/2026\/02\/2-scaled.png\" alt=\"2\" height=\"2560\" width=\"1993\" title=\"2\" onerror=\"this.style.display='none'\" loading=\"lazy\" \/>\n\t<\/figure>\n\t<strong>Janne Koskinen<\/strong><br \/>\nToimitusjohtaja, FT<br \/>\njanne.koskinen[a]arcdia.com<br \/>\nOffice: +358 40 678 7414\n<figure itemscope itemtype=\"https:\/\/schema.org\/ImageObject\">\n\t\t\t\t<img decoding=\"async\" src=\"https:\/\/www.arcdia.com\/wp-content\/uploads\/2026\/02\/1-scaled.png\" alt=\"1\" height=\"2560\" width=\"1993\" title=\"1\" onerror=\"this.style.display='none'\" loading=\"lazy\" \/>\n\t<\/figure>\n\t<strong>Aleksi Soini<\/strong><br \/>\nLiiketoiminnan kehitysjohtaja, FT<br \/>\naleksi.soini[a]arcdia.com<br \/>\nOffice: +358 40 678 7414\n<figure itemscope itemtype=\"https:\/\/schema.org\/ImageObject\">\n\t\t\t\t<img decoding=\"async\" src=\"https:\/\/www.arcdia.com\/wp-content\/uploads\/2026\/03\/untitled-design-3-1-scaled.png\" alt=\"Untitled design (3)\" height=\"2560\" width=\"1993\" title=\"Untitled design (3)\" onerror=\"this.style.display='none'\" loading=\"lazy\" \/>\n\t<\/figure>\n\t<strong>Riku Ruonamo<br \/>\n<\/strong>Operatiivinen p\u00e4\u00e4llikk\u00f6\n<h2>\n\t\t\tMyynti\t<\/h2>\n<figure itemscope itemtype=\"https:\/\/schema.org\/ImageObject\">\n\t\t\t\t<img decoding=\"async\" src=\"https:\/\/www.arcdia.com\/wp-content\/uploads\/2026\/02\/untitled-design-1-scaled.png\" alt=\"Untitled design\" height=\"2560\" width=\"1993\" title=\"Untitled design\" onerror=\"this.style.display='none'\" loading=\"lazy\" \/>\n\t<\/figure>\n\t<strong>Juha Koskinen<\/strong><br \/>\nTuotep\u00e4\u00e4llikk\u00f6<br \/>\njuha.koskinen[a]arcdia.com\n<figure itemscope itemtype=\"https:\/\/schema.org\/ImageObject\">\n\t\t\t\t<img decoding=\"async\" src=\"https:\/\/www.arcdia.com\/wp-content\/uploads\/2019\/04\/ArcDia_Jenna_LR.jpg\" alt=\"Jenna M\u00e4kil\u00e4\" height=\"1016\" width=\"791\" title=\"Jenna M\u00e4kil\u00e4\" onerror=\"this.style.display='none'\" loading=\"lazy\" \/>\n\t<\/figure>\n\t<strong>Jenna M\u00e4kil\u00e4<\/strong><br \/>\nTuotep\u00e4\u00e4llikk\u00f6 (vanh.vapaalla)<br \/>\njenna.makila[a]arcdia.com<br \/>\n+358 40 019 5047\n<figure itemscope itemtype=\"https:\/\/schema.org\/ImageObject\">\n\t\t\t\t<img decoding=\"async\" src=\"https:\/\/www.arcdia.com\/wp-content\/plugins\/bb-plugin\/img\/pixel.png\" alt=\"\" onerror=\"this.style.display='none'\" loading=\"lazy\" \/>\n\t<\/figure>\n<figure itemscope itemtype=\"https:\/\/schema.org\/ImageObject\">\n\t\t\t\t<img decoding=\"async\" src=\"https:\/\/www.arcdia.com\/wp-content\/uploads\/2026\/02\/4-scaled.png\" alt=\"4\" height=\"2560\" width=\"1993\" title=\"4\" onerror=\"this.style.display='none'\" loading=\"lazy\" \/>\n\t<\/figure>\n\t<strong>Kaisa M\u00e4\u00e4tt\u00e4nen<\/strong><br \/>\nAsiakkuusvastaava<br \/>\nkaisa.maattanen[a]arcdia.com<br \/>\n+358 40 019 5047\n\n","protected":false},"excerpt":{"rendered":"<p>Henkil\u00f6st\u00f6 Johto Janne Koskinen Toimitusjohtaja, FT janne.koskinen[a]arcdia.com Office: +358 40 678 7414 Aleksi Soini Liiketoiminnan kehitysjohtaja, FT aleksi.soini[a]arcdia.com Office: +358 40 678 7414 Riku Ruonamo Operatiivinen p\u00e4\u00e4llikk\u00f6 Myynti Juha Koskinen Tuotep\u00e4\u00e4llikk\u00f6 juha.koskinen[a]arcdia.com Jenna M\u00e4kil\u00e4 Tuotep\u00e4\u00e4llikk\u00f6 (vanh.vapaalla) jenna.makila[a]arcdia.com +358 40 019 5047 Kaisa M\u00e4\u00e4tt\u00e4nen Asiakkuusvastaava kaisa.maattanen[a]arcdia.com +358 40 019 5047<\/p>\n","protected":false},"author":5,"featured_media":0,"parent":1477,"menu_order":2,"comment_status":"closed","ping_status":"closed","template":"","meta":{"_acf_changed":false,"footnotes":""},"class_list":["post-4208","page","type-page","status-publish","hentry"],"acf":[],"_links":{"self":[{"href":"https:\/\/www.arcdia.com\/fi\/wp-json\/wp\/v2\/pages\/4208","targetHints":{"allow":["GET"]}}],"collection":[{"href":"https:\/\/www.arcdia.com\/fi\/wp-json\/wp\/v2\/pages"}],"about":[{"href":"https:\/\/www.arcdia.com\/fi\/wp-json\/wp\/v2\/types\/page"}],"author":[{"embeddable":true,"href":"https:\/\/www.arcdia.com\/fi\/wp-json\/wp\/v2\/users\/5"}],"replies":[{"embeddable":true,"href":"https:\/\/www.arcdia.com\/fi\/wp-json\/wp\/v2\/comments?post=4208"}],"version-history":[{"count":11,"href":"https:\/\/www.arcdia.com\/fi\/wp-json\/wp\/v2\/pages\/4208\/revisions"}],"predecessor-version":[{"id":9402,"href":"https:\/\/www.arcdia.com\/fi\/wp-json\/wp\/v2\/pages\/4208\/revisions\/9402"}],"up":[{"embeddable":true,"href":"https:\/\/www.arcdia.com\/fi\/wp-json\/wp\/v2\/pages\/1477"}],"wp:attachment":[{"href":"https:\/\/www.arcdia.com\/fi\/wp-json\/wp\/v2\/media?parent=4208"}],"curies":[{"name":"wp","href":"https:\/\/api.w.org\/{rel}","templated":true}]}}