{"id":4392,"date":"2019-11-26T13:53:28","date_gmt":"2019-11-26T11:53:28","guid":{"rendered":"https:\/\/www.arcdia.com\/?page_id=4392"},"modified":"2022-03-24T08:24:58","modified_gmt":"2022-03-24T06:24:58","slug":"mariast","status":"publish","type":"page","link":"https:\/\/www.arcdia.com\/fi\/mariast\/","title":{"rendered":"mariAST\u00ae"},"content":{"rendered":"\n\n\t\t\t\t<img decoding=\"async\" src=\"https:\/\/www.arcdia.com\/wp-content\/uploads\/2019\/02\/maripoc-banner-picture-with-kids-smiling.webp\" alt=\"\" itemprop=\"image\" height=\"470\" width=\"1920\" onerror=\"this.style.display='none'\"  \/>\n\t<div class=\"menu-paavalikko-container\"><ul id=\"arcdia-sivulinkit\" class=\"sivupalkinlinkit\"><li id=\"menu-item-4429\" class=\"menu-item menu-item-type-post_type menu-item-object-page menu-item-4429\"><a href=\"https:\/\/www.arcdia.com\/fi\/mariast\/kirjallisuus\/tieteelliset-julkaisut\/\">mariAST kirjallisuus<\/a><\/li>\n<\/ul><\/div>\n<h1>\n\t\tmariAST\u00ae &#8211; Nopea antibioottiresistenssitesti suoraan potilasn\u00e4ytteest\u00e4\n\t<\/h1>\n\t<p><iframe src=\"https:\/\/www.youtube.com\/embed\/1Y4JS6xFS4Y?rel=0&amp;autoplay=1&amp;mute=1\" width=\"840\" height=\"433\" frameborder=\"0\" allowfullscreen=\"allowfullscreen\"><\/iframe><\/p>\n<p>&nbsp;<\/p>\n\t<h2>Edistynein testij\u00e4rjestelm\u00e4 nopeaan resistenssitestaukseen<\/h2>\n<p>mariAST yhdist\u00e4\u00e4 mikrotilavuuden kuopassa teht\u00e4v\u00e4n viljelyn ja spesifisen bakteeriosoituksen. mariAST seuraa reaaliajassa lajispesifist\u00e4 bakteerikasvua antibiootin l\u00e4sn\u00e4 ollessa.<\/p>\n<p>Prosessi tuottaa tunnistuksen parissakymmeness\u00e4 minuutissa vahvoille positiiviselle n\u00e4ytteille.<\/p>\n<p>Fenotyyppiset resistenssitulokset raportoidaan tunneissa n\u00e4ytteenotosta ja suoraan kliinisest\u00e4 sekaflooran\u00e4ytteest\u00e4.<\/p>\n<h2>Mik\u00e4 mariAST-testij\u00e4rjestelm\u00e4 on?<\/h2>\n<ul>\n<li>Kymmenkertaisesti nopeutettu versio kultaisesta standardista<\/li>\n<li>Kilpailevat metodologiat soveltuvat vain testaukseen &#8221;suoraan positiivisista veriviljelypulloista&#8221;<\/li>\n<li>Ensimm\u00e4inen metodologia, joka mahdollistaa fenotyyppisen resistenssitestauksen suoraan kliinisist\u00e4 sekaflooran\u00e4ytteist\u00e4<\/li>\n<li>Ainoa esitelty testij\u00e4rjestelm\u00e4, joka mahdollistaa resistenssitestauksen potilasl\u00e4heisess\u00e4 diagnostiikassa<\/li>\n<li>Yhdist\u00e4\u00e4 mikrotilavuuden kuopassa teht\u00e4v\u00e4n viljelyn ja pesuvapaalla fluoresenssi-immunom\u00e4\u00e4rityksell\u00e4 tehdyn spesifisen bakteeriosoituksen<\/li>\n<li>Toimii jatkuvasy\u00f6tt\u00f6isell\u00e4 periaatteella ja tarjoaa reaaliaikaisen mittauksen<\/li>\n<li>Hy\u00f6dynt\u00e4\u00e4 samaa t\u00e4ysin automatisoitua ja toimivaksi osoitettua <a href=\"https:\/\/www.arcdia.com\/fi\/yritys\/tpx-teknologia\/\">TPX-tekniikkaa<\/a> kuin CE-merkitty mariPOC<\/li>\n<li>Toistaiseksi vain tutkimusk\u00e4ytt\u00f6\u00f6n<\/li>\n<\/ul>\n<h2>Miksi valita mariAST?<\/h2>\n<ul>\n<li>Tarkat ja nopeat fenotyyppiset tulokset<\/li>\n<li>On yleisesti tunnettua, ett\u00e4 fenotyyppinen resistenssitestaus on tarkempaa kuin genotyyppinen<\/li>\n<li>Ei kompromissia herkkyyden ja tulosajan kesken<\/li>\n<li>Eritt\u00e4in helppo k\u00e4ytt\u00e4\u00e4 ja lyhyt ty\u00f6st\u00f6aika<\/li>\n<li>Automaattinen analyysi ja tulosten luenta<\/li>\n<li>Voidaan kytke\u00e4 laboratoriotietoj\u00e4rjestelmiin<\/li>\n<\/ul>\n<h2>mariAST mahdollistaa<\/h2>\n<ul>\n<li>Aikaisen diagnoosin ja taudinaiheuttajanmukaisen hoidon<\/li>\n<li>Joustavan n\u00e4ytteiden analyysin ja korkean kapasiteetin<\/li>\n<li>Tarkan antibioottien k\u00e4yt\u00f6n<\/li>\n<li>Tarkan potilaiden kohortoinnin ja nopean tarpeettoman eristyksen purun<\/li>\n<li>Optimoidun kustannustehokkuuden ja potilasvirran<\/li>\n<\/ul>\n<h2>Millaisiin sovelluksiin mariAST sopii?<\/h2>\n<ul>\n<li>Teknologia tarjoaa eniten lis\u00e4arvoa silloin, kun tuloksen nopeudella on merkityst\u00e4, mahdollisten mikrobien m\u00e4\u00e4r\u00e4 on rajallinen ja ns. breakpoint-antibioottipitoisuuden testaus riitt\u00e4\u00e4<\/li>\n<li>Mahdollisia sovelluksia ovat esimerkiksi MRSA-seulonta ja -testaus, sukupuolitaudit ja pneumokokki<\/li>\n<li>Teknisesti mariAST sopii my\u00f6s MIC:ien (minimal inhibitory concentration) m\u00e4\u00e4ritykseen<\/li>\n<\/ul>\n<h2>mariAST on ainutlaatuinen<\/h2>\n<p>Viimeaikainen trendi mikrobiologiassa on kohti nopeaa fenotyyppist\u00e4 AST- ja resistenssitestausta suoraan positiivisista veriviljelypulloista (verenmyrkytyksen diagnostiikassa). N\u00e4m\u00e4 menetelm\u00e4t, kuten automaattinen mikroskopia, eiv\u00e4t mahdollista sekaflooran\u00e4ytteiden suoraa mittaamista. Vaikka verenmyrkytys on kliinisesti eritt\u00e4in vakava tauti ja nopea diagnostiikka t\u00e4rke\u00e4\u00e4, se edustaa vain hyvin pient\u00e4 osaa kaikesta AST- ja resistenssitestauksesta.<\/p>\n<p>Antimikrobiresistentin levi\u00e4misen takia tavallisista infektioista on tulossa mahdottomia hoitaa. Resistenttien taudinaiheuttajien diagnosoimiseksi ja resistenttiyden synnyn minimoimiseksi ongelma tulisi ratkaista hajautetulla ja nopealla infektiodiagnostiikalla. Diagnostiikan tulisi kattaa sek\u00e4 lajitunnistus ett\u00e4 resistenssitestaus. mariAST on ainoa esitetty testij\u00e4rjestelm\u00e4, joka on teknisesti ja taloudellisesti soveltuva nopeaan ja fenotyyppiseen AST- ja resistenssitestaukseen terveydenhoitoyksik\u00f6ss\u00e4.<\/p>\n<h2>\n\t\tAntibioottiresistenssi\n\t<\/h2>\n\t<p>Antibioottiherkkyys- ja resistenssitestaus (AST\/ART) sairaalahoidossa olevilta potilailta on normaalia toimintaa kliinisen mikrobiologian laboratorioissa ymp\u00e4ri maailman. Jo t\u00e4ll\u00e4 hetkell\u00e4 yli 700 000 ihmist\u00e4 kuolee joka vuosi l\u00e4\u00e4keresistenttien bakteerien aiheuttamiin infektioihin. Luku saattaa saavuttaa 10 miljoonaa vuoteen 2050 menness\u00e4, ellei tehokkaisiin torjuntatoimiin ryhdyt\u00e4. Uusien antibioottiresistenttien bakteerien ja bakteerikantojen syntyminen tarkoittaa sit\u00e4, ett\u00e4 antibioottiherkkyys- ja resistenssitestausta tarvitaan terveyskeskuksissa tavallisten infektioiden hoidon optimoinnissa. Toistaiseksi niit\u00e4 on hoidettu kokemusper\u00e4isesti (empiirisesti).<\/p>\n<p>Viranomaiset ja mielipidejohtajat kautta maailman korostavat uusien teknologisten ratkaisujen tarvetta antibioottiresistenssiongelman torjumiseksi. Harkitsematon ja v\u00e4\u00e4r\u00e4 antibioottien k\u00e4ytt\u00f6 jatkaa antibioottiresistenssiongelman levi\u00e4mist\u00e4. WHO:n mukaan resistenssiongelma on suurin globaali terveysuhka 2000-luvulla ja se tarvitsee kiireellisesti toimia. Toimien keski\u00f6ss\u00e4 tulisi olla nopea ja hoitopaikkoihin hajautettu infektioiden tunnistus ja resistenssitestaus.<\/p>\n\n","protected":false},"excerpt":{"rendered":"<p>mariAST\u00ae &#8211; Nopea antibioottiresistenssitesti suoraan potilasn\u00e4ytteest\u00e4 &nbsp; Edistynein testij\u00e4rjestelm\u00e4 nopeaan resistenssitestaukseen mariAST yhdist\u00e4\u00e4 mikrotilavuuden kuopassa teht\u00e4v\u00e4n viljelyn ja spesifisen bakteeriosoituksen. mariAST seuraa reaaliajassa lajispesifist\u00e4 bakteerikasvua antibiootin l\u00e4sn\u00e4 ollessa. Prosessi tuottaa tunnistuksen parissakymmeness\u00e4 minuutissa vahvoille positiiviselle n\u00e4ytteille. Fenotyyppiset resistenssitulokset raportoidaan tunneissa n\u00e4ytteenotosta ja suoraan kliinisest\u00e4 sekaflooran\u00e4ytteest\u00e4. Mik\u00e4 mariAST-testij\u00e4rjestelm\u00e4 on? Kymmenkertaisesti nopeutettu versio kultaisesta standardista Kilpailevat metodologiat [&hellip;]<\/p>\n","protected":false},"author":5,"featured_media":0,"parent":0,"menu_order":0,"comment_status":"closed","ping_status":"closed","template":"","meta":{"_acf_changed":false,"footnotes":""},"class_list":["post-4392","page","type-page","status-publish","hentry"],"acf":[],"_links":{"self":[{"href":"https:\/\/www.arcdia.com\/fi\/wp-json\/wp\/v2\/pages\/4392","targetHints":{"allow":["GET"]}}],"collection":[{"href":"https:\/\/www.arcdia.com\/fi\/wp-json\/wp\/v2\/pages"}],"about":[{"href":"https:\/\/www.arcdia.com\/fi\/wp-json\/wp\/v2\/types\/page"}],"author":[{"embeddable":true,"href":"https:\/\/www.arcdia.com\/fi\/wp-json\/wp\/v2\/users\/5"}],"replies":[{"embeddable":true,"href":"https:\/\/www.arcdia.com\/fi\/wp-json\/wp\/v2\/comments?post=4392"}],"version-history":[{"count":17,"href":"https:\/\/www.arcdia.com\/fi\/wp-json\/wp\/v2\/pages\/4392\/revisions"}],"predecessor-version":[{"id":8300,"href":"https:\/\/www.arcdia.com\/fi\/wp-json\/wp\/v2\/pages\/4392\/revisions\/8300"}],"wp:attachment":[{"href":"https:\/\/www.arcdia.com\/fi\/wp-json\/wp\/v2\/media?parent=4392"}],"curies":[{"name":"wp","href":"https:\/\/api.w.org\/{rel}","templated":true}]}}