{"id":4406,"date":"2019-11-26T14:01:19","date_gmt":"2019-11-26T12:01:19","guid":{"rendered":"https:\/\/www.arcdia.com\/?page_id=4406"},"modified":"2020-03-12T14:01:24","modified_gmt":"2020-03-12T12:01:24","slug":"kirjallisuus","status":"publish","type":"page","link":"https:\/\/www.arcdia.com\/fi\/mariast\/kirjallisuus\/","title":{"rendered":"Kirjallisuus"},"content":{"rendered":"\n\t\t\t\t<img decoding=\"async\" src=\"https:\/\/www.arcdia.com\/wp-content\/uploads\/2019\/02\/maripoc-banner-picture-with-kids-smiling.webp\" alt=\"\" itemprop=\"image\" onerror=\"this.style.display='none'\"  \/>\n\t<div class=\"menu-paavalikko-container\"><ul id=\"arcdia-sivulinkit\" class=\"sivupalkinlinkit\"><li id=\"menu-item-4429\" class=\"menu-item menu-item-type-post_type menu-item-object-page menu-item-4429\"><a href=\"https:\/\/www.arcdia.com\/fi\/mariast\/kirjallisuus\/tieteelliset-julkaisut\/\">mariAST kirjallisuus<\/a><\/li>\n<\/ul><\/div>\n<h1>\n\t\tTuote-esitteet\n\t<\/h1>\n\t<p>T\u00e4lt\u00e4 sivulta voit ladata esitteidemme viimeisimm\u00e4t versiot s\u00e4hk\u00f6isess\u00e4 muodossa. Jos tarvitset painettuja esitteit\u00e4, otathan yhteytt\u00e4 myyjiimme.<\/p>\n<p><a href=\"https:\/\/www.arcdia.com\/wp-content\/uploads\/2019\/11\/2019-09-mariCloud-brochure-FI.pdf\">mariCloud\u00ae Yleisesite<\/a><\/p>\n<p>&nbsp;<\/p>\n","protected":false},"excerpt":{"rendered":"<p>Tuote-esitteet T\u00e4lt\u00e4 sivulta voit ladata esitteidemme viimeisimm\u00e4t versiot s\u00e4hk\u00f6isess\u00e4 muodossa. Jos tarvitset painettuja esitteit\u00e4, otathan yhteytt\u00e4 myyjiimme. mariCloud\u00ae Yleisesite &nbsp;<\/p>\n","protected":false},"author":5,"featured_media":0,"parent":4392,"menu_order":4,"comment_status":"closed","ping_status":"closed","template":"","meta":{"_acf_changed":false,"footnotes":""},"class_list":["post-4406","page","type-page","status-publish","hentry"],"acf":[],"_links":{"self":[{"href":"https:\/\/www.arcdia.com\/fi\/wp-json\/wp\/v2\/pages\/4406","targetHints":{"allow":["GET"]}}],"collection":[{"href":"https:\/\/www.arcdia.com\/fi\/wp-json\/wp\/v2\/pages"}],"about":[{"href":"https:\/\/www.arcdia.com\/fi\/wp-json\/wp\/v2\/types\/page"}],"author":[{"embeddable":true,"href":"https:\/\/www.arcdia.com\/fi\/wp-json\/wp\/v2\/users\/5"}],"replies":[{"embeddable":true,"href":"https:\/\/www.arcdia.com\/fi\/wp-json\/wp\/v2\/comments?post=4406"}],"version-history":[{"count":4,"href":"https:\/\/www.arcdia.com\/fi\/wp-json\/wp\/v2\/pages\/4406\/revisions"}],"predecessor-version":[{"id":5500,"href":"https:\/\/www.arcdia.com\/fi\/wp-json\/wp\/v2\/pages\/4406\/revisions\/5500"}],"up":[{"embeddable":true,"href":"https:\/\/www.arcdia.com\/fi\/wp-json\/wp\/v2\/pages\/4392"}],"wp:attachment":[{"href":"https:\/\/www.arcdia.com\/fi\/wp-json\/wp\/v2\/media?parent=4406"}],"curies":[{"name":"wp","href":"https:\/\/api.w.org\/{rel}","templated":true}]}}