{"id":4424,"date":"2019-11-26T14:16:16","date_gmt":"2019-11-26T12:16:16","guid":{"rendered":"https:\/\/www.arcdia.com\/?page_id=4424"},"modified":"2022-04-07T14:12:11","modified_gmt":"2022-04-07T11:12:11","slug":"tieteelliset-julkaisut","status":"publish","type":"page","link":"https:\/\/www.arcdia.com\/fi\/mariast\/kirjallisuus\/tieteelliset-julkaisut\/","title":{"rendered":"mariAST kirjallisuus"},"content":{"rendered":"\n\n\t\t\t\t<img decoding=\"async\" src=\"https:\/\/www.arcdia.com\/wp-content\/uploads\/2019\/02\/maripoc-banner-picture-with-kids-smiling.webp\" alt=\"\" itemprop=\"image\" height=\"470\" width=\"1920\" onerror=\"this.style.display='none'\"  \/>\n\t<div class=\"menu-paavalikko-container\"><ul id=\"arcdia-sivulinkit\" class=\"sivupalkinlinkit\"><li id=\"menu-item-4429\" class=\"menu-item menu-item-type-post_type menu-item-object-page menu-item-4429\"><a href=\"https:\/\/www.arcdia.com\/fi\/mariast\/kirjallisuus\/tieteelliset-julkaisut\/\">mariAST kirjallisuus<\/a><\/li>\n<\/ul><\/div>\n<h1>\n\t\tTuote-esitteet\n\t<\/h1>\n\t<p>T\u00e4lt\u00e4 sivulta voit ladata esitteidemme viimeisimm\u00e4t versiot s\u00e4hk\u00f6isess\u00e4 muodossa. Jos tarvitset painettuja esitteit\u00e4, otathan yhteytt\u00e4 myyjiimme.<\/p>\n<p><a href=\"https:\/\/www.arcdia.com\/wp-content\/uploads\/2019\/05\/2019-04-mariAST-brochure-EN.pdf\">mariAST esite<\/a><\/p>\n<h2>\n\t\tTieteelliset julkaisut\n\t<\/h2>\n\t<p>Preclinical evaluation of phenotypic mariAST MRSA RUO test against routine MRSA screening methods in hospital setting. Antikainen P, et al. 28th European Congress of Clinical Microbiology and Infectious Diseases 2019, Amsterdam, the Netherlands. Abstract #2938 and poster #P2615.<\/p>\n<p>mariAST\u00ae methodology enables high precision MIC testing. Antikainen P, et al. 36th Annual meeting of the Nordic Society of Clinical Microbiology and Infectious Diseases 2019, Trondheim, Norwey . Abstract and poster # P-19, 67782.<\/p>\n<p>mariAST methodology for real-time and rapid phenotypic AST enables species-specific detection directly from clinical samples down to 1 CFU\/well. Antikainen P, et al. 27th European Congress of Clinical Microbiology and Infectious Diseases 2017, Vienna, Austria. Abstract #4771 and poster #P0172.<\/p>\n<p>mariAST\u00ae in-well culture methodology for direct, real-time and rapid phenotypic AST enables bacterial detection down to 1 CFU\/well. Antikainen P, et al. 33th Annual meeting of Nordic Society of Clinical Microbiology and Infectious Diseases 2016, Rovaniemi, Finland. Abstract and poster #049.<\/p>\n<p>High-throughput screening of colonization samples for methicillin-resistant Staphylococcus aureus. Stenholm T, et al. Scand J Infect Dis. (2013) 45:922-9.<\/p>\n<p>Evaluation of the TPX MRSA assay for the detection of methicillin-resistant Staphylococcus aureus. Stenholm T, et al. Eur J Clin Microbiol Infect Dis (2011) 30:1237-43.<\/p>\n<p>Development of a rapid assay methodology for antimicrobial susceptibility testing of Staphylococcus aureus. Koskinen JO, et al. Diagn Microbiol Infect Dis. (2008) 62:306-16.<\/p>\n\n","protected":false},"excerpt":{"rendered":"<p>Tuote-esitteet T\u00e4lt\u00e4 sivulta voit ladata esitteidemme viimeisimm\u00e4t versiot s\u00e4hk\u00f6isess\u00e4 muodossa. Jos tarvitset painettuja esitteit\u00e4, otathan yhteytt\u00e4 myyjiimme. mariAST esite Tieteelliset julkaisut Preclinical evaluation of phenotypic mariAST MRSA RUO test against routine MRSA screening methods in hospital setting. Antikainen P, et al. 28th European Congress of Clinical Microbiology and Infectious Diseases 2019, Amsterdam, the Netherlands. Abstract [&hellip;]<\/p>\n","protected":false},"author":5,"featured_media":0,"parent":4392,"menu_order":2,"comment_status":"closed","ping_status":"closed","template":"","meta":{"_acf_changed":false,"footnotes":""},"class_list":["post-4424","page","type-page","status-publish","hentry"],"acf":[],"_links":{"self":[{"href":"https:\/\/www.arcdia.com\/fi\/wp-json\/wp\/v2\/pages\/4424","targetHints":{"allow":["GET"]}}],"collection":[{"href":"https:\/\/www.arcdia.com\/fi\/wp-json\/wp\/v2\/pages"}],"about":[{"href":"https:\/\/www.arcdia.com\/fi\/wp-json\/wp\/v2\/types\/page"}],"author":[{"embeddable":true,"href":"https:\/\/www.arcdia.com\/fi\/wp-json\/wp\/v2\/users\/5"}],"replies":[{"embeddable":true,"href":"https:\/\/www.arcdia.com\/fi\/wp-json\/wp\/v2\/comments?post=4424"}],"version-history":[{"count":10,"href":"https:\/\/www.arcdia.com\/fi\/wp-json\/wp\/v2\/pages\/4424\/revisions"}],"predecessor-version":[{"id":8337,"href":"https:\/\/www.arcdia.com\/fi\/wp-json\/wp\/v2\/pages\/4424\/revisions\/8337"}],"up":[{"embeddable":true,"href":"https:\/\/www.arcdia.com\/fi\/wp-json\/wp\/v2\/pages\/4392"}],"wp:attachment":[{"href":"https:\/\/www.arcdia.com\/fi\/wp-json\/wp\/v2\/media?parent=4424"}],"curies":[{"name":"wp","href":"https:\/\/api.w.org\/{rel}","templated":true}]}}