{"id":4449,"date":"2019-11-26T15:51:07","date_gmt":"2019-11-26T13:51:07","guid":{"rendered":"https:\/\/www.arcdia.com\/?page_id=4449"},"modified":"2022-04-07T14:14:02","modified_gmt":"2022-04-07T11:14:02","slug":"kirjallisuus","status":"publish","type":"page","link":"https:\/\/www.arcdia.com\/fi\/maricloud\/kirjallisuus\/","title":{"rendered":"mariCloud kirjallisuus"},"content":{"rendered":"\r\n<p><img decoding=\"async\" src=\"https:\/\/www.arcdia.com\/wp-content\/uploads\/2019\/03\/maricloud-banner-smaller-size.webp\" alt=\"\" \/> <div class=\"menu-paavalikko-container\"><ul id=\"arcdia-sivulinkit\" class=\"sivupalkinlinkit\"><li id=\"menu-item-4460\" class=\"menu-item menu-item-type-post_type menu-item-object-page menu-item-4460\"><a href=\"https:\/\/www.arcdia.com\/fi\/maricloud\/kirjallisuus\/\">mariCloud kirjallisuus\u00a0\u00a0<\/a><\/li>\n<\/ul><\/div><\/p>\r\n<h1>Tuote-esitteet<\/h1>\r\n<p>T\u00e4lt\u00e4 sivulta voit ladata esitteidemme viimeisimm\u00e4t versiot s\u00e4hk\u00f6isess\u00e4 muodossa. Jos tarvitset painettuja esitteit\u00e4, otathan yhteytt\u00e4 myyjiimme.<\/p>\r\n<p><a href=\"https:\/\/www.arcdia.com\/wp-content\/uploads\/2019\/11\/2019-09-mariCloud-brochure-FI.pdf\">mariCloud\u00ae Yleisesite<\/a><\/p>\r\n<h2>Tieteelliset julkaisut<\/h2>\r\n<p>Comprehensive real-time epidemiological data from respiratory infections in Finland between 2010 and 2014 obtained from an automated and multianalyte mariPOC\u00ae respiratory pathogen test. Gunell M, et al. Eur J Clin Microbiol Infect Dis. 2016;35:405-13.<\/p>\r\n<p>mariCloud<sup>TM<\/sup>\u00a0on-line service for real-time and global epidemiological surveillance of acute infections. Koskinen JO, et al. International scientific WHO conference &#8221;Trends in influenza research&#8221; 2017, Pietari, Ven\u00e4j\u00e4. Plenary lecture. Tieteellinen tiivistelm\u00e4 sivut 26-27.<\/p>\r\n<p>mariCloud on-line service for real-time epidemiological surveillance of acute infections. Porjo N, et al. Virologip\u00e4iv\u00e4t 2018, Tuusula, Suomi. Suullinen esitys ja tieteellinen tiivistelm\u00e4 #25.<\/p>\r\n","protected":false},"excerpt":{"rendered":"<p>Tuote-esitteet T\u00e4lt\u00e4 sivulta voit ladata esitteidemme viimeisimm\u00e4t versiot s\u00e4hk\u00f6isess\u00e4 muodossa. Jos tarvitset painettuja esitteit\u00e4, otathan yhteytt\u00e4 myyjiimme. mariCloud\u00ae Yleisesite Tieteelliset julkaisut Comprehensive real-time epidemiological data from respiratory infections in Finland between 2010 and 2014 obtained from an automated and multianalyte mariPOC\u00ae respiratory pathogen test. Gunell M, et al. Eur J Clin Microbiol Infect Dis. 2016;35:405-13. [&hellip;]<\/p>\n","protected":false},"author":5,"featured_media":0,"parent":1584,"menu_order":3,"comment_status":"closed","ping_status":"closed","template":"","meta":{"_acf_changed":false,"footnotes":""},"class_list":["post-4449","page","type-page","status-publish","hentry"],"acf":[],"_links":{"self":[{"href":"https:\/\/www.arcdia.com\/fi\/wp-json\/wp\/v2\/pages\/4449","targetHints":{"allow":["GET"]}}],"collection":[{"href":"https:\/\/www.arcdia.com\/fi\/wp-json\/wp\/v2\/pages"}],"about":[{"href":"https:\/\/www.arcdia.com\/fi\/wp-json\/wp\/v2\/types\/page"}],"author":[{"embeddable":true,"href":"https:\/\/www.arcdia.com\/fi\/wp-json\/wp\/v2\/users\/5"}],"replies":[{"embeddable":true,"href":"https:\/\/www.arcdia.com\/fi\/wp-json\/wp\/v2\/comments?post=4449"}],"version-history":[{"count":4,"href":"https:\/\/www.arcdia.com\/fi\/wp-json\/wp\/v2\/pages\/4449\/revisions"}],"predecessor-version":[{"id":8338,"href":"https:\/\/www.arcdia.com\/fi\/wp-json\/wp\/v2\/pages\/4449\/revisions\/8338"}],"up":[{"embeddable":true,"href":"https:\/\/www.arcdia.com\/fi\/wp-json\/wp\/v2\/pages\/1584"}],"wp:attachment":[{"href":"https:\/\/www.arcdia.com\/fi\/wp-json\/wp\/v2\/media?parent=4449"}],"curies":[{"name":"wp","href":"https:\/\/api.w.org\/{rel}","templated":true}]}}