{"id":5,"date":"2017-01-01T09:42:36","date_gmt":"2017-01-01T07:42:36","guid":{"rendered":"http:\/\/wpaloitus.kehitys.tumedia.fi\/?page_id=5"},"modified":"2024-08-27T15:40:03","modified_gmt":"2024-08-27T12:40:03","slug":"etusivu","status":"publish","type":"page","link":"https:\/\/www.arcdia.com\/fi\/","title":{"rendered":"Etusivu"},"content":{"rendered":"\n\n\t\n\t\t\t\t<img decoding=\"async\" src=\"https:\/\/www.arcdia.com\/wp-content\/uploads\/2022\/10\/pharmacy-and-test-vertical-icons-01-1-161x300.png\" alt=\"Pharmacy and test vertical icons-01\" itemprop=\"image\" height=\"300\" width=\"161\" title=\"Pharmacy and test vertical icons-01\" onerror=\"this.style.display='none'\"  \/>\n<h1>\n\t\tmariPOC on saatavilla apteekkien terveyspisteist\u00e4!\n\t<\/h1>\n\t<p>mariPOCin avulla apteekin terveyspiste voi tarjota ammattilaisille tarkoitettuja flunssatestej\u00e4 potilaille ja ty\u00f6paikoille matalalla kynnyksell\u00e4 ja kohtuullisella kustannuksella. T\u00e4h\u00e4n tarkoitukseen on kehitetty Flunssapiste-konsepti ja palvelu, joka on kokonaisvaltainen ratkaisu terveyspisteille.<\/p>\n<h2>\n\t\tAntigeenitestit ammattik\u00e4ytt\u00f6\u00f6n\n\t<\/h2>\n\t<p>Useita taudinaiheuttajia kerralla tunnistavat mariPOC-pikatestit soveltuvat parhaiten hajautettuun diagnostiikkaan, kuten terveyskeskusten ja yksityisten l\u00e4\u00e4k\u00e4riasemien vieritestilaboratorioihin sek\u00e4 sairaaloiden p\u00e4ivystyspoliklinikoille.<\/p>\n<p>Nopea ja kattava testaus takaa oikean diagnoosin ilman viivett\u00e4.<\/p>\n<p><a href=\"https:\/\/www.arcdia.com\/fi\/maripoc\/testit\/\">Lue lis\u00e4\u00e4<\/a><\/p>\n\t\t\t\t<img decoding=\"async\" src=\"https:\/\/www.arcdia.com\/wp-content\/uploads\/2021\/12\/tests-200x300.png\" alt=\"tests\" itemprop=\"image\" height=\"300\" width=\"200\" title=\"tests\" onerror=\"this.style.display='none'\"  \/>\n\t\t\t\t<img decoding=\"async\" src=\"https:\/\/www.arcdia.com\/wp-content\/uploads\/2021\/12\/Analyzer-2-200x300.png\" alt=\"mariPOC analyzer graphics\" itemprop=\"image\" height=\"300\" width=\"200\" title=\"Analyzer-2\" onerror=\"this.style.display='none'\"  \/>\n<h2>\n\t\tAutomatisoitu testij\u00e4rjestelm\u00e4\n\t<\/h2>\n\t<p>mariPOC-testij\u00e4rjestelm\u00e4 mahdollistaa akuuttien infektiotautien aiheuttajien tunnistamisen nopeasti ja tarkasti hoitopaikassa. Tulosten luotettavuus varmistetaan j\u00e4rjestelm\u00e4n automaattisen laaduntarkkailun avulla.<\/p>\n<p>Helppok\u00e4ytt\u00f6inen testij\u00e4rjestelm\u00e4 yhdist\u00e4\u00e4 spesifisen antigeeniosoituksen ainutlaatuiseen Suomessa kehitettyyn diagnostiikkateknologiaan.<\/p>\n<p><a href=\"https:\/\/www.arcdia.com\/fi\/maripoc\/\">Lue lis\u00e4\u00e4<\/a><\/p>\n<h2>\n\t\tValmistaudu tulevaan influenssakauteen\n\t<\/h2>\n\t<p>COVID-19, influenssa vai flunssa? Ota selv\u00e4\u00e4 mariPOC Respi+ -testill\u00e4! Respi+ on laaja testipaneeli, joka kattaa 11 taudinaiheuttajaa akuuttien hengitystieinfektioiden testaukseen. Tarkka ja nopea diagnoosi mahdollistaa optimaalisen hoidon ja nopeat eristystoimet.<\/p>\n<p>Respi+ -testill\u00e4 on 10 kertaa todenn\u00e4k\u00f6isemp\u00e4\u00e4 tunnistaa oikea taudinaiheuttaja verrattuna pelk\u00e4n koronan testaukseen.<\/p>\n<p><a href=\"https:\/\/www.arcdia.com\/fi\/maripoc\/testit\/respi-testit\/\">Lue lis\u00e4\u00e4<\/a><\/p>\n\t\t\t\t<img decoding=\"async\" src=\"https:\/\/www.arcdia.com\/wp-content\/uploads\/2021\/12\/flu-200x300.png\" alt=\"flu\" itemprop=\"image\" height=\"300\" width=\"200\" title=\"flu\" onerror=\"this.style.display='none'\"  \/>\n\t\t\t\t<img decoding=\"async\" src=\"https:\/\/www.arcdia.com\/wp-content\/uploads\/2022\/02\/Analyzer-3-200x300.png\" alt=\"clock icon\" itemprop=\"image\" height=\"300\" width=\"200\" title=\"clock icon\" onerror=\"this.style.display='none'\"  \/>\n<h2>\n\t\tKoronaviruksen pikatestaus\n\t<\/h2>\n\t<p>Automatisoidulla mariPOC COVID19 -testill\u00e4 saat 20 minuutissa perinteisi\u00e4 tikkutestej\u00e4 tarkemmat tulokset.<\/p>\n<p>&nbsp;<\/p>\n<p>Automatisaation ansiosta yksi henkil\u00f6 voi tehd\u00e4 keskuslaboratoriotasoisella tarkkuudella moninkertaisen m\u00e4\u00e4r\u00e4n koronavirustestej\u00e4 perinteisiin pikatesteihin verrattuna.<\/p>\n<p><a href=\"https:\/\/www.arcdia.com\/fi\/maripoc\/testit\/quick-flu-testit\/\">Lue lis\u00e4\u00e4<\/a><\/p>\n\t\n<h2>Pitk\u00e4aikainen k\u00e4ytt\u00e4j\u00e4<\/h2>\n<p>&nbsp;<\/p>\n<p>&#8221;mariPOC-testej\u00e4 voidaan k\u00e4ytt\u00e4\u00e4 luotettavasti osoittamaan COVID-19-infektio. Antigeenitestin negatiivista tulosta k\u00e4ytet\u00e4\u00e4n suunniteltaessa potilaan eristysjakson lopettamista.&#8221;<\/p>\n\n<h2> <strong>Suvi-Sirkku Kaukoranta <\/strong><br \/>\n<em>Dosentti, laboratorion ylil\u00e4\u00e4k\u00e4ri, Vaasan keskussairaala<\/em><\/h2>\n<p><a href=\"https:\/\/www.arcdia.com\/fi\/maripoc\/potilaiden-ja-kayttajien-kokemuksia\/\">Lue lis\u00e4\u00e4<\/a><\/p>\n\t\t\t\t<img decoding=\"async\" src=\"https:\/\/www.arcdia.com\/wp-content\/uploads\/2022\/12\/asset-10-150x126.png\" alt=\"Asset 10\" itemprop=\"image\" height=\"126\" width=\"150\" title=\"Asset 10\" onerror=\"this.style.display='none'\"  \/>\n\t<iframe title=\"mariPOC\u00ae by ArcDia\" width=\"640\" height=\"360\" src=\"https:\/\/www.youtube.com\/embed\/HghRfXY7mBg?feature=oembed\" frameborder=\"0\" allow=\"accelerometer; autoplay; clipboard-write; encrypted-media; gyroscope; picture-in-picture; web-share\" referrerpolicy=\"strict-origin-when-cross-origin\" allowfullscreen><\/iframe>\n\t<div class=\"uutiset-etusivu\"><h2>Uutiset<\/h2><div class=\"listaus-uutinen\"><div class=\"uutinen-tapahtuma-pvm\">5.3.2026<\/div><h3><a href=\"https:\/\/www.arcdia.com\/fi\/uutiset\/mediatiedote-pihlajalinna-ja-arcdia-allekirjoittaneet-pitkaaikaisen-puitesopimuksen-hengitystieinfektioiden-diagnostiikkapalvelusta\/\">Mediatiedote: Pihlajalinna ja ArcDia allekirjoittaneet pitk\u00e4aikaisen puitesopimuksen hengitystieinfektioiden diagnostiikkapalvelusta<\/a><\/h3><div class=\"news-excerpt\"><p>Turku ja Helsinki, 5. maaliskuuta 2026 \u2013 Terveyspalveluiden tarjoaja Pihlajalinna ja johtava kotimainen diagnostiikkavalmistaja ArcDia...<\/p><\/div><\/div><div class=\"listaus-uutinen\"><div class=\"uutinen-tapahtuma-pvm\">20.1.2026<\/div><h3><a href=\"https:\/\/www.arcdia.com\/fi\/uutiset\/mediatiedote-vaitostutkimus-tulevissa-pandemioissa-tartuntoja-estetaan-antigeenitesteilla-suomalaisella-teknologialla-tunnistaa-tartuttajat\/\">Mediatiedote: V\u00e4it\u00f6stutkimuksen mukaan tulevissa pandemioissa tartuntoja estet\u00e4\u00e4n antigeenitesteill\u00e4 \u2013 suomalaisella teknologialla tunnistaa tartuttajat<\/a><\/h3><div class=\"news-excerpt\"><p>Turku, 20. tammikuuta 2026 \u2013 Turun yliopistossa tarkastettavassa v\u00e4it\u00f6skirjatutkimuksessa suunniteltiin ja kehitettiin automatisoidut pikatestit usealle...<\/p><\/div><\/div><div class=\"listaus-uutinen\"><div class=\"uutinen-tapahtuma-pvm\">9.12.2024<\/div><h3><a href=\"https:\/\/www.arcdia.com\/fi\/uutiset\/mediatiedote-influenssakausi-alkanut-suomessa\/\">Mediatiedote: Influenssakausi alkanut Suomessa<\/a><\/h3><div class=\"news-excerpt\"><p>Turku, 9. joulukuuta 2024 \u2013 Suomalainen infektiodiagnostiikan ratkaisujen kehitt\u00e4j\u00e4 ArcDia Oy kertoo, ett\u00e4 influenssakausi on...<\/p><\/div><\/div><\/div>\n\t<div class=\"tapahtumat-etusivu\"><h2>Tapahtumat<\/h2><div class=\"listaus-uutinen\"><div class=\"uutinen-tapahtuma-pvm\">2.10. - 3.10.2025<\/div><h3><a href=\"https:\/\/www.arcdia.com\/fi\/tapahtumat\/laboratoriolaaketiedepaivat-2025\/\">Laboratoriol\u00e4\u00e4ketiedep\u00e4iv\u00e4t  2025<\/a><\/h3><div class=\"news-excerpt\"><p>Olemme mukana Laboratoriol\u00e4\u00e4ketiedep\u00e4ivill\u00e4 Helsingiss\u00e4 2. \u2013 3.10.2025.\u00a0L\u00f6yd\u00e4t meid\u00e4t Marina Congress Centerist\u00e4 alueelta A 10 -...<\/p><\/div><\/div><div class=\"listaus-uutinen\"><div class=\"uutinen-tapahtuma-pvm\">21.3. - 22.3.2024<\/div><h3><a href=\"https:\/\/www.arcdia.com\/fi\/tapahtumat\/virology-days-2024\/\">Virology days 2024<\/a><\/h3><div class=\"news-excerpt\"><p>Kansallisilla virologip\u00e4ivill\u00e4 Helsingiss\u00e4 julkaistaan 21.3.2024 uusia mariPOC-tutkimustuloksia! Olemme tutkineet yhteisty\u00f6ss\u00e4 Pikkuj\u00e4tin ja Aavan erikoisl\u00e4\u00e4k\u00e4ri Maria...<\/p><\/div><\/div><div class=\"listaus-uutinen\"><div class=\"uutinen-tapahtuma-pvm\">19.9.2023<\/div><h3><a href=\"https:\/\/www.arcdia.com\/fi\/tapahtumat\/apteekkitalous-2023\/\">Apteekkitalous 2023<\/a><\/h3><div class=\"news-excerpt\"><p>mariPOC-asiantuntijat tavattavissa Apteekkitalous 2023 -tapahtumassa 19.09.2023 Marina Congress Center, Helsinki. Tervetuloa\u00a0st\u00e4ndillemme!<\/p><\/div><\/div><\/div>\n\t<h1 size=\"42px\" color=\"#434D5D\">Tilaa ArcDian uutiset s\u00e4hk\u00f6postiisi!<\/h1>Tulet saamaan meilt\u00e4 keskim\u00e4\u00e4rin 4-5 uutiskirjett\u00e4 vuodessa. <form id=\"subForm\" action=\"https:\/\/www.createsend.com\/t\/subscribeerror?description=\" method=\"post\" data-id=\"2BE4EF332AA2E32596E38B640E9056198B9E2450A45516B20FC1D3D9765C58A7BC9762B9B47B703EEAD6407CECBD8B1BCD6F36824306873F22E26D5C8B35E3FF\"><label size=\"0.875rem\" color=\"#5d5d65\">Nimi <\/label><input aria-label=\"Nimi\" id=\"fieldName\" maxLength=\"200\" name=\"cm-name\" placeholder=\"Nimi\" \/><label size=\"0.875rem\" color=\"#5d5d65\">S\u00e4hk\u00f6posti *<\/label><input autoComplete=\"Email\" aria-label=\"S\u00e4hk\u00f6posti\" id=\"fieldEmail\" maxLength=\"200\" name=\"cm-pdkm-pdkm\" placeholder=\"S\u00e4hk\u00f6postiosoite\" required type=\"email\" \/><p><a size=\"16px\" color=\"#19a9e5\" href=\"https:\/\/www.arcdia.com\/wp-content\/uploads\/2017\/05\/ArcDia-tietosuojaseloste.pdf\" rel=\"noopener\" target=\"_blank\">Tietosuojaseloste<\/a><\/p><button size=\"1rem\" color=\"#fff\" type=\"submit\">Tilaa<\/button><\/form><style>.iIDDUy { background: rgb(255, 255, 255); border-radius: 0.3125rem; max-width: 35.25rem; margin-left: auto; margin-right: auto; padding: 2.5rem 2.75rem; position: relative; }.fOEEVC { background: rgb(255, 255, 255); border-radius: 0.3125rem; max-width: 35.25rem; margin-left: auto; margin-right: auto; padding: 2.5rem 2.75rem; position: relative; }.dEVaGV { font-family: Helvetica, Arial, sans-serif; color: rgb(93, 93, 101); display: block; font-size: 0.875rem; font-weight: 400; margin-bottom: 0.5rem; }.iFTUZ { color: rgb(221, 54, 42); }.iMsgpL { appearance: none; background-color: rgb(255, 255, 255); border: 0px; border-radius: 0.1875rem; box-sizing: border-box; box-shadow: rgba(142, 154, 173, 0.1) 0px 2px 0px 0px inset, rgb(210, 215, 223) 0px 0px 0px 1px inset, rgb(255, 255, 255) 0px 1px 0px 0px; color: rgb(67, 77, 93); font-size: 0.875rem; line-height: 1.5; min-height: 2.8125rem; outline: 0px; padding: 0.75rem 1rem; transition: box-shadow 0.2s ease 0s; width: 100%; }.iMsgpL:focus { box-shadow: transparent 0px 0px 0px 0px inset, rgb(80, 156, 246) 0px 0px 0px 1px inset, rgba(80, 156, 246, 0.25) 0px 0px 0px 2px; }.bMslyb { margin-bottom: 1.5rem; }.liOVdz { margin-bottom: 1rem; }.hmAVkF { margin-bottom: 0rem; }.cVyLap { line-height: 0; max-height: 100%; max-width: 100%; pointer-events: none; height: 1rem; width: 1rem; }.biDeqf { stroke-dasharray: 157; stroke-dashoffset: 0; stroke-width: 3; transition: stroke-dashoffset 0.4s cubic-bezier(0.42, 0, 0.58, 1) 0s; }.iCWfiA { stroke-dasharray: 34; stroke-dashoffset: 0; stroke-width: 3; transform: translate(1px, 1px); transition: stroke-dashoffset 0.4s cubic-bezier(0.42, 0, 0.58, 1) 0s; }.bMkBXr { line-height: 0; max-height: 100%; max-width: 100%; pointer-events: none; height: 4rem; width: 4rem; }.ivBpva { text-decoration: none; color: rgb(0, 0, 0); }.gDVPix { margin-left: auto; margin-right: auto; max-width: 29.125rem; padding-bottom: 3.125rem; }.bsmUxk { margin-left: auto; margin-right: auto; max-width: 29.125rem; padding-bottom: 0.5rem; }.iqDtCP { font-size: 3rem; text-align: center; letter-spacing: -1px; line-height: 1.17; -webkit-font-smoothing: antialiased; font-weight: 900; font-family: Lato, sans-serif; color: rgb(0, 0, 0); }.hrxyeH { font-size: 42px; text-align: center; letter-spacing: -1px; line-height: 1.17; -webkit-font-smoothing: antialiased; font-weight: 900; font-family: Lato, sans-serif; color: rgb(67, 77, 93); }.dtfhtf { font-size: 2em; margin: 0.67em 0px; font-weight: bold; color: rgb(0, 0, 0); }.drTxYm { font-size: 16px; font-family: Helvetica, Arial, sans-serif; color: rgb(25, 169, 229); }.bjObOo { border-bottom: 1px solid rgb(210, 215, 223); margin-bottom: 1.5rem; padding-top: 1.5rem; }.efTFaG { background-color: rgb(123, 177, 61); border: none; border-radius: 3px; color: rgb(255, 255, 255); display: inline-block; font-family: Helvetica, Arial, sans-serif; font-size: 1rem; font-style: normal; font-weight: 700; line-height: 1; outline: 0px; padding: 0.75rem 1.5rem; text-decoration: none; transition: background-color 0.1s ease-in 0s, box-shadow 0.1s ease-in 0s; }.efTFaG:hover { cursor: pointer; }.iSIaZt { line-height: 0; max-height: 100%; max-width: 100%; pointer-events: none; height: 1rem; width: 1rem; }.kAkJcy { white-space: pre-wrap; font-size: 16px; font-family: Helvetica, Arial, sans-serif; color: rgb(67, 77, 93); }a, abbr, address, article, aside, b, blockquote, body, caption, cite, code, dd, details, dialog, div, dl, dt, em, fieldset, figcaption, figure, footer, form, h1, h2, h3, h4, h5, h6, header, html, i, iframe, img, label, legend, li, main, menu, nav, object, ol, p, pre, section, small, span, strong, sub, summary, sup, table, tbody, td, tfoot, th, thead, time, tr, u, ul { border: 0px; margin: 0px; padding: 0px; }*, ::after, ::before { box-sizing: inherit; }html { font-family: \"Helvetica Neue\", Arial, sans-serif; font-size: 16px; }h1, h2, h3, h4, h5, h6, html { color: rgb(67, 77, 93); font-weight: 400; line-height: 1.5; }a { color: rgb(25, 169, 229); text-decoration: underline; }button, label, p { overflow-wrap: break-word; word-break: break-word; }<\/style>\n\n","protected":false},"excerpt":{"rendered":"<p>mariPOC-asiantuntijat tavattavissa Apteekkitalous 2023 -tapahtumassa 19.09.2023 Marina Congress Center, Helsinki. Tervetuloa\u00a0st\u00e4ndillemme!<\/p>\n","protected":false},"author":1,"featured_media":0,"parent":0,"menu_order":0,"comment_status":"closed","ping_status":"closed","template":"","meta":{"_acf_changed":false,"footnotes":""},"class_list":["post-5","page","type-page","status-publish","hentry"],"acf":[],"_links":{"self":[{"href":"https:\/\/www.arcdia.com\/fi\/wp-json\/wp\/v2\/pages\/5","targetHints":{"allow":["GET"]}}],"collection":[{"href":"https:\/\/www.arcdia.com\/fi\/wp-json\/wp\/v2\/pages"}],"about":[{"href":"https:\/\/www.arcdia.com\/fi\/wp-json\/wp\/v2\/types\/page"}],"author":[{"embeddable":true,"href":"https:\/\/www.arcdia.com\/fi\/wp-json\/wp\/v2\/users\/1"}],"replies":[{"embeddable":true,"href":"https:\/\/www.arcdia.com\/fi\/wp-json\/wp\/v2\/comments?post=5"}],"version-history":[{"count":44,"href":"https:\/\/www.arcdia.com\/fi\/wp-json\/wp\/v2\/pages\/5\/revisions"}],"predecessor-version":[{"id":9029,"href":"https:\/\/www.arcdia.com\/fi\/wp-json\/wp\/v2\/pages\/5\/revisions\/9029"}],"wp:attachment":[{"href":"https:\/\/www.arcdia.com\/fi\/wp-json\/wp\/v2\/media?parent=5"}],"curies":[{"name":"wp","href":"https:\/\/api.w.org\/{rel}","templated":true}]}}