{"id":5104,"date":"2020-03-12T15:28:07","date_gmt":"2020-03-12T13:28:07","guid":{"rendered":"https:\/\/www.arcdia.com\/?page_id=5104"},"modified":"2022-12-14T16:22:28","modified_gmt":"2022-12-14T14:22:28","slug":"potilaiden-ja-kayttajien-kokemuksia","status":"publish","type":"page","link":"https:\/\/www.arcdia.com\/fi\/maripoc\/potilaiden-ja-kayttajien-kokemuksia\/","title":{"rendered":"Potilaiden ja k\u00e4ytt\u00e4jien kokemuksia"},"content":{"rendered":"\n\n\t\t\t\t<img decoding=\"async\" src=\"https:\/\/www.arcdia.com\/wp-content\/uploads\/2020\/03\/maripoc-user-experience-banner.webp\" alt=\"Family and doctor banner\" itemprop=\"image\" height=\"519\" width=\"1994\" title=\"Banner no text\" onerror=\"this.style.display='none'\"  \/>\n\t<div class=\"menu-paavalikko-container\"><ul id=\"arcdia-sivulinkit\" class=\"sivupalkinlinkit\"><li id=\"menu-item-1600\" class=\"menu-item menu-item-type-post_type menu-item-object-page menu-item-has-children menu-item-1600\"><a href=\"https:\/\/www.arcdia.com\/fi\/maripoc\/testit\/\">Testit\u00a0<\/a>\n<ul class=\"sub-menu\">\n\t<li id=\"menu-item-6255\" class=\"menu-item menu-item-type-post_type menu-item-object-page menu-item-6255\"><a href=\"https:\/\/www.arcdia.com\/fi\/maripoc\/testit\/covid-19-testit\/\">COVID-19-testit<\/a><\/li>\n\t<li id=\"menu-item-1599\" class=\"menu-item menu-item-type-post_type menu-item-object-page menu-item-1599\"><a href=\"https:\/\/www.arcdia.com\/fi\/maripoc\/testit\/respi-testit\/\">Respi-testi<\/a><\/li>\n\t<li id=\"menu-item-1784\" class=\"menu-item menu-item-type-post_type menu-item-object-page menu-item-1784\"><a href=\"https:\/\/www.arcdia.com\/fi\/maripoc\/testit\/pharyn-testi\/\">Pharyn-testi<\/a><\/li>\n\t<li id=\"menu-item-1785\" class=\"menu-item menu-item-type-post_type menu-item-object-page menu-item-1785\"><a href=\"https:\/\/www.arcdia.com\/fi\/maripoc\/testit\/quick-strepa-testi\/\">Quick StrepA -testi<\/a><\/li>\n\t<li id=\"menu-item-1601\" class=\"menu-item menu-item-type-post_type menu-item-object-page menu-item-1601\"><a href=\"https:\/\/www.arcdia.com\/fi\/maripoc\/testit\/quick-flu-testit\/\">Quick Flu -testit<\/a><\/li>\n\t<li id=\"menu-item-1782\" class=\"menu-item menu-item-type-post_type menu-item-object-page menu-item-1782\"><a href=\"https:\/\/www.arcdia.com\/fi\/maripoc\/testit\/cdi-testi\/\">CDI-testi<\/a><\/li>\n\t<li id=\"menu-item-1783\" class=\"menu-item menu-item-type-post_type menu-item-object-page menu-item-1783\"><a href=\"https:\/\/www.arcdia.com\/fi\/maripoc\/testit\/gastro-testi\/\">Gastro-testi<\/a><\/li>\n<\/ul>\n<\/li>\n<li id=\"menu-item-1986\" class=\"menu-item menu-item-type-post_type menu-item-object-page menu-item-1986\"><a href=\"https:\/\/www.arcdia.com\/fi\/maripoc\/tuotteet\/\">Tuotteet<\/a><\/li>\n<li id=\"menu-item-1724\" class=\"menu-item menu-item-type-post_type menu-item-object-page menu-item-1724\"><a href=\"https:\/\/www.arcdia.com\/fi\/maripoc\/suorituskyky\/\">Suorituskyky<\/a><\/li>\n<li id=\"menu-item-1725\" class=\"menu-item menu-item-type-post_type menu-item-object-page menu-item-1725\"><a href=\"https:\/\/www.arcdia.com\/fi\/maripoc\/naytteenotto\/\">N\u00e4ytteenotto<\/a><\/li>\n<li id=\"menu-item-1751\" class=\"menu-item menu-item-type-post_type menu-item-object-page menu-item-1751\"><a href=\"https:\/\/www.arcdia.com\/fi\/tilaukset\/\">Tilaukset<\/a><\/li>\n<li id=\"menu-item-5535\" class=\"menu-item menu-item-type-post_type menu-item-object-page menu-item-5535\"><a href=\"https:\/\/www.arcdia.com\/fi\/maripoc\/potilaiden-ja-kayttajien-kokemuksia\/\">Potilaiden ja k\u00e4ytt\u00e4jien kokemuksia<\/a><\/li>\n<li id=\"menu-item-1752\" class=\"menu-item menu-item-type-post_type menu-item-object-page menu-item-has-children menu-item-1752\"><a href=\"https:\/\/www.arcdia.com\/fi\/maripoc\/kirjallisuus\/\">Kirjallisuus<\/a>\n<ul class=\"sub-menu\">\n\t<li id=\"menu-item-1750\" class=\"menu-item menu-item-type-post_type menu-item-object-page menu-item-1750\"><a href=\"https:\/\/www.arcdia.com\/fi\/maripoc\/kirjallisuus\/tuote-esitteet\/\">Tuote-esitteet<\/a><\/li>\n\t<li id=\"menu-item-4375\" class=\"menu-item menu-item-type-post_type menu-item-object-page menu-item-4375\"><a href=\"https:\/\/www.arcdia.com\/fi\/maripoc\/kirjallisuus\/hengitystieinfektiot\/\">Hengitystieinfektiot<\/a><\/li>\n\t<li id=\"menu-item-4379\" class=\"menu-item menu-item-type-post_type menu-item-object-page menu-item-4379\"><a href=\"https:\/\/www.arcdia.com\/fi\/maripoc\/kirjallisuus\/suolistoinfektiot\/\">Suolistoinfektiot<\/a><\/li>\n<\/ul>\n<\/li>\n<\/ul><\/div>\n<h1>\n\t\tPotilaiden ja k\u00e4ytt\u00e4jien kokemuksia\n\t<\/h1>\n\t<p>Lue, mit\u00e4 asiakkaamme ovat mielt\u00e4 mariPOCista.<\/p>\n\t\t<h2>CASE KAARINA<\/h2>\n\t\t\t\t<img decoding=\"async\" src=\"https:\/\/www.arcdia.com\/wp-content\/uploads\/2021\/03\/COVID-19-test-tube-J4A1029-300x200.png\" alt=\"mariPOC sample tubes\" itemprop=\"image\" height=\"200\" width=\"300\" title=\"mariPOC sample tubes\" onerror=\"this.style.display='none'\"  \/>\n\t\t\t<h2>Kaarinan terveyskeskus otti k\u00e4ytt\u00f6\u00f6ns\u00e4 mariPOC COVID-19 -testin<\/h2>\n<p>ArcDian pitk\u00e4aikainen asiakas, Kaarinan p\u00e4\u00e4terveysasema, otti k\u00e4ytt\u00f6\u00f6ns\u00e4 mariPOC SARS-CoV-2 -pikatestin lokakuussa 2021 nopeuttaakseen koronatestausta ja s\u00e4\u00e4st\u00e4\u00e4kseen testauksen kustannuksissa. mariPOCin koronapikatesti sopi t\u00e4h\u00e4n k\u00e4ytt\u00f6tarkoitukseen hyvin, koska se on suunniteltu tunnistamaan tartuttavat henkil\u00f6t nopeasti, tarkasti ja kustannustehokkaasti. mariPOC-testit sopivat erityisen hyvin terveyskeskusymp\u00e4rist\u00f6\u00f6n, sill\u00e4 testit suoritetaan automaattisella testij\u00e4rjestelm\u00e4ll\u00e4, joka helpottaa ty\u00f6kuormaa ja tehostaa testausta n\u00e4ytteenottopaikassa.<\/p>\n<p>Koronavirustesti on saatavilla sek\u00e4 korkean kapasiteetin yksitt\u00e4istestin\u00e4, jolloin yhdell\u00e4 laitteella voidaan analysoida jopa 300 testi\u00e4 vuorokaudessa, ett\u00e4 osana laajaa viruspaneelia, joka tunnistaa 11 yleist\u00e4 ja vakavaa hengitystieinfektion taudinaiheuttajaa. N\u00e4in saadaan diagnoosi ja oikea hoito my\u00f6s niille potilaille, joita vaivaa muu virus- tai bakteeriper\u00e4inen tauti kuin COVID-19.<\/p>\n<p>mariPOC-testit tarjoavat koronaviruksen tunnistukseen korkean tulostarkkuuden, herkkyyden ja eritt\u00e4in k\u00e4tev\u00e4n menettelyn sek\u00e4 potilaille ett\u00e4 terveydenhuollon ammattilaisille.<\/p>\n<p>Lue alta kaarinalaisten k\u00e4ytt\u00f6kokemuksia mariPOCista.<\/p>\n<h3>Tulokset saadaan nopeasti<\/h3>\n<p>Yksi selke\u00e4 hy\u00f6ty mariPOCin k\u00e4ytt\u00f6\u00f6noton my\u00f6t\u00e4 on ollut ajans\u00e4\u00e4st\u00f6 tulosaikojen suhteen. Laboratorion tiimivastaava Mannerin mukaan antigeenivastaukset tulevat saman p\u00e4iv\u00e4n aikana, kun taas PCR-testin vastauksissa on mennyt 1-4 vuorokautta.<\/p>\n<h4>Testim\u00e4\u00e4r\u00e4t, joita mariPOCilla on tehty koronadiagnostiikkaan?<\/h4>\n<ul>\n<li>Viime vuonna (2021) tehtiin PCR-testej\u00e4 n.12500 kpl. (loka-joulu n.1000 testi\u00e4). Vastaavana aikana (loka-joulu) tehtiin antigeenitestej\u00e4 n. 2600 kpl, joista negatiivisia n. 2350 kpl ja positiivisia n. 170 kpl. Tammikuussa (2022) otettiin PCR-testej\u00e4 n. 700 kpl ja antigeenitestej\u00e4 n. 700 kpl.<\/li>\n<\/ul>\n<h3>Helppo k\u00e4ytt\u00e4\u00e4<\/h3>\n<p>Laitteen asennuksen yhteydess\u00e4 pidimme Kaarinan terveyskeskukselle k\u00e4ytt\u00f6koulutuksen. Tarpeen tullen pid\u00e4mme my\u00f6s n\u00e4ytteenottokoulutuksia asiakkaillemme. Testien suorittaminen ei vaadi k\u00e4ytt\u00e4j\u00e4lt\u00e4 laboratoriotaustaa. mariPOC-laitteet on mahdollista kytke\u00e4 laboratoriotietoj\u00e4rjestelm\u00e4\u00e4n (LIS), josta asiakas voi siirt\u00e4\u00e4 tiedot potilastietoj\u00e4rjestelmiin tietoturvallisesti.<\/p>\n<p>Mannerin mukaan laite on helppok\u00e4ytt\u00f6inen ja k\u00e4ytt\u00e4j\u00e4t ovat olleet tyytyv\u00e4isi\u00e4 testilaitteeseen. My\u00f6s huollon nopeus saa kiitosta.<\/p>\n<h4>Kerro mariPOCin k\u00e4ytt\u00f6kokemuksista?<\/h4>\n<ul>\n<li>Jos laitteessa on jotakin vikaa, niin huolto tulee nopeasti!<\/li>\n<li>Marras- ja joulukuussa, kun n\u00e4ytteit\u00e4 ajettiin paljon, niin laite oli kunnolla kuormitettu. Eli n\u00e4ytem\u00e4\u00e4r\u00e4 mik\u00e4 tehtiin, niin juuri ehdittiin tehd\u00e4 saman p\u00e4iv\u00e4n aikana.<\/li>\n<li>Jos jotakin parannettavaa, niin mariPOC-laitteelta pit\u00e4isi olla laiteliit\u00e4nt\u00e4 meid\u00e4n Lifecare-j\u00e4rjestelm\u00e4\u00e4n. Laiteliit\u00e4nn\u00e4n my\u00f6t\u00e4 ty\u00f6 nopeutuisi ja virhemahdollisuus tuloksien sy\u00f6t\u00f6ss\u00e4 v\u00e4henisi.<\/li>\n<\/ul>\n<h3>Kustannustehokasta testausta<\/h3>\n<p>Johtavan ylil\u00e4\u00e4k\u00e4ri Sand\u00e9nin mukaan mariPOC v\u00e4hensi koronavirustestaushuipun aikana kustannuksia merkitt\u00e4v\u00e4sti. Erityisesti t\u00e4m\u00e4 n\u00e4htiin silloin kun negatiivisten n\u00e4ytteiden osuus oli suuri. Viive vastauksissa oli lyhyt, ja se oli asiakasn\u00e4k\u00f6kulmasta hieno asia. Positiivisten tulosten osalta pystyttiin aloittamaan j\u00e4ljitystoiminta nopeammin verrattuna tavalliseen PCR-testaukseen.<\/p>\n<p>&nbsp;<\/p>\nKaarinan kokemuksista kertoivat:<br \/>\n<strong>Heta-Maija Manner<\/strong>,\u00a0<em>Laboratorion tiimivastaava<\/em><br \/>\n<strong>Antti Sand\u00e9n<\/strong>,\u00a0<em>Johtava ylil\u00e4\u00e4k\u00e4ri<\/em>\n<h2>\n\t\tPotilaskokemuksia\n\t<\/h2>\n<h3>\n\t\t<\/h3><h3 id=\"link-respi\">Flunssan pikatesti<\/h3>\n\t\n\t<p>&#8221;Yksivuotiaalla tytt\u00e4rell\u00e4ni oli ollut korkea kuume jo kolmatta p\u00e4iv\u00e4\u00e4. Itse ep\u00e4ilin virtsatieinfektiota, koska muita oireita ei ollut, mutta yksityisen l\u00e4\u00e4k\u00e4riaseman lastenl\u00e4\u00e4k\u00e4ri huomasi testauttaa h\u00e4net mariPOCilla. K\u00e4vimme samalla k\u00e4yntikerralla labrassa, ja pian sainkin kuulla lapsellani olevan parainfluenssaviruksen aiheuttama hengitystieinfektio. Tautiin ei ollut l\u00e4\u00e4kehoitoa, mutta minua helpotti tiet\u00e4\u00e4 mik\u00e4 oireet aiheutti. Arvostin my\u00f6s sit\u00e4, ett\u00e4 lapseni ei altistunut turhan antibioottikuurin haitoille. Seuraavana p\u00e4iv\u00e4n\u00e4 sitten alkoivatkin tavalliset flunssa oireet. &#8221;<\/p>\n<strong>Kati<\/strong><br \/>\n<em>Kahden pienen lapsen vanhempi <\/em>\n\t<p>&#8221;Olimme juuri l\u00e4hd\u00f6ss\u00e4 lentokoneella juhlimaan Etel\u00e4-Eurooppaan anopin syntym\u00e4p\u00e4ivi\u00e4, kun viiden kuukauden ik\u00e4isell\u00e4 lapsellamme alkoi korkea kuume ja kova ysk\u00e4. Olimme huolissamme erityisesti siit\u00e4, olivatko h\u00e4nen korvansa tulehtuneet ja sattuisivat lentokoneessa. Menimme lastenl\u00e4\u00e4k\u00e4rille tarkastuttamaan korvat ja saimme tarkan diagnoosin. Korvat eiv\u00e4t olleet tulehtuneet ja oireet olivat testin perusteella seurausta bokaviruksen aiheuttamasta hengitystieinfektiosta. Ennusteen mukaan poika paranisi todenn\u00e4k\u00f6isesti muutamassa p\u00e4iv\u00e4ss\u00e4 ilman l\u00e4\u00e4kett\u00e4 ja niin k\u00e4vikin. &#8221;<\/p>\n<strong>Jonne<\/strong><br \/>\n<em>Tyytyv\u00e4inen is\u00e4 <\/em>\n\t<p>&#8221;Tytt\u00e4reni oli saanut kausi-influenssarokotteen, mutta siit\u00e4 huolimatta h\u00e4nelle tuli talvella oireet, jotka sopivat influenssavirukseen. H\u00e4net testattiin mariPOC-testill\u00e4, ja jo puolen tunnin kuluessa saimme kuulla kyseess\u00e4 olevan influenssavirus A. Saimme lastenl\u00e4\u00e4k\u00e4rilt\u00e4 Tamiflu-reseptin ja aloitimme kuurin noin p\u00e4iv\u00e4 siit\u00e4, kun oireet alkoivat. Vuorokauden p\u00e4\u00e4st\u00e4 tytt\u00f6 oli taas t\u00e4ydess\u00e4 vauhdissa. Ymm\u00e4rsimme, ett\u00e4 hoidon aloittamisen nopeudella oli tosi t\u00e4rke\u00e4 merkitys l\u00e4\u00e4kkeen tehoon. Kummankaan vanhemmista ei tarvinnut olla pois t\u00f6ist\u00e4, koska tauti parani niin nopeaan.&#8221;<\/p>\n<strong>Kaarina<\/strong><br \/>\n<em>Helpottunut \u00e4iti <\/em>\n<h3>\n\t\t<\/h3><h3 id=\"link-pharyn\">Nielutulehdustesti<\/h3>\n\t\n\t<p>&#8221;Tytt\u00e4rell\u00e4mme nousi korkea kuume perjantai-iltana ja h\u00e4n valitti my\u00f6s kurkkukipua. Seuraavana p\u00e4iv\u00e4n\u00e4 yksityisell\u00e4 l\u00e4\u00e4k\u00e4riasemalla h\u00e4nell\u00e4 todettiin mariPOCilla streptokokki A -bakteerin aiheuttama angiina. Antibioottil\u00e4\u00e4kitys puri oireisiin yhdess\u00e4 p\u00e4iv\u00e4ss\u00e4. P\u00e4iv\u00e4\u00e4 my\u00f6hemmin my\u00f6s pojallamme todettiin mariPOCilla samainen tauti. J\u00e4lleen antibioottil\u00e4\u00e4kitys lievitti oireita hyvin nopeasti. Kaikki hoitui tosi n\u00e4pp\u00e4r\u00e4sti ja nopeasti aina yhdell\u00e4 k\u00e4yntikerralla.&#8221;<\/p>\n<strong>Meri<\/strong><br \/>\n<em>Kahden p\u00e4iv\u00e4koti-ik\u00e4isen lapsen \u00e4iti <\/em>\n\t<p>&#8221;Kurkkuni oli niin kipe\u00e4 etten pystytyt kunnolla juomaan tai sy\u00f6m\u00e4\u00e4n. Ty\u00f6terveysl\u00e4\u00e4k\u00e4rini l\u00e4hetti minut labraan ja jo parinkymmenen minuutin p\u00e4\u00e4st\u00e4 olin l\u00e4hd\u00f6ss\u00e4 streptokokkidiagnoosin ja antibioottikuurin kanssa kotiin. L\u00e4\u00e4ke tehosi nopeasti ja jo p\u00e4iv\u00e4n p\u00e4\u00e4st\u00e4 olo oli hyv\u00e4.&#8221;<\/p>\n<p><strong>Matti<\/strong><\/p>\n\t<p><em>Asiakastapaukset ovat todellisia kertomuksia, joiden kuvaamiseen on saatu lupa. Nimet on muutettu henkil\u00f6iden yksityisyyden suojaamiseksi.<\/em><\/p>\n<h2>\n\t\tK\u00e4ytt\u00e4j\u00e4kokemuksia\n\t<\/h2>\n\t<p><i>&#8221;Vaasan keskussairaalan laboratoriossa on ollut mariPOC-laite jo useita vuosia. P\u00e4\u00e4asiallinen indikaatio on ollut erityisesti lasten, mutta my\u00f6s aikuisten hengitystieinfektioiden diagnostiikka. Keskussairaalan diagnostiikkatoimintojen siirrytty\u00e4 osaksi Fimlabia ja koronapandemian alettua my\u00f6s SARS-CoV-2 saatiin nopeasti osaksi laajaa Respi-antigeenitestipaneelia.<\/i><\/p>\n<p><i>mariPOC-testien avulla &#8211; erityisesti korona-aikana &#8211; on voitu luotettavasti osoittaa COVID-19-infektio. Tulos on saatu hyvin nopeasti, jolloin sill\u00e4 on ollut merkitt\u00e4v\u00e4 vaikutus sairaalaosastojen hoitok\u00e4yt\u00e4nt\u00f6ihin. Asiakkaamme ovat k\u00e4ytt\u00e4neet ja k\u00e4ytt\u00e4v\u00e4t edelleen koronaviruksen antigeeniosoituksen negatiivista tulosta suunnitellessaan potilaan eristysajan lopettamista. Potilaan siirtyess\u00e4 keskussairaalasta terveyskeskukseen tai hoivapaikkaan on voitu varmistaa, ettei jatkohoitopaikassa tule koronaviruksen jatkotartuntoja.<\/i><\/p>\n<p><i>Arvostan suuresti kotimaisia diagnostiikkayrityksi\u00e4 sek\u00e4 heid\u00e4n toimitusvarmuuttaan ja ratkaisujen hinta-laatusuhdetta. K\u00e4yt\u00e4nn\u00f6ss\u00e4 yhteydenpito on huomattavasti helpompaa verrattuna ulkomaisiin toimittajiin. Esimerkiksi se, ett\u00e4 voi puhua omaa \u00e4idinkielt\u00e4, madaltaa kynnyst\u00e4 olla yhteydess\u00e4 aina tarvittaessa. Lis\u00e4ksi mariPOC:n huoltotiimi toimii erinomaisen hyvin ja vasteajat ovat lyhyet.&#8221;<\/i><\/p>\n<strong>Suvi-Sirkku Kaukoranta<\/strong><br \/>\n<em>Dosentti, laboratorion ylil\u00e4\u00e4k\u00e4ri, Vaasan keskussairaala<\/em>\n\t<p>&#8221;T\u00e4m\u00e4 on helppok\u00e4ytt\u00f6inen, n\u00e4pp\u00e4r\u00e4, nopea ja tarkka diagnoosimenetelm\u00e4, jota k\u00e4yt\u00e4mme paljon etenkin influenssakauden alussa. N\u00e4in saamme k\u00e4sityksen siit\u00e4, onko meill\u00e4 influenssaa jo liikkeell\u00e4. Diagnoosimenetelm\u00e4ll\u00e4 on hintansa, mutta yleinen hy\u00f6ty on kustannuksia suurempi.&#8221;<\/p>\n<strong>Erkki Tuomaala<\/strong><br \/>\n<em>Johtava ylil\u00e4\u00e4k\u00e4ri,\u00a0Kaarinan terveysasema<\/em>\n\t<p>&#8221;Joskus k\u00e4y niin, ett\u00e4 kliinisesti ep\u00e4ilee influenssaa, mutta kattava mariPOC-testi paljastaakin kyseess\u00e4 olevan esimerkiksi RS-viruksen &#8211; tai toisinp\u00e4in. My\u00f6s mariCloud-palvelun reaaliaikainen epidemiologinen tilannekuva on hy\u00f6dyllinen oikean diagnostiikan m\u00e4\u00e4r\u00e4\u00e4miseksi. Lasten vanhemmat ovat tyytyv\u00e4isi\u00e4, kun taudille saadaan nimi. Vaikka spesifinen l\u00e4\u00e4ke on vain influenssalle, voi esim.\u00a0RSV-potilaan perhett\u00e4 ohjata v\u00e4ltt\u00e4m\u00e4\u00e4n vauvaperhekontakteja.&#8221;<\/p>\n<strong>Kaija Hartiala<\/strong><br \/>\n<em>Lastentautien erikoisl\u00e4\u00e4k\u00e4ri, Mehil\u00e4inen Oy, Turku<\/em>\n\t<p>&#8221;Tarkka ja nopea infektiotaudin diagnoosi v\u00e4hent\u00e4\u00e4 tarpeettomien antibioottikuurien m\u00e4\u00e4r\u00e4\u00e4mist\u00e4 ja hoidon sivuvaikutuksia. Infektion aiheuttajan nime\u00e4minen kehitt\u00e4\u00e4 my\u00f6s kliinikon silm\u00e4\u00e4 taudinkuvan tunnistamisen suhteen.\u00a0mariPOC-testit ovat olleet suureksi avuksi t\u00e4sm\u00e4llisen ja nopean diagnoosin tekemisess\u00e4 ja parantaneet oman ty\u00f6n laatua merkitt\u00e4v\u00e4sti.&#8221;<\/p>\n<strong>Jukka Vakkila<\/strong><br \/>\n<em>Lastententautien dosentti, Johtava lastenl\u00e4\u00e4k\u00e4ri, Lasten ja nuorten Mehil\u00e4inen (Oy), T\u00f6\u00f6l\u00f6, Helsinki<\/em>\n\t<p>&#8221;We have been using mariPOC for more than two years now. The product has strengthened the early diagnosis of respiratory and gastrointestinal infections.&#8221;<\/p>\n<strong>Answard Alberto Leiva<\/strong><br \/>\n<em>Director of Clinical Laboratory, Hospital Irma de Lourdes Tzanetatos, Panama<\/em>\n\t<p>&#8221;We are doing very well with mariPOC. It has had very good acceptance among the clinicians who\u00a0see in it as an useful tool to support their clinical diagnosis.&#8221;<\/p>\n<strong>Johana Quintero<\/strong><br \/>\n<em>Head of Clinical Microbiology Laboratory, Hospital Gustavo Nelson Collado,\u00a0Panama<\/em>\n\n","protected":false},"excerpt":{"rendered":"<p>Potilaiden ja k\u00e4ytt\u00e4jien kokemuksia Lue, mit\u00e4 asiakkaamme ovat mielt\u00e4 mariPOCista. CASE KAARINA Kaarinan terveyskeskus otti k\u00e4ytt\u00f6\u00f6ns\u00e4 mariPOC COVID-19 -testin ArcDian pitk\u00e4aikainen asiakas, Kaarinan p\u00e4\u00e4terveysasema, otti k\u00e4ytt\u00f6\u00f6ns\u00e4 mariPOC SARS-CoV-2 -pikatestin lokakuussa 2021 nopeuttaakseen koronatestausta ja s\u00e4\u00e4st\u00e4\u00e4kseen testauksen kustannuksissa. mariPOCin koronapikatesti sopi t\u00e4h\u00e4n k\u00e4ytt\u00f6tarkoitukseen hyvin, koska se on suunniteltu tunnistamaan tartuttavat henkil\u00f6t nopeasti, tarkasti ja kustannustehokkaasti. mariPOC-testit [&hellip;]<\/p>\n","protected":false},"author":5,"featured_media":0,"parent":1483,"menu_order":0,"comment_status":"closed","ping_status":"closed","template":"","meta":{"_acf_changed":false,"footnotes":""},"class_list":["post-5104","page","type-page","status-publish","hentry"],"acf":[],"_links":{"self":[{"href":"https:\/\/www.arcdia.com\/fi\/wp-json\/wp\/v2\/pages\/5104","targetHints":{"allow":["GET"]}}],"collection":[{"href":"https:\/\/www.arcdia.com\/fi\/wp-json\/wp\/v2\/pages"}],"about":[{"href":"https:\/\/www.arcdia.com\/fi\/wp-json\/wp\/v2\/types\/page"}],"author":[{"embeddable":true,"href":"https:\/\/www.arcdia.com\/fi\/wp-json\/wp\/v2\/users\/5"}],"replies":[{"embeddable":true,"href":"https:\/\/www.arcdia.com\/fi\/wp-json\/wp\/v2\/comments?post=5104"}],"version-history":[{"count":14,"href":"https:\/\/www.arcdia.com\/fi\/wp-json\/wp\/v2\/pages\/5104\/revisions"}],"predecessor-version":[{"id":8771,"href":"https:\/\/www.arcdia.com\/fi\/wp-json\/wp\/v2\/pages\/5104\/revisions\/8771"}],"up":[{"embeddable":true,"href":"https:\/\/www.arcdia.com\/fi\/wp-json\/wp\/v2\/pages\/1483"}],"wp:attachment":[{"href":"https:\/\/www.arcdia.com\/fi\/wp-json\/wp\/v2\/media?parent=5104"}],"curies":[{"name":"wp","href":"https:\/\/api.w.org\/{rel}","templated":true}]}}