{"id":6050,"date":"2020-05-21T15:18:43","date_gmt":"2020-05-21T12:18:43","guid":{"rendered":"https:\/\/www.arcdia.com\/?page_id=6050"},"modified":"2024-04-09T15:59:47","modified_gmt":"2024-04-09T12:59:47","slug":"sars-koronavirus-2-testi","status":"publish","type":"page","link":"https:\/\/www.arcdia.com\/fi\/maripoc\/testit\/covid-19-testit\/","title":{"rendered":"COVID-19-testit"},"content":{"rendered":"\n\n\t\t\t\t<img decoding=\"async\" src=\"https:\/\/www.arcdia.com\/wp-content\/uploads\/2021\/07\/mariPOC-COVID-banner.jpg\" alt=\"mariPOC COVID banner\" itemprop=\"image\" height=\"600\" width=\"1920\" title=\"mariPOC COVID banner\" onerror=\"this.style.display='none'\"  \/>\n\t<div class=\"menu-paavalikko-container\"><ul id=\"arcdia-sivulinkit\" class=\"sivupalkinlinkit\"><li id=\"menu-item-1600\" class=\"menu-item menu-item-type-post_type menu-item-object-page menu-item-has-children menu-item-1600\"><a href=\"https:\/\/www.arcdia.com\/fi\/maripoc\/testit\/\">Testit\u00a0<\/a>\n<ul class=\"sub-menu\">\n\t<li id=\"menu-item-6255\" class=\"menu-item menu-item-type-post_type menu-item-object-page menu-item-6255\"><a href=\"https:\/\/www.arcdia.com\/fi\/maripoc\/testit\/covid-19-testit\/\">COVID-19-testit<\/a><\/li>\n\t<li id=\"menu-item-1599\" class=\"menu-item menu-item-type-post_type menu-item-object-page menu-item-1599\"><a href=\"https:\/\/www.arcdia.com\/fi\/maripoc\/testit\/respi-testit\/\">Respi-testi<\/a><\/li>\n\t<li id=\"menu-item-1784\" class=\"menu-item menu-item-type-post_type menu-item-object-page menu-item-1784\"><a href=\"https:\/\/www.arcdia.com\/fi\/maripoc\/testit\/pharyn-testi\/\">Pharyn-testi<\/a><\/li>\n\t<li id=\"menu-item-1785\" class=\"menu-item menu-item-type-post_type menu-item-object-page menu-item-1785\"><a href=\"https:\/\/www.arcdia.com\/fi\/maripoc\/testit\/quick-strepa-testi\/\">Quick StrepA -testi<\/a><\/li>\n\t<li id=\"menu-item-1601\" class=\"menu-item menu-item-type-post_type menu-item-object-page menu-item-1601\"><a href=\"https:\/\/www.arcdia.com\/fi\/maripoc\/testit\/quick-flu-testit\/\">Quick Flu -testit<\/a><\/li>\n\t<li id=\"menu-item-1782\" class=\"menu-item menu-item-type-post_type menu-item-object-page menu-item-1782\"><a href=\"https:\/\/www.arcdia.com\/fi\/maripoc\/testit\/cdi-testi\/\">CDI-testi<\/a><\/li>\n\t<li id=\"menu-item-1783\" class=\"menu-item menu-item-type-post_type menu-item-object-page menu-item-1783\"><a href=\"https:\/\/www.arcdia.com\/fi\/maripoc\/testit\/gastro-testi\/\">Gastro-testi<\/a><\/li>\n<\/ul>\n<\/li>\n<li id=\"menu-item-1986\" class=\"menu-item menu-item-type-post_type menu-item-object-page menu-item-1986\"><a href=\"https:\/\/www.arcdia.com\/fi\/maripoc\/tuotteet\/\">Tuotteet<\/a><\/li>\n<li id=\"menu-item-1724\" class=\"menu-item menu-item-type-post_type menu-item-object-page menu-item-1724\"><a href=\"https:\/\/www.arcdia.com\/fi\/maripoc\/suorituskyky\/\">Suorituskyky<\/a><\/li>\n<li id=\"menu-item-1725\" class=\"menu-item menu-item-type-post_type menu-item-object-page menu-item-1725\"><a href=\"https:\/\/www.arcdia.com\/fi\/maripoc\/naytteenotto\/\">N\u00e4ytteenotto<\/a><\/li>\n<li id=\"menu-item-1751\" class=\"menu-item menu-item-type-post_type menu-item-object-page menu-item-1751\"><a href=\"https:\/\/www.arcdia.com\/fi\/tilaukset\/\">Tilaukset<\/a><\/li>\n<li id=\"menu-item-5535\" class=\"menu-item menu-item-type-post_type menu-item-object-page menu-item-5535\"><a href=\"https:\/\/www.arcdia.com\/fi\/maripoc\/potilaiden-ja-kayttajien-kokemuksia\/\">Potilaiden ja k\u00e4ytt\u00e4jien kokemuksia<\/a><\/li>\n<li id=\"menu-item-1752\" class=\"menu-item menu-item-type-post_type menu-item-object-page menu-item-has-children menu-item-1752\"><a href=\"https:\/\/www.arcdia.com\/fi\/maripoc\/kirjallisuus\/\">Kirjallisuus<\/a>\n<ul class=\"sub-menu\">\n\t<li id=\"menu-item-1750\" class=\"menu-item menu-item-type-post_type menu-item-object-page menu-item-1750\"><a href=\"https:\/\/www.arcdia.com\/fi\/maripoc\/kirjallisuus\/tuote-esitteet\/\">Tuote-esitteet<\/a><\/li>\n\t<li id=\"menu-item-4375\" class=\"menu-item menu-item-type-post_type menu-item-object-page menu-item-4375\"><a href=\"https:\/\/www.arcdia.com\/fi\/maripoc\/kirjallisuus\/hengitystieinfektiot\/\">Hengitystieinfektiot<\/a><\/li>\n\t<li id=\"menu-item-4379\" class=\"menu-item menu-item-type-post_type menu-item-object-page menu-item-4379\"><a href=\"https:\/\/www.arcdia.com\/fi\/maripoc\/kirjallisuus\/suolistoinfektiot\/\">Suolistoinfektiot<\/a><\/li>\n<\/ul>\n<\/li>\n<\/ul><\/div>\n<h1>\n\t\tmariPOC\u00ae COVID-19-pikatestit\n\t<\/h1>\n\t<p>mariPOC on tarkin saatavilla oleva koronaviruksen antigeenitesti pikatestaukseen. SARS-CoV-2-testi perustuu viruksen nukleoproteiinin tunnistukseen, ja tulokset saadaan nopeimmillaan <a href=\"https:\/\/www.arcdia.com\/fi\/maripoc\/testit\/quick-flu-testit\/\">20 minuutissa<\/a> ja viimeist\u00e4\u00e4n\u00a0<a href=\"https:\/\/www.arcdia.com\/fi\/maripoc\/testit\/respi-testit\/\">2 tunnin kuluessa<\/a>.<\/p>\n<p>mariPOC-testit suoritetaan pienell\u00e4 automaattisella testij\u00e4rjestelm\u00e4ll\u00e4, mik\u00e4 mahdollistaa analyysin n\u00e4ytteenottopaikassa. mariPOC-testit tarjoavat koronaviruksen tunnistukseen parhaan tulostarkkuuden, loistavan herkkyyden ja eritt\u00e4in nopean menettelyn sek\u00e4 potilaille ett\u00e4 terveydenhuollon ammattilaisille.<\/p>\n<p>SARS-koronavirus 2 osoittaminen on eritt\u00e4in helppoa mariPOCin avulla. K\u00e4y vain l\u00e4himm\u00e4ll\u00e4 l\u00e4\u00e4k\u00e4riasemalla ja saat tuloksen odottaessa. Laaja paneelitesti tunnistaa samalla vaivalla my\u00f6s mik\u00e4li kyseess\u00e4 onkin joku muu tauti kuten influenssa.<\/p>\n\t\t\t\t<img decoding=\"async\" src=\"https:\/\/www.arcdia.com\/wp-content\/uploads\/2022\/04\/yksinkertaiset-vaiheet-koronaviruksen-havaitsemiseksi-maripocilla-kuvaaja.webp\" alt=\"Koronaviruksen havaitseminen mariPOCilla -kuvaaja\" itemprop=\"image\" height=\"1080\" width=\"1920\" onerror=\"this.style.display='none'\"  \/>\n<h2>\n\t\tHelppo ja nopea ty\u00f6nkulku\n\t<\/h2>\n\t<p>Koronatestin n\u00e4ytteenotto tapahtuu tyypillisesti ottamalla nukkatikkun\u00e4yte nen\u00e4nielusta. N\u00e4ytteiden <a href=\"https:\/\/www.arcdia.com\/fi\/maripoc\/naytteenotto\/\">esik\u00e4sittely<\/a> ennen automaattista analysointia on helppoa ja se tehd\u00e4\u00e4n k\u00e4ytt\u00e4j\u00e4turvallisesti suljetussa n\u00e4yteputkessa.<\/p>\n\t\t\t\t<img decoding=\"async\" src=\"https:\/\/www.arcdia.com\/wp-content\/uploads\/2022\/05\/koronatesti-tyonkulku-nettisivut-fi-1-scaled.webp\" alt=\"mariPOC COVID-19 Work flow FI\" itemprop=\"image\" height=\"497\" width=\"2560\" title=\"koronatesti-tyonkulku-nettisivut-fi-1\" onerror=\"this.style.display='none'\"  \/>\n\t<ul>\n<li><strong>20 minuuttia: <\/strong>&gt; 90 % positiivisista n\u00e4ytteist\u00e4 raportoidaan ja niiden perusteella voidaan p\u00e4\u00e4tt\u00e4\u00e4 karanteenista ja hoitotoimista<\/li>\n<li><strong>55 minuuttia tai 2 tuntia: <\/strong>Matalat positiiviset ja negatiiviset tulokset raportoidaan<\/li>\n<\/ul>\n<p>Katso lis\u00e4tiedot mariPOC SARS-CoV-2 -pikatestin <a href=\"https:\/\/www.arcdia.com\/wp-content\/uploads\/2022\/06\/2022-06-maripoc-covid-19-brochure-fi.pdf\">esitteest\u00e4<\/a>.<\/p>\n\t\n<table id=\"tablepress-7\" class=\"tablepress tablepress-id-7\">\n<thead>\n<tr class=\"row-1\">\n\t<th colspan=\"5\" class=\"column-1\">T\u00e4rkeimm\u00e4t ominaisuudet<\/th>\n<\/tr>\n<\/thead>\n<tbody class=\"row-striping row-hover\">\n<tr class=\"row-2\">\n\t<td class=\"column-1\">Automatisoitu ja helppok\u00e4ytt\u00f6inen testij\u00e4rjestelm\u00e4<\/td><td class=\"column-2\">Testipaneelit jokaiseen tarpeeseen<\/td><td class=\"column-3\">Useimmat tartuttajat havaitaan 20 <br \/>\nminuutissa<\/td><td class=\"column-4\">300 testi\u00e4\/p\u00e4iv\u00e4 n\u00e4ytteenottopaikassa<\/td><td class=\"column-5\">Tunnistaa kaikki virusmuunnokset<\/td>\n<\/tr>\n<\/tbody>\n<\/table>\n<!-- #tablepress-7 from cache -->\n<style>\n.tablepress tbody td {\n  border: 1px solid #ddd;\nvertical-align: middle ;\n}\n<\/style>\n<h2>\n\t\tTestivalikoima\n\t<\/h2>\n\t<h2 id=\"testipaneeli\"><img decoding=\"async\" src=\"https:\/\/www.arcdia.com\/wp-content\/uploads\/2022\/05\/sars-cov-2-maripoc-test-panels-fi-scaled.webp\" alt=\"SARS-CoV-2 mariPOC test panels FI\" width=\"2560\" height=\"1560\" \/><\/h2>\n<p>&nbsp;<\/p>\n\t\t\t\t\t<a href=\"javascript:void(0);\" id=\"fl-accordion--label-0\" tabindex=\"0\" aria-controls=\"fl-accordion--panel-0\">Mit\u00e4 eroa on mariPOC-pikatestien ja SARS-CoV-2:n havaitsevien PCR-testien v\u00e4lill\u00e4?<\/a>\n\t\t\t\t\t\t\t\t\t\t\t<a href=\"#\" id=\"fl-accordion--icon-0\" tabindex=\"-1\" aria-controls=\"fl-accordion--panel-0\"><i>Collapse<\/i><\/a>\n\t\t\t\t\t<p>mariPOC-testit on suunniteltu tunnistamaan virusten ja bakteerien konservoituneet osat, mink\u00e4 ansiosta ne tunnistavat my\u00f6s kaikki muunnokset ja kannat (alpha-variantti B.1.1.7, beeta-variantti, gamma-variantti, delta-variantti B.1.617 ja omikron-variantin B.1.1.529).<\/p>\n<p>Esimerkiksi mariPOC SARS-CoV-2 -testi tunnistaa viruksen nukleoproteiinin (NP).<\/p>\n<p><a href=\"https:\/\/www.arcdia.com\/wp-content\/uploads\/2021\/09\/NSCMID2021_Poster.pdf\">Tutkimukset osoittavat<\/a>, ett\u00e4 testi havaitsee SARS-CoV-2:n jo p\u00e4iv\u00e4n ennen oireiden alkamista jopa 14. p\u00e4iv\u00e4\u00e4n asti, mutta vain niin kauan kuin henkil\u00f6 on tartuttava. mariPOC-antigeenitestit ovat negatiivisia ei-tarttuvassa vaiheessa, kun taas PCR-testit voivat olla pitk\u00e4\u00e4n positiivisia, vaikka henkil\u00f6 ei en\u00e4\u00e4 levitt\u00e4isi tautia.<\/p>\n<p><img decoding=\"async\" src=\"https:\/\/www.arcdia.com\/wp-content\/uploads\/2022\/04\/mita-eroa-on-maripoc-pikatestien-ja-sars_n-havaitsevien-pcr-testien-valilla_.png\" alt=\"Mit\u00e4 eroa on mariPOC-pikatestien ja SARS_n havaitsevien PCR-testien v\u00e4lill\u00e4_ kuvaaja\" width=\"1920\" height=\"1080\" \/><\/p>\n\t\t\t\t\t<a href=\"javascript:void(0);\" id=\"fl-accordion--label-1\" tabindex=\"0\" aria-controls=\"fl-accordion--panel-1\">Mit\u00e4 eroavaisuuksia markkinoilla olevilla SARS-CoV-2-testeill\u00e4 on?<\/a>\n\t\t\t\t\t\t\t\t\t\t\t<a href=\"#\" id=\"fl-accordion--icon-1\" tabindex=\"-1\" aria-controls=\"fl-accordion--panel-1\"><i>Expand<\/i><\/a>\n\t\t\t\t\t<p>Markkinoilla t\u00e4ll\u00e4 hetkell\u00e4 saatavilla olevat kolme p\u00e4\u00e4tyyppi\u00e4 SARS-CoV-2:n havaitsemiseksi ovat PCR-geenitestit, vasta-ainetestit ja antigeenitestit. Testien tekninen ero perustuu siihen, mink\u00e4 molekyylin ne havaitsevat:<\/p>\n<ul>\n<li>Vasta-ainetestit havaitsevat potilaan immuunij\u00e4rjestelm\u00e4n vasteen<\/li>\n<li>PCR-geenitestit havaitsevat viruksen geneettisen materiaalin<\/li>\n<li>Antigeenitestit havaitsevat viruksen proteiinit<\/li>\n<\/ul>\n\t\t\t\t\t<a href=\"javascript:void(0);\" id=\"fl-accordion--label-2\" tabindex=\"0\" aria-controls=\"fl-accordion--panel-2\">Eri testityypit soveltuvat erilaisiin kliinisiin k\u00e4ytt\u00f6tarkoituksiin<\/a>\n\t\t\t\t\t\t\t\t\t\t\t<a href=\"#\" id=\"fl-accordion--icon-2\" tabindex=\"-1\" aria-controls=\"fl-accordion--panel-2\"><i>Expand<\/i><\/a>\n\t\t\t\t\t<ul>\n<li>Vasta-ainetestit ovat suunniteltu m\u00e4\u00e4ritt\u00e4m\u00e4\u00e4n, onko potilas aiemmin saanut SARS-CoV-2-tartunnan.<\/li>\n<li>\u00c4\u00e4rimm\u00e4isen herk\u00e4t PCR-geenitestit ovat suunniteltu siten, ett\u00e4 negatiiviset tulokset sulkevat infektiot pois suurella todenn\u00e4k\u00f6isyydell\u00e4. Virusgeenien j\u00e4\u00e4mi\u00e4 voidaan kuitenkin l\u00f6yt\u00e4\u00e4 potilailta kauan sen j\u00e4lkeen, kun infektio on poistunut. T\u00e4m\u00e4n menetelm\u00e4n v\u00e4\u00e4r\u00e4t positiiviset tulokset ovat todella yleisi\u00e4, kun niit\u00e4 k\u00e4ytet\u00e4\u00e4n tarttuvuuden arviointiin.<\/li>\n<li>Antigeenitestit ovat ainoa pikatestityyppi, joka on suunniteltu tartuttavien yksil\u00f6iden havaitsemiseen. Siksi ne sopivat t\u00e4ydellisesti laajaan infektiivisten yksil\u00f6iden seulontaan ja akuuttien infektioiden diagnosointiin.<\/li>\n<\/ul>\n<p><img decoding=\"async\" src=\"https:\/\/www.arcdia.com\/wp-content\/uploads\/2022\/04\/covid-19-antigeenitestit-vs-pcr-vs-vasta-ainetestit.png\" alt=\"\" width=\"1920\" height=\"1080\" \/><\/p>\n<h2>\n\t\tKokonaisvaltainen diagnostiikkaratkaisu pandemioiden hallintaan\n\t<\/h2>\n\t<p>Katso alta video, miksi mariPOC-testit soveltuvat erityisen hyvin pandemioiden hallintaan.<\/p>\n\t<iframe title=\"How mariPOC helps to manage the COVID-19 pandemic\" width=\"640\" height=\"360\" src=\"https:\/\/www.youtube.com\/embed\/SY9Knvr73uo?feature=oembed\" frameborder=\"0\" allow=\"accelerometer; autoplay; clipboard-write; encrypted-media; gyroscope; picture-in-picture\" allowfullscreen><\/iframe>\n\t<p>mariPOC-ratkaisut sopivat esimerkiksi matkustajatestaukseen, tapahtumatestaukseen ja yrityksille, joiden ty\u00f6ntekij\u00e4t eiv\u00e4t pysty tekem\u00e4\u00e4n et\u00e4t\u00f6it\u00e4 kuten rakennusty\u00f6maat, tehtaat ja telakat.<\/p>\n\t\t\t\t\t<a href=\"javascript:void(0);\" id=\"fl-accordion--label-0\" tabindex=\"0\" aria-controls=\"fl-accordion--panel-0\">Ratkaisut julkiseen terveydenhuoltoon<\/a>\n\t\t\t\t\t\t\t\t\t\t\t<a href=\"#\" id=\"fl-accordion--icon-0\" tabindex=\"-1\" aria-controls=\"fl-accordion--panel-0\"><i>Expand<\/i><\/a>\n\t\t\t\t\t<p>mariPOC-laitekannan koronavirustestauskapasiteetti Suomessa on todella kattava &#8211; jopa 15 000 n\u00e4ytett\u00e4 vuorokaudessa. My\u00f6s reaaliaikainen monta taudinaiheuttajaa sis\u00e4lt\u00e4v\u00e4 epidemiologinen tilannekuva auttaa pandemianhallinnassa.<\/p>\n<p>mariPOC\u00ae-analysaattoreilla saadut tulokset siirret\u00e4\u00e4n anonymisoidusti\u00a0<a href=\"https:\/\/www.arcdia.com\/fi\/maricloud\/\">mariCloud\u00ae<\/a>-pilvipalveluun, jossa muodostetaan epidemiologinen tilannekuva alueesta. mariCloud\u00ae-palvelu n\u00e4ytt\u00e4\u00e4 positiivisten l\u00f6yd\u00f6sten osuuden tutkittujen henkil\u00f6iden kokonaism\u00e4\u00e4r\u00e4st\u00e4, mik\u00e4 antaa tarkemman kuvan tilanteesta kuin perinteiset l\u00f6yd\u00f6stilastot. N\u00e4m\u00e4 tiedot ovat t\u00e4rkeit\u00e4 epidemian kehittymisen ennustamiseksi ja paikallisten toimenpiteiden optimoimiseksi.<\/p>\n<p>Toisin kuin muilla antigeenitesteill\u00e4, mariPOC-testauksella COVID-19 voidaan tunnistaa rinnakkain jopa 11 muun vakavan hengitysteiden taudinaiheuttajan kanssa. T\u00e4m\u00e4 ominaisuus on eritt\u00e4in arvokas influenssakauden aikana tarkan diagnoosin ja ennusteen saamiseksi.<\/p>\n<p>mariPOC mahdollistaa yksil\u00f6iden s\u00e4\u00e4nn\u00f6llisen testaamisen kustannustehokkaasti. N\u00e4in positiiviset tapaukset havaitaan ennen muiden tartuttamista ja asianmukaisiin eristystoimenpiteisiin voidaan ryhty\u00e4 riitt\u00e4v\u00e4n ajoissa. Toisaalta turhat eristykset ja karanteenit voidaan v\u00e4ltt\u00e4\u00e4, koska antigeenitesti tunnistaa vain tartuttavat yksil\u00f6t.<\/p>\n<p>&nbsp;<\/p>\n<p><img decoding=\"async\" src=\"https:\/\/www.arcdia.com\/wp-content\/uploads\/2021\/03\/20200924-JN_ML-Infographic-How-to-manage-the-pandemic_FI_SIMPLE-1.png\" alt=\"Miten hallita COVID-19 pandemiaa - mariPOC\" width=\"7171\" height=\"5055\" \/><\/p>\n\t\t\t\t\t<a href=\"javascript:void(0);\" id=\"fl-accordion--label-1\" tabindex=\"0\" aria-controls=\"fl-accordion--panel-1\">Ratkaisut matkustajien ja tapahtumatestaukseen<\/a>\n\t\t\t\t\t\t\t\t\t\t\t<a href=\"#\" id=\"fl-accordion--icon-1\" tabindex=\"-1\" aria-controls=\"fl-accordion--panel-1\"><i>Expand<\/i><\/a>\n\t\t\t\t\t<p><a href=\"https:\/\/ec.europa.eu\/health\/sites\/default\/files\/preparedness_response\/docs\/covid-19_rat_common-list_en.pdf\" target=\"_blank\" rel=\"noopener\">mariPOC-koronavirustestit soveltuvat matkustustodistuksiin EU-alueella.<\/a><\/p>\n<p>T\u00e4ysin automatisoitu mariPOC-testi soveltuu erinomaisesti COVID-19-infektiivisten testaamiseen lentokentill\u00e4, satamissa, rautatieasemilla ja tapahtumissa ainutlaatuisten ominaisuuksiensa vuoksi:<\/p>\n<ul>\n<li><strong>Nopeat tulokset:<\/strong>Tartuttavat henkil\u00f6t tunnistetaan ennen tapahtuman tai matkalle l\u00e4hd\u00f6n alkua.<\/li>\n<li><strong>Eritt\u00e4in herkk\u00e4:\u00a0<\/strong>Kaikki tartuttavat henkil\u00f6t tunnistetaan.<\/li>\n<li><strong>Testaus paikan p\u00e4\u00e4ll\u00e4:<\/strong>Testi voidaan suorittaa ilman erityist\u00e4 laboratoriokoulutusta.<\/li>\n<li><strong>Korkea kapasiteetti:<\/strong>300 henkil\u00f6\u00e4 voidaan testata vuorokaudessa vain yhdell\u00e4 mariPOC-analysaattorilla.<\/li>\n<li><strong>Tehokas k\u00e4ytt\u00f6:\u00a0<\/strong>n\u00e4ytteiden analysointiin tarvitaan vain yksi henkil\u00f6 kerrallaan.<\/li>\n<li><strong>Korkea tarkkuus:<\/strong>Automaattisen mariPOC-testin spesifisyys on markkinoiden paras. Testi tunnistaa positiiviseksi vain ne henkil\u00f6t, joilla todella on sairaus ja jotka voivat tartuttaa muita.<\/li>\n<\/ul>\n\t\t\t\t\t<a href=\"javascript:void(0);\" id=\"fl-accordion--label-2\" tabindex=\"0\" aria-controls=\"fl-accordion--panel-2\">Ratkaisut yrityksille<\/a>\n\t\t\t\t\t\t\t\t\t\t\t<a href=\"#\" id=\"fl-accordion--icon-2\" tabindex=\"-1\" aria-controls=\"fl-accordion--panel-2\"><i>Expand<\/i><\/a>\n\t\t\t\t\t<p>Yrityksill\u00e4 voi olla vaikeuksia l\u00f6yt\u00e4\u00e4 sopiva koronavirustestausj\u00e4rjestelm\u00e4 ty\u00f6ntekij\u00f6illeen. Keskuslaboratorion PCR-testaus tarkoittaa v\u00e4ist\u00e4m\u00e4tt\u00e4 pitki\u00e4 viiv\u00e4styksi\u00e4 testitulosten saamisessa, eik\u00e4 pitk\u00e4 tulosaika vastaa tarpeisiin pit\u00e4\u00e4 tehtaat turvallisesti auki.<\/p>\n<p><img decoding=\"async\" src=\"https:\/\/www.arcdia.com\/wp-content\/uploads\/2024\/04\/company-fi-1024x577.png\" alt=\"\" width=\"1024\" height=\"577\" \/><\/p>\n<p>mariPOC-testeill\u00e4 voidaan toteuttaa tehokkaita testausstrategioita, jotka takaavat sek\u00e4 yrityksen sujuvan toiminnan ett\u00e4 ty\u00f6ntekij\u00f6iden terveyden. mariPOC-testit voidaan tehd\u00e4 yrityksen omissa tiloissa, mik\u00e4 mahdollistaa nopean tulosten saamisen.<\/p>\n<p>Olemme saaneet hyv\u00e4\u00e4 palautetta mariPOCin k\u00e4ytt\u00f6\u00f6notoista ty\u00f6terveystestauksessa esimerkiksi Keski-Euroopan tuotantolaitoksissa sek\u00e4 paperitehtaissa\u00a0<a href=\"https:\/\/www.upm.com\/\" target=\"_blank\" rel=\"noopener\">Etel\u00e4-Amerikassa<\/a>\u00a0ja\u00a0<a href=\"https:\/\/www.metsafibre.com\/fi\/media\/Erinomaisuus-ja-Innovaatiot\/Pages\/Saumatonta-yhteistyota-koronatartuntojen-ehkaisemiseksi.aspx\" target=\"_blank\" rel=\"noopener\">Suomessa<\/a>.<\/p>\n\t\t\t<a href=\"https:\/\/www.arcdia.com\/fi\/yhteystiedot#lomake\" target=\"_self\" rel=\"noopener\">\n\t\t\t\t\t\t\tHaluatko kuulla lis\u00e4\u00e4? Ota yhteytt\u00e4!\n\t\t\t\t\t<\/a>\n\n","protected":false},"excerpt":{"rendered":"<p>mariPOC\u00ae COVID-19-pikatestit mariPOC on tarkin saatavilla oleva koronaviruksen antigeenitesti pikatestaukseen. SARS-CoV-2-testi perustuu viruksen nukleoproteiinin tunnistukseen, ja tulokset saadaan nopeimmillaan 20 minuutissa ja viimeist\u00e4\u00e4n\u00a02 tunnin kuluessa. mariPOC-testit suoritetaan pienell\u00e4 automaattisella testij\u00e4rjestelm\u00e4ll\u00e4, mik\u00e4 mahdollistaa analyysin n\u00e4ytteenottopaikassa. mariPOC-testit tarjoavat koronaviruksen tunnistukseen parhaan tulostarkkuuden, loistavan herkkyyden ja eritt\u00e4in nopean menettelyn sek\u00e4 potilaille ett\u00e4 terveydenhuollon ammattilaisille. SARS-koronavirus 2 osoittaminen on [&hellip;]<\/p>\n","protected":false},"author":5,"featured_media":0,"parent":1588,"menu_order":1,"comment_status":"closed","ping_status":"closed","template":"","meta":{"_acf_changed":false,"footnotes":""},"class_list":["post-6050","page","type-page","status-publish","hentry"],"acf":[],"_links":{"self":[{"href":"https:\/\/www.arcdia.com\/fi\/wp-json\/wp\/v2\/pages\/6050","targetHints":{"allow":["GET"]}}],"collection":[{"href":"https:\/\/www.arcdia.com\/fi\/wp-json\/wp\/v2\/pages"}],"about":[{"href":"https:\/\/www.arcdia.com\/fi\/wp-json\/wp\/v2\/types\/page"}],"author":[{"embeddable":true,"href":"https:\/\/www.arcdia.com\/fi\/wp-json\/wp\/v2\/users\/5"}],"replies":[{"embeddable":true,"href":"https:\/\/www.arcdia.com\/fi\/wp-json\/wp\/v2\/comments?post=6050"}],"version-history":[{"count":49,"href":"https:\/\/www.arcdia.com\/fi\/wp-json\/wp\/v2\/pages\/6050\/revisions"}],"predecessor-version":[{"id":8998,"href":"https:\/\/www.arcdia.com\/fi\/wp-json\/wp\/v2\/pages\/6050\/revisions\/8998"}],"up":[{"embeddable":true,"href":"https:\/\/www.arcdia.com\/fi\/wp-json\/wp\/v2\/pages\/1588"}],"wp:attachment":[{"href":"https:\/\/www.arcdia.com\/fi\/wp-json\/wp\/v2\/media?parent=6050"}],"curies":[{"name":"wp","href":"https:\/\/api.w.org\/{rel}","templated":true}]}}