{"id":7027,"date":"2021-01-29T15:39:04","date_gmt":"2021-01-29T13:39:04","guid":{"rendered":"https:\/\/www.arcdia.com\/yritys\/mediapankki\/"},"modified":"2021-03-18T13:08:48","modified_gmt":"2021-03-18T11:08:48","slug":"mediapankki","status":"publish","type":"page","link":"https:\/\/www.arcdia.com\/fi\/mediapankki\/","title":{"rendered":"Mediapankki"},"content":{"rendered":"\n\n\t<h1>ArcDian mediapankki<\/h1>\n<p>Kuvapankin valikoima on tarkoitettu k\u00e4ytett\u00e4v\u00e4ksi ainoastaan ArcDia-aiheisissa yhteyksiss\u00e4. Julkaisuoikeutta ei voi siirt\u00e4\u00e4 eik\u00e4 myyd\u00e4 kolmansille osapuolille. Tekij\u00e4noikeus s\u00e4ilyy ArcDialla. ArcDia tulee mainita kuvan julkaisun yhteydess\u00e4. Kuvia ei saa manipuloida ilman ArcDia:n markkinoinnin lupaa. Lis\u00e4tietoja: marketing[at]arcdia.com<\/p>\n\n","protected":false},"excerpt":{"rendered":"<p>ArcDian mediapankki Kuvapankin valikoima on tarkoitettu k\u00e4ytett\u00e4v\u00e4ksi ainoastaan ArcDia-aiheisissa yhteyksiss\u00e4. Julkaisuoikeutta ei voi siirt\u00e4\u00e4 eik\u00e4 myyd\u00e4 kolmansille osapuolille. Tekij\u00e4noikeus s\u00e4ilyy ArcDialla. ArcDia tulee mainita kuvan julkaisun yhteydess\u00e4. Kuvia ei saa manipuloida ilman ArcDia:n markkinoinnin lupaa. Lis\u00e4tietoja: marketing[at]arcdia.com<\/p>\n","protected":false},"author":5,"featured_media":0,"parent":1485,"menu_order":7,"comment_status":"closed","ping_status":"closed","template":"","meta":{"_acf_changed":false,"footnotes":""},"class_list":["post-7027","page","type-page","status-publish","hentry"],"acf":[],"_links":{"self":[{"href":"https:\/\/www.arcdia.com\/fi\/wp-json\/wp\/v2\/pages\/7027","targetHints":{"allow":["GET"]}}],"collection":[{"href":"https:\/\/www.arcdia.com\/fi\/wp-json\/wp\/v2\/pages"}],"about":[{"href":"https:\/\/www.arcdia.com\/fi\/wp-json\/wp\/v2\/types\/page"}],"author":[{"embeddable":true,"href":"https:\/\/www.arcdia.com\/fi\/wp-json\/wp\/v2\/users\/5"}],"replies":[{"embeddable":true,"href":"https:\/\/www.arcdia.com\/fi\/wp-json\/wp\/v2\/comments?post=7027"}],"version-history":[{"count":5,"href":"https:\/\/www.arcdia.com\/fi\/wp-json\/wp\/v2\/pages\/7027\/revisions"}],"predecessor-version":[{"id":7457,"href":"https:\/\/www.arcdia.com\/fi\/wp-json\/wp\/v2\/pages\/7027\/revisions\/7457"}],"up":[{"embeddable":true,"href":"https:\/\/www.arcdia.com\/fi\/wp-json\/wp\/v2\/pages\/1485"}],"wp:attachment":[{"href":"https:\/\/www.arcdia.com\/fi\/wp-json\/wp\/v2\/media?parent=7027"}],"curies":[{"name":"wp","href":"https:\/\/api.w.org\/{rel}","templated":true}]}}