{"id":8932,"date":"2023-09-04T16:06:07","date_gmt":"2023-09-04T13:06:07","guid":{"rendered":"https:\/\/www.arcdia.com\/?page_id=8932"},"modified":"2025-08-22T09:47:44","modified_gmt":"2025-08-22T06:47:44","slug":"jakelijat-copy","status":"publish","type":"page","link":"https:\/\/www.arcdia.com\/fi\/osakeanti\/","title":{"rendered":"ArcDia Osakeanti &#8211; Nykyinen merkint\u00e4tilanne"},"content":{"rendered":"\r\n\r\n<h1>Osakemerkinn\u00e4n status<\/h1>\r\n\n<table id=\"tablepress-10\" class=\"tablepress tablepress-id-10\">\n<thead>\n<tr class=\"row-1\">\n\t<th class=\"column-1\">Osakemerkinn\u00e4n status<\/th><th class=\"column-2\">Merkint\u00e4sitoumusten lukum\u00e4\u00e4r\u00e4<\/th><th class=\"column-3\">Merkint\u00f6jen summa<\/th>\n<\/tr>\n<\/thead>\n<tbody class=\"row-striping row-hover\">\n<tr class=\"row-2\">\n\t<td class=\"column-1\">Merkint\u00e4 vastaanotettu<\/td><td class=\"column-2\">19<\/td><td class=\"column-3\">686 668,05 \u20ac<\/td>\n<\/tr>\n<tr class=\"row-3\">\n\t<td class=\"column-1\">Ei-sitova indikaatio vastaanotettu<\/td><td class=\"column-2\">1<\/td><td class=\"column-3\">20 000,00 \u20ac<\/td>\n<\/tr>\n<tr class=\"row-4\">\n\t<td class=\"column-1\">YHTEENS\u00c4<\/td><td class=\"column-2\">20<\/td><td class=\"column-3\">706 668,05 \u20ac<\/td>\n<\/tr>\n<\/tbody>\n<\/table>\n\r\n<p><style>\r\n.tablepress tbody td {<br \/>  border: 1px solid #ddd;<br \/>vertical-align: middle ;\r\n}<br \/><\/style><\/p>\r\n<h2>Osakeannin aikataulu<\/h2>\r\n<p>Osakeantiin osallistumista koskevat asiakirjat on palautettava allekirjoitettuina m\u00e4\u00e4r\u00e4aikaan menness\u00e4. Voit toimittaa ne s\u00e4hk\u00f6postitse osoitteeseen <a href=\"mailto:office@arcdia.com\" target=\"_new\" rel=\"noopener\">office@arcdia.com<\/a> tai postitse osoitteeseen ArcDia International Oy, Lemmink\u00e4isenkatu 32b, 20520 Turku. Voit my\u00f6s toimittaa t\u00e4ytetyn merkint\u00e4lomakkeen suoraan Yhti\u00f6n toimipisteeseen. Merkint\u00e4lomakkeen on oltava perill\u00e4 viimeist\u00e4\u00e4n 15.9.2023 klo 16:00 menness\u00e4.<\/p>\r\n","protected":false},"excerpt":{"rendered":"<p>Osakemerkinn\u00e4n status Osakeannin aikataulu Osakeantiin osallistumista koskevat asiakirjat on palautettava allekirjoitettuina m\u00e4\u00e4r\u00e4aikaan menness\u00e4. Voit toimittaa ne s\u00e4hk\u00f6postitse osoitteeseen office@arcdia.com tai postitse osoitteeseen ArcDia International Oy, Lemmink\u00e4isenkatu 32b, 20520 Turku. Voit my\u00f6s toimittaa t\u00e4ytetyn merkint\u00e4lomakkeen suoraan Yhti\u00f6n toimipisteeseen. Merkint\u00e4lomakkeen on oltava perill\u00e4 viimeist\u00e4\u00e4n 15.9.2023 klo 16:00 menness\u00e4.<\/p>\n","protected":false},"author":5,"featured_media":0,"parent":0,"menu_order":0,"comment_status":"closed","ping_status":"closed","template":"","meta":{"_acf_changed":false,"footnotes":""},"class_list":["post-8932","page","type-page","status-publish","hentry"],"acf":[],"_links":{"self":[{"href":"https:\/\/www.arcdia.com\/fi\/wp-json\/wp\/v2\/pages\/8932","targetHints":{"allow":["GET"]}}],"collection":[{"href":"https:\/\/www.arcdia.com\/fi\/wp-json\/wp\/v2\/pages"}],"about":[{"href":"https:\/\/www.arcdia.com\/fi\/wp-json\/wp\/v2\/types\/page"}],"author":[{"embeddable":true,"href":"https:\/\/www.arcdia.com\/fi\/wp-json\/wp\/v2\/users\/5"}],"replies":[{"embeddable":true,"href":"https:\/\/www.arcdia.com\/fi\/wp-json\/wp\/v2\/comments?post=8932"}],"version-history":[{"count":4,"href":"https:\/\/www.arcdia.com\/fi\/wp-json\/wp\/v2\/pages\/8932\/revisions"}],"predecessor-version":[{"id":9202,"href":"https:\/\/www.arcdia.com\/fi\/wp-json\/wp\/v2\/pages\/8932\/revisions\/9202"}],"wp:attachment":[{"href":"https:\/\/www.arcdia.com\/fi\/wp-json\/wp\/v2\/media?parent=8932"}],"curies":[{"name":"wp","href":"https:\/\/api.w.org\/{rel}","templated":true}]}}