{"id":9118,"date":"2025-03-05T16:01:10","date_gmt":"2025-03-05T14:01:10","guid":{"rendered":"https:\/\/www.arcdia.com\/?page_id=9118"},"modified":"2025-03-05T16:03:51","modified_gmt":"2025-03-05T14:03:51","slug":"yhteystiedot-copy","status":"publish","type":"page","link":"https:\/\/www.arcdia.com\/fi\/ilmoituskanava\/","title":{"rendered":"ArcDia ilmoituskanava"},"content":{"rendered":"\n\n\t\t\t\t<img decoding=\"async\" src=\"https:\/\/www.arcdia.com\/wp-content\/uploads\/2019\/02\/maripoc-banner-picture-with-kids-smiling.webp\" alt=\"\" itemprop=\"image\" onerror=\"this.style.display='none'\"  \/>\n\t\n<h1>\n\t\tArcDia ilmoituskanava\n\t<\/h1>\n\tArcDia on sitoutunut harjoittamaan liiketoimintaa korkeimpien <strong data-start=\"112\" data-end=\"131\">ESG-standardien<\/strong> mukaisesti. T\u00e4m\u00e4 edellytt\u00e4\u00e4 jatkuvaa kehitt\u00e4mist\u00e4 ja p\u00e4ivitt\u00e4isten liiketoimintak\u00e4yt\u00e4nt\u00f6jen valvontaa. Osana t\u00e4t\u00e4 sitoutumista pyyd\u00e4mme sidosryhmi\u00e4mme ilmoittamaan <strong data-start=\"296\" data-end=\"309\">ArcDialle<\/strong> t\u00e4m\u00e4n <strong data-start=\"316\" data-end=\"345\">anonyymin ilmoituskanavan<\/strong> kautta, mik\u00e4li ArcDiassa tai sen sis\u00e4isiss\u00e4 tai ulkoisissa toiminnoissa havaitaan v\u00e4\u00e4rink\u00e4yt\u00f6ksi\u00e4 tai ep\u00e4iltyj\u00e4 v\u00e4\u00e4rink\u00e4yt\u00f6ksi\u00e4.\nKiitos arvokkaasta panoksestasi!\n<em><strong data-start=\"517\" data-end=\"564\">\u00c4l\u00e4 sis\u00e4llyt\u00e4 arkaluonteisia henkil\u00f6tietoja<\/strong> ilmoitukseen, jos ne eiv\u00e4t ole tarpeellisia huolenaiheesi kuvaamiseksi. Et voi lukea viesti\u00e4si sen l\u00e4hett\u00e4misen j\u00e4lkeen. <strong data-start=\"686\" data-end=\"727\">Tallenna viesti turvalliseen paikkaan<\/strong>, jos tarvitset sit\u00e4 tulevaisuudessa.<\/em>\n\t        <div class=\"wbls-form-container wbls-embed-form\">\n            <form method=\"post\" class=\"wbls-form\" id=\"wbls-form-9116\" >\n                                <input type=\"hidden\" value=\"9116\" name=\"wbls_form_id\">\n                <input type=\"hidden\" value=\"wbls_front_ajax\" name=\"action\">\n                <input type=\"hidden\" value=\"wbls_submit_form\" name=\"task\">\n                <input type=\"hidden\" value=\"9116\" name=\"wbls_form_id\">\n                <input type=\"text\" value=\"\" name=\"wbls_security\" class=\"wbls-security\" required>\n                <div class=\"wblsform-page-and-images wbls-form-builder\"><div class=\"wblsform_section\"><div class=\"wblsform_column wbls-hidden\"><\/div><div class=\"wblsform_column\"><div class=\"wblsform-row wbls-label-top\" data-field-id=\"0\"><label class=\"wbls-field-label\">Mik&auml; on huolenaiheesi?<\/label><input class=\"wbls-field\" type=\"text\" name=\"wbls_field_0\" value=\"\"><p class=\"wbls-field-description\"><\/p>                    <\/div><\/div><div class=\"wblsform_column\"><div class=\"wblsform-row wbls-label-top\" data-field-id=\"1\"><label class=\"wbls-field-label\">Milloin t&auml;m&auml; tapahtui?<\/label><input class=\"wbls-field\" type=\"text\" name=\"wbls_field_1\" value=\"\"><p class=\"wbls-field-description\"><\/p>                    <\/div><\/div><div class=\"wblsform_column\"><div class=\"wblsform-row wbls-label-top\" data-field-id=\"2\"><label class=\"wbls-field-label\">Miss&auml; t&auml;m&auml; tapahtui?<\/label><input class=\"wbls-field\" type=\"text\" name=\"wbls_field_2\" value=\"\"><p class=\"wbls-field-description\"><\/p>                    <\/div><\/div><div class=\"wblsform_column\"><div class=\"wblsform-row wbls-label-top\" data-field-id=\"4\"><label class=\"wbls-field-label\">Tapauksen yksityiskohdat<\/label><textarea class=\"wbls-field\" name=\"wbls_field_4\"><\/textarea><p class=\"wbls-field-description\">Kuvaile, mit&auml; on tapahtunut ja miksi l&auml;het&auml;t t&auml;m&auml;n ilmoituksen. Jos haluat pysy&auml; anonyymin&auml;, varmista, ettet sis&auml;llyt&auml; ilmoitukseen tietoja, jotka voivat paljastaa henkil&ouml;llisyytesi.<\/p>                    <\/div><\/div><div class=\"wblsform_column\"><div class=\"wblsform-row wblsform-row-submit wbls-label-top wblsform-row-edit-active\" data-field-id=\"5\"><button class=\"wbls-submit-form\">L&auml;het&auml;<\/button>                <\/div><\/div><div class=\"wblsform_column wbls-hidden\"><\/div><\/div><\/div>\n            <\/form>\n        <\/div>\n        \n\n","protected":false},"excerpt":{"rendered":"<p>ArcDia ilmoituskanava ArcDia on sitoutunut harjoittamaan liiketoimintaa korkeimpien ESG-standardien mukaisesti. T\u00e4m\u00e4 edellytt\u00e4\u00e4 jatkuvaa kehitt\u00e4mist\u00e4 ja p\u00e4ivitt\u00e4isten liiketoimintak\u00e4yt\u00e4nt\u00f6jen valvontaa. Osana t\u00e4t\u00e4 sitoutumista pyyd\u00e4mme sidosryhmi\u00e4mme ilmoittamaan ArcDialle t\u00e4m\u00e4n anonyymin ilmoituskanavan kautta, mik\u00e4li ArcDiassa tai sen sis\u00e4isiss\u00e4 tai ulkoisissa toiminnoissa havaitaan v\u00e4\u00e4rink\u00e4yt\u00f6ksi\u00e4 tai ep\u00e4iltyj\u00e4 v\u00e4\u00e4rink\u00e4yt\u00f6ksi\u00e4. Kiitos arvokkaasta panoksestasi! \u00c4l\u00e4 sis\u00e4llyt\u00e4 arkaluonteisia henkil\u00f6tietoja ilmoitukseen, jos ne eiv\u00e4t ole tarpeellisia [&hellip;]<\/p>\n","protected":false},"author":5,"featured_media":0,"parent":0,"menu_order":0,"comment_status":"closed","ping_status":"closed","template":"","meta":{"_acf_changed":false,"footnotes":""},"class_list":["post-9118","page","type-page","status-publish","hentry"],"acf":[],"_links":{"self":[{"href":"https:\/\/www.arcdia.com\/fi\/wp-json\/wp\/v2\/pages\/9118","targetHints":{"allow":["GET"]}}],"collection":[{"href":"https:\/\/www.arcdia.com\/fi\/wp-json\/wp\/v2\/pages"}],"about":[{"href":"https:\/\/www.arcdia.com\/fi\/wp-json\/wp\/v2\/types\/page"}],"author":[{"embeddable":true,"href":"https:\/\/www.arcdia.com\/fi\/wp-json\/wp\/v2\/users\/5"}],"replies":[{"embeddable":true,"href":"https:\/\/www.arcdia.com\/fi\/wp-json\/wp\/v2\/comments?post=9118"}],"version-history":[{"count":3,"href":"https:\/\/www.arcdia.com\/fi\/wp-json\/wp\/v2\/pages\/9118\/revisions"}],"predecessor-version":[{"id":9122,"href":"https:\/\/www.arcdia.com\/fi\/wp-json\/wp\/v2\/pages\/9118\/revisions\/9122"}],"wp:attachment":[{"href":"https:\/\/www.arcdia.com\/fi\/wp-json\/wp\/v2\/media?parent=9118"}],"curies":[{"name":"wp","href":"https:\/\/api.w.org\/{rel}","templated":true}]}}